{"id":151324,"date":"2021-01-15T12:00:04","date_gmt":"2021-01-15T12:00:04","guid":{"rendered":"https:\/\/codengine3.ch\/?product=import-placeholder-for-206091"},"modified":"2021-12-01T15:47:35","modified_gmt":"2021-12-01T14:47:35","slug":"la-haute-route-dvd","status":"publish","type":"product","link":"https:\/\/pizbube.ch\/en\/shop\/la-haute-route-dvd\/","title":{"rendered":"La Haute Route DVD"},"content":{"rendered":"<p>Une aventure fascinante o\u00f9 Jean Troillet partage son amour de la montagne.<\/p>\n<p>Six jours de marche en altitude, 5 nuits dans des refuges surplombant les<br \/>\nglaciers, 5000 m\u00e8tres de d\u00e9nivel\u00e9 dans un univers immacul\u00e9 parmi les s\u00e9racs et<br \/>\nles plus beaux sommets des Alpes. La Haute Route qui relie Chamonix \u00e0 Zermatt<br \/>\nfascine.<br \/>\nPartir du pied du Mont-Blanc et arriver sous la face Nord du non moins c\u00e9l\u00e8bre<br \/>\nCervin, tous les randonneurs ont r\u00eav\u00e9 un jour de cet itin\u00e9taire mythique.<br \/>\nUn voyage inoubliable au coeur des Alpes!<br \/>\nBonus: Pr\u00e9sentation du mat\u00e9riel, ascension pas \u00e0 pas, la collection &#8218;Montagnes<br \/>\nde R\u00eave&#8216;<br \/>\nDVD 50 mins.<\/p>","protected":false},"excerpt":{"rendered":"<p>Une aventure fascinante o\u00f9 Jean Troillet partage son amour de la montagne. Six jours de marche en altitude, 5 nuits dans des refuges surplombant les glaciers, 5000 m\u00e8tres de d\u00e9nivel\u00e9 dans un univers immacul\u00e9 parmi les s\u00e9racs et les plus beaux sommets des Alpes. La Haute Route qui relie Chamonix \u00e0 Zermatt fascine. Partir du [&#8230;]\n","protected":false},"featured_media":35002,"template":"","meta":[],"product_brand":[],"product_cat":[21628],"product_tag":[],"class_list":{"0":"post-151324","1":"product","2":"type-product","3":"status-publish","4":"has-post-thumbnail","6":"product_cat-video-dvd-multimedia","7":"pa_autor-devrient","8":"pa_erscheinungsjahr-21776","9":"pa_region-schweiz","10":"pa_sprache-fr","12":"first","13":"outofstock","14":"taxable","15":"shipping-taxable","16":"purchasable","17":"product-type-simple"},"_links":{"self":[{"href":"https:\/\/pizbube.ch\/en\/wp-json\/wp\/v2\/product\/151324","targetHints":{"allow":["GET"]}}],"collection":[{"href":"https:\/\/pizbube.ch\/en\/wp-json\/wp\/v2\/product"}],"about":[{"href":"https:\/\/pizbube.ch\/en\/wp-json\/wp\/v2\/types\/product"}],"wp:featuredmedia":[{"embeddable":true,"href":"https:\/\/pizbube.ch\/en\/wp-json\/wp\/v2\/media\/35002"}],"wp:attachment":[{"href":"https:\/\/pizbube.ch\/en\/wp-json\/wp\/v2\/media?parent=151324"}],"wp:term":[{"taxonomy":"product_brand","embeddable":true,"href":"https:\/\/pizbube.ch\/en\/wp-json\/wp\/v2\/product_brand?post=151324"},{"taxonomy":"product_cat","embeddable":true,"href":"https:\/\/pizbube.ch\/en\/wp-json\/wp\/v2\/product_cat?post=151324"},{"taxonomy":"product_tag","embeddable":true,"href":"https:\/\/pizbube.ch\/en\/wp-json\/wp\/v2\/product_tag?post=151324"}],"curies":[{"name":"wp","href":"https:\/\/api.w.org\/{rel}","templated":true}]}}