{"id":151326,"date":"2021-01-15T12:00:04","date_gmt":"2021-01-15T12:00:04","guid":{"rendered":"https:\/\/codengine3.ch\/?product=import-placeholder-for-207366"},"modified":"2021-01-15T16:02:29","modified_gmt":"2021-01-15T16:02:29","slug":"haute-route-von-chamonix-nach-zermatt","status":"publish","type":"product","link":"https:\/\/pizbube.ch\/en\/shop\/haute-route-von-chamonix-nach-zermatt\/","title":{"rendered":"Haute Route &#8211; Von Chamonix nach Zermatt"},"content":{"rendered":"<p>\nHochtourenroute und Wanderroute<\/p>\n<p>Die Haute Route ist sozusagen der Urvater aller Alpen-Durchquerungen \u2013 und sie<br \/>\nhat auch nicht das Geringste an Attraktivit\u00e4t in den vergangenen 150 Jahren<br \/>\nverloren! Noch immer z\u00e4hlt es zu den eindr\u00fccklichsten Erlebnissen, auf einer<br \/>\nmehrt\u00e4gigen Tour durch hochalpines Gel\u00e4nde den Weg zwischen Chamonix und<br \/>\nZermatt mit eigener Kraft geschafft zu haben!<\/p>\n<p>In diesem Rother Wanderf\u00fchrer werden zwei Alternativen f\u00fcr diese Tour<br \/>\nvorgestellt: Da ist zum Einen die klassische alpine Route auf den Spuren der<br \/>\n\u00bbEntdecker\u00ab, den englischen Herrschaften aus der Zeit der Eroberung der<br \/>\nHochalpen. Diese zieht ohne gro\u00dfe technische Schwierigkeiten, aber \u00fcber hohe<br \/>\nGletscherp\u00e4sse an den gro\u00dfen Gipfeln vorbei vom Mont Blanc ins Wallis. F\u00fcr<br \/>\nhochalpin erfahrene Bergsteiger wird dar\u00fcber hinaus auch eine anspruchsvollere<br \/>\nVariante dieser Route am Grand Combin sowie zu einigen Gipfeln am Weg<br \/>\nbeschrieben.<\/p>\n<p>F\u00fcr alle, die nicht \u00fcber die Gletscher gehen wollen und daher auch mit weniger<br \/>\nalpiner Ausr\u00fcstung unterwegs sein k\u00f6nnen, wird eine Wander-Haute-Route<br \/>\nbeschrieben: Diese verbindet herrliche H\u00f6henwege mit ihren einzigartigen<br \/>\nPanoramen gegen\u00fcber den gro\u00dfen Gipfeln vom Mont Blanc \u00fcber Grand Combin,<br \/>\nWeisshorn und Dom bis schlie\u00dflich zum Matterhorn.<\/p>\n<p>Die beiden Autoren Marianne Bauer und Michael Waeber haben in diesem Rother<br \/>\nWanderf\u00fchrer erstmals in deutscher Sprache in kompakter Form die Haute Route<br \/>\nals Sommertour beschrieben. Aufgeteilt in die einzelnen Etappen werden alle<br \/>\nwichtigen Informationen zur Tour, \u00fcber alle H\u00fctten am Weg, \u00fcber die zu<br \/>\nerwartenden Schwierigkeiten und zum Routenverlauf mit H\u00f6henprofil und<br \/>\nKarteneintrag in \u00fcbersichtlicher Form dargestellt. Jeweils ein einf\u00fchrender<br \/>\nText und informative Fotos runden die Beschreibungen ab, so dass man sich auch<br \/>\nschon bei der Planung zu Hause eine sehr gute Vorstellung \u00fcber die Tour<br \/>\nverschaffen kann. GPS-Daten stehen zum Download bereit.<\/p>\n<p>1. Auflage 2015; 200 Seiten mit 131 Farbabbildungen, 46 H\u00f6henprofile, 36<br \/>\nWanderk\u00e4rtchen im Ma\u00dfstab 1:50.000, zwei \u00dcbersichtskarten  <\/p>","protected":false},"excerpt":{"rendered":"<ul>\n<li><a href=\"https:\/\/pizbube.ch\/wp-content\/uploads\/attachments\/a_024\/85658621A2C8C88C5D0F46759D64210E.pdf\" target=\"_blank\" rel=\"noopener\">PDF: inhaltsverzeichnis haute-route.pdf<\/a><\/li>\n<\/ul>","protected":false},"featured_media":37244,"template":"","meta":[],"product_brand":[],"product_cat":[21605],"product_tag":[],"class_list":{"0":"post-151326","1":"product","2":"type-product","3":"status-publish","4":"has-post-thumbnail","6":"product_cat-wanderfuehrer-trekking","7":"pa_autor-bauer","8":"pa_erscheinungsjahr-21597","9":"pa_region-schweiz","10":"pa_sprache-de","12":"first","13":"instock","14":"taxable","15":"shipping-taxable","16":"purchasable","17":"product-type-simple"},"_links":{"self":[{"href":"https:\/\/pizbube.ch\/en\/wp-json\/wp\/v2\/product\/151326","targetHints":{"allow":["GET"]}}],"collection":[{"href":"https:\/\/pizbube.ch\/en\/wp-json\/wp\/v2\/product"}],"about":[{"href":"https:\/\/pizbube.ch\/en\/wp-json\/wp\/v2\/types\/product"}],"wp:featuredmedia":[{"embeddable":true,"href":"https:\/\/pizbube.ch\/en\/wp-json\/wp\/v2\/media\/37244"}],"wp:attachment":[{"href":"https:\/\/pizbube.ch\/en\/wp-json\/wp\/v2\/media?parent=151326"}],"wp:term":[{"taxonomy":"product_brand","embeddable":true,"href":"https:\/\/pizbube.ch\/en\/wp-json\/wp\/v2\/product_brand?post=151326"},{"taxonomy":"product_cat","embeddable":true,"href":"https:\/\/pizbube.ch\/en\/wp-json\/wp\/v2\/product_cat?post=151326"},{"taxonomy":"product_tag","embeddable":true,"href":"https:\/\/pizbube.ch\/en\/wp-json\/wp\/v2\/product_tag?post=151326"}],"curies":[{"name":"wp","href":"https:\/\/api.w.org\/{rel}","templated":true}]}}