{"id":151327,"date":"2021-01-15T12:00:04","date_gmt":"2021-01-15T12:00:04","guid":{"rendered":"https:\/\/codengine3.ch\/?product=import-placeholder-for-206536"},"modified":"2024-05-04T14:13:37","modified_gmt":"2024-05-04T12:13:37","slug":"chamonix-zermatt-hiking-chamonix-zermatt-randonnee","status":"publish","type":"product","link":"https:\/\/pizbube.ch\/en\/shop\/chamonix-zermatt-hiking-chamonix-zermatt-randonnee\/","title":{"rendered":"Chamonix-Zermatt hiking &#8211; Chamonix-Zermatt randonn\u00e9e"},"content":{"rendered":"<p>Chamonix-Zermatt via the footpaths is now considered to be one of the most<br \/>\nbeautiful treks in the Alps. Less well-known than the glacial &#8218;High-level<br \/>\nRoute&#8216;, the hiking trail from Mont Blanc to the Matterhorn takes walkers<br \/>\nthrough forests and meadows, past turquoise lakes, over dramatic high passes,<br \/>\nand through unspoilt, traditional villages.<\/p>\n<p>The first ever guidebook to Chamonix-Zermatt via the footpaths includes:<br \/>\n14 clearly described stages,<br \/>\n3 combinations to suit different time constraints (14, 10 or 7 days),<br \/>\nPhoto-diagrams illustrating and explaining the route to be followed,<br \/>\nPanoramic photos naming the main summits and passes,<br \/>\nPractical information and advice on preparing your trek<\/p>\n<p>&nbsp;<\/p>\n<p>Le parcours Chamonix-Zermatt \u00e0 pied, du pied du Mont-Blanc au pied du Cervin,<br \/>\nsans passer sur les glaciers, donc accessible \u00e0 tout un chacun!<br \/>\nTextes en fran\u00e7ais &amp; anglais dans le m\u00eame ouvrage.<br \/>\nUne bonne id\u00e9e de cadeau ou de motivation pour partir \u00e0 la d\u00e9couverte de nos<br \/>\nalpes par les hauts sentiers de la haute-route!<\/p>","protected":false},"excerpt":{"rendered":"<p>Chamonix-Zermatt via the footpaths is now considered to be one of the most beautiful treks in the Alps. Less well-known than the glacial &#8218;High-level Route&#8216;, the hiking trail from Mont Blanc to the Matterhorn takes walkers through forests and meadows, past turquoise lakes, over dramatic high passes, and through unspoilt, traditional villages. The first ever [&#8230;]\n","protected":false},"featured_media":162852,"template":"","meta":[],"product_brand":[],"product_cat":[21605],"product_tag":[],"class_list":{"0":"post-151327","1":"product","2":"type-product","3":"status-publish","4":"has-post-thumbnail","6":"product_cat-wanderfuehrer-trekking","7":"pa_autor-cormier","8":"pa_erscheinungsjahr-21558","9":"pa_region-schweiz","10":"pa_sprache-e","11":"pa_sprache-f","13":"first","14":"onbackorder","15":"taxable","16":"shipping-taxable","17":"purchasable","18":"product-type-simple"},"_links":{"self":[{"href":"https:\/\/pizbube.ch\/en\/wp-json\/wp\/v2\/product\/151327","targetHints":{"allow":["GET"]}}],"collection":[{"href":"https:\/\/pizbube.ch\/en\/wp-json\/wp\/v2\/product"}],"about":[{"href":"https:\/\/pizbube.ch\/en\/wp-json\/wp\/v2\/types\/product"}],"wp:featuredmedia":[{"embeddable":true,"href":"https:\/\/pizbube.ch\/en\/wp-json\/wp\/v2\/media\/162852"}],"wp:attachment":[{"href":"https:\/\/pizbube.ch\/en\/wp-json\/wp\/v2\/media?parent=151327"}],"wp:term":[{"taxonomy":"product_brand","embeddable":true,"href":"https:\/\/pizbube.ch\/en\/wp-json\/wp\/v2\/product_brand?post=151327"},{"taxonomy":"product_cat","embeddable":true,"href":"https:\/\/pizbube.ch\/en\/wp-json\/wp\/v2\/product_cat?post=151327"},{"taxonomy":"product_tag","embeddable":true,"href":"https:\/\/pizbube.ch\/en\/wp-json\/wp\/v2\/product_tag?post=151327"}],"curies":[{"name":"wp","href":"https:\/\/api.w.org\/{rel}","templated":true}]}}