{"id":151328,"date":"2021-01-15T12:00:04","date_gmt":"2021-01-15T12:00:04","guid":{"rendered":"https:\/\/codengine3.ch\/?product=import-placeholder-for-207671"},"modified":"2021-01-15T16:05:50","modified_gmt":"2021-01-15T16:05:50","slug":"haute-route-chamonix-zermatt-randonnee-glaciaire-glacier-trek","status":"publish","type":"product","link":"https:\/\/pizbube.ch\/en\/shop\/haute-route-chamonix-zermatt-randonnee-glaciaire-glacier-trek\/","title":{"rendered":"Haute Route: Chamonix &#8211; Zermatt Randonn\u00e9e glaciaire \/ Glacier trek"},"content":{"rendered":"<p>Crossing the glaciers and high passes between Chamonix (F) and Zermatt (CH),<br \/>\nthis outstanding week-long expedition is a wonderful way to explore the<br \/>\nprestigious massifs of Mont Blanc and the Valais. Practicable from June to<br \/>\nOctober, the traverse between the two capitals of the Alps, staying in<br \/>\nmountain huts and hotels, is at the borderline between hiking and<br \/>\nmountaineering.  <\/p>\n<p>The first guide to include photo-diagrams for all the stages, this new book<br \/>\nprovides<br \/>\ndetailed descriptions of four logical combinations:<br \/>\n&#8211; Classic Haute Route: the standard route in 7 stages,<br \/>\n&#8211; Alpine Haute Route: with the ascent of the Pigne d\u2019Arolla, in 8 stages,<br \/>\n&#8211; Technical Haute Route: via the famous Plateau du Couloir, in 8 stages,<br \/>\n&#8211; Purist\u2019s Haute Route: with no motorised transfers, in 10 stages.  <\/p>\n<p>Including experts tips on preparation, strategy and gear, practical<br \/>\ninformation and an historical overview, the introductory sections will help<br \/>\nyou prepare for your trek without overlooking any important details. Each<br \/>\nstage is described in detail with a profile of the route, an outline map and<br \/>\nphoto-diagrams.<\/p>\n<p>Premier topo-guide avec trac\u00e9s sur photos de toutes les \u00e9tapes, ce nouvel<br \/>\nouvrage<br \/>\nd\u00e9crit minutieusement quatre combinaisons logiques :<br \/>\n&#8211; Haute Route classique : le parcours usuel combin\u00e9 en 7 \u00e9tapes,<br \/>\n&#8211; Haute Route alpine : avec l\u2019ascension du Pigne d\u2019Arolla, en 8 \u00e9tapes,<br \/>\n&#8211; Haute Route technique : par le fameux Plateau du Couloir, en 8 \u00e9tapes,<br \/>\n&#8211; Haute Route int\u00e9grale : sans liaison motoris\u00e9e, en 10 \u00e9tapes.  <\/p>\n<p>Avec ses nombreux conseils sur la pr\u00e9paration, le mat\u00e9riel, les renseignements<br \/>\npratiques et l\u2019histoire, l\u2019introduction permet de se pr\u00e9parer avec plaisir et<br \/>\ns\u00e9r\u00e9nit\u00e9. Chaque \u00e9tape est d\u00e9crite avec un profil de d\u00e9nivel\u00e9, une carte<br \/>\nsch\u00e9matis\u00e9e et les photos avec trac\u00e9s accompagn\u00e9es d\u2019un texte descriptif<br \/>\npr\u00e9cis.<\/p>","protected":false},"excerpt":{"rendered":"<p>Crossing the glaciers and high passes between Chamonix (F) and Zermatt (CH), this outstanding week-long expedition is a wonderful way to explore the prestigious massifs of Mont Blanc and the Valais. Practicable from June to October, the traverse between the two capitals of the Alps, staying in mountain huts and hotels, is at the borderline [&#8230;]\n","protected":false},"featured_media":38131,"template":"","meta":[],"product_brand":[],"product_cat":[21544],"product_tag":[],"class_list":{"0":"post-151328","1":"product","2":"type-product","3":"status-publish","4":"has-post-thumbnail","6":"product_cat-fuehrerliteratur-alpin-sommer","7":"pa_autor-matet","8":"pa_erscheinungsjahr-21568","9":"pa_region-schweiz","10":"pa_sprache-fr-en","12":"first","13":"instock","14":"taxable","15":"shipping-taxable","16":"purchasable","17":"product-type-simple"},"_links":{"self":[{"href":"https:\/\/pizbube.ch\/en\/wp-json\/wp\/v2\/product\/151328","targetHints":{"allow":["GET"]}}],"collection":[{"href":"https:\/\/pizbube.ch\/en\/wp-json\/wp\/v2\/product"}],"about":[{"href":"https:\/\/pizbube.ch\/en\/wp-json\/wp\/v2\/types\/product"}],"wp:featuredmedia":[{"embeddable":true,"href":"https:\/\/pizbube.ch\/en\/wp-json\/wp\/v2\/media\/38131"}],"wp:attachment":[{"href":"https:\/\/pizbube.ch\/en\/wp-json\/wp\/v2\/media?parent=151328"}],"wp:term":[{"taxonomy":"product_brand","embeddable":true,"href":"https:\/\/pizbube.ch\/en\/wp-json\/wp\/v2\/product_brand?post=151328"},{"taxonomy":"product_cat","embeddable":true,"href":"https:\/\/pizbube.ch\/en\/wp-json\/wp\/v2\/product_cat?post=151328"},{"taxonomy":"product_tag","embeddable":true,"href":"https:\/\/pizbube.ch\/en\/wp-json\/wp\/v2\/product_tag?post=151328"}],"curies":[{"name":"wp","href":"https:\/\/api.w.org\/{rel}","templated":true}]}}