{"id":151330,"date":"2021-01-15T12:00:10","date_gmt":"2021-01-15T12:00:10","guid":{"rendered":"https:\/\/codengine3.ch\/?product=import-placeholder-for-203755"},"modified":"2021-01-15T14:26:17","modified_gmt":"2021-01-15T14:26:17","slug":"im-banne-des-giganten-taschenbuchausgabe","status":"publish","type":"product","link":"https:\/\/pizbube.ch\/en\/shop\/im-banne-des-giganten-taschenbuchausgabe\/","title":{"rendered":"Im Banne des Giganten (Taschenbuchausgabe)"},"content":{"rendered":"<p>Der lange Weg zum Eiger.  <\/p>\n<p>Joe Simpsons alpinistische Karriere ist begleitet von haarstr\u00e4ubenden St\u00fcrzen<br \/>\nund wilden R\u00fcckz\u00fcgen. Doch den Bergen, die sein Leben ausmachen, zu entsagen,<br \/>\nf\u00e4llt ihm schwer. Noch ein letzter Gipfel, die Eiger-Nordwand, soll seine<br \/>\nBergsteiger- karriere beenden. Simpson liefert eine unvergleichliche<br \/>\nCharakterstudie derer, die den Giganten verfallen sind, und legt ihre<br \/>\ninnersten Beweggr\u00fcnde, sich immer wieder an der gewaltigen Natur und ihrer<br \/>\nMacht zu messen, offen. 22 farb, 15 s\/w. Taschenbuchausgabe<br \/>\n5. Auflg.  <\/p>","protected":false},"excerpt":{"rendered":"<p>Der lange Weg zum Eiger. Joe Simpsons alpinistische Karriere ist begleitet von haarstr\u00e4ubenden St\u00fcrzen und wilden R\u00fcckz\u00fcgen. Doch den Bergen, die sein Leben ausmachen, zu entsagen, f\u00e4llt ihm schwer. Noch ein letzter Gipfel, die Eiger-Nordwand, soll seine Bergsteiger- karriere beenden. Simpson liefert eine unvergleichliche Charakterstudie derer, die den Giganten verfallen sind, und legt ihre innersten [&#8230;]\n","protected":false},"featured_media":31430,"template":"","meta":[],"product_brand":[],"product_cat":[21629],"product_tag":[],"class_list":{"0":"post-151330","1":"product","2":"type-product","3":"status-publish","4":"has-post-thumbnail","6":"product_cat-belletristik","7":"pa_autor-simpson","8":"pa_erscheinungsjahr-21610","9":"pa_region-schweiz","10":"pa_sprache-de","12":"first","13":"outofstock","14":"taxable","15":"shipping-taxable","16":"purchasable","17":"product-type-simple"},"_links":{"self":[{"href":"https:\/\/pizbube.ch\/en\/wp-json\/wp\/v2\/product\/151330","targetHints":{"allow":["GET"]}}],"collection":[{"href":"https:\/\/pizbube.ch\/en\/wp-json\/wp\/v2\/product"}],"about":[{"href":"https:\/\/pizbube.ch\/en\/wp-json\/wp\/v2\/types\/product"}],"wp:featuredmedia":[{"embeddable":true,"href":"https:\/\/pizbube.ch\/en\/wp-json\/wp\/v2\/media\/31430"}],"wp:attachment":[{"href":"https:\/\/pizbube.ch\/en\/wp-json\/wp\/v2\/media?parent=151330"}],"wp:term":[{"taxonomy":"product_brand","embeddable":true,"href":"https:\/\/pizbube.ch\/en\/wp-json\/wp\/v2\/product_brand?post=151330"},{"taxonomy":"product_cat","embeddable":true,"href":"https:\/\/pizbube.ch\/en\/wp-json\/wp\/v2\/product_cat?post=151330"},{"taxonomy":"product_tag","embeddable":true,"href":"https:\/\/pizbube.ch\/en\/wp-json\/wp\/v2\/product_tag?post=151330"}],"curies":[{"name":"wp","href":"https:\/\/api.w.org\/{rel}","templated":true}]}}