{"id":151335,"date":"2021-01-15T12:00:10","date_gmt":"2021-01-15T12:00:10","guid":{"rendered":"https:\/\/codengine3.ch\/?product=import-placeholder-for-204991"},"modified":"2024-05-29T11:23:27","modified_gmt":"2024-05-29T09:23:27","slug":"kaerntner-seen","status":"publish","type":"product","link":"https:\/\/pizbube.ch\/en\/shop\/kaerntner-seen\/","title":{"rendered":"K\u00e4rntner Seen"},"content":{"rendered":"<p>\u00dcber 1200 Seen finden sich in K\u00e4rnten \u2013 was f\u00fcr eine stolze Summe! Ber\u00fchmtheiten geh\u00f6ren dazu wie der W\u00f6rthersee, der Faaker See, der Klopeiner See oder Millst\u00e4tter See. Aber gerade die unz\u00e4hligen kleineren Seen, die malerisch in der K\u00e4rntner Bergwelt liegen, begeistern \u2013 und stehlen den Gro\u00dfen mitunter sogar die Show. Der Rother Wanderf\u00fchrer \u00bbK\u00e4rntner Seen\u00ab stellt 60 herrliche Wanderungen um die Seen und auf die Berge in \u00d6sterreichs s\u00fcdlichstem Bundesland vor.<\/p>\n<p>Die Auswahl reicht von Spazierg\u00e4ngen bis zu Bergtouren und bietet f\u00fcr jeden etwas: Genusswanderer finden gem\u00fctliche See- und Mostland-Rundwanderungen, Familien mit Kindern erkunden Klammen und Sportlichere machen sich an die anspruchsvolleren Bergziele. Allein rund um die vier gr\u00f6\u00dften Seen \u2013 W\u00f6rthersee, Millst\u00e4tter See, Ossiacher See und Wei\u00dfensee \u2013 gibt es viele M\u00f6glichkeiten zum Wandern. Und dank des sonnenverw\u00f6hnten Klimas in K\u00e4rnten erreichen die Seen oftmals Badetemperatur \u2013 optimal, um eine Wanderung mit einem Sprung ins erfrischende Nass zu beschlie\u00dfen. Auch einige Zweitagestouren werden vorgestellt. Dazu geh\u00f6ren die Umrundungen von W\u00f6rthersee und Ossiacher See sowie die durchaus anspruchsvolle Besteigung des Rei\u00dfkofels, des h\u00f6chsten Berges der Gailtaler Alpen, zu dessen F\u00fc\u00dfen der Wei\u00dfensee liegt.<\/p>\n<p>Autor Helmut Lang aus Villach in K\u00e4rnten ist ein hervorragender Kenner der Bergwelt rund um die K\u00e4rntner Seen. Seine zuverl\u00e4ssigen Wegbeschreibungen in diesem Rother Wanderf\u00fchrer werden erg\u00e4nzt durch H\u00f6henprofile und detaillierte Wanderk\u00e4rtchen mit Routeneintrag. Gepr\u00fcfte GPS-Tracks, die zum Download bereitstehen, machen die Navigation unterwegs einfach. Viele Tipps zu Einkehr, Sehensw\u00fcrdigkeiten und nat\u00fcrlich zu Badepl\u00e4tzen machen diesen Rother Wanderf\u00fchrer zum idealen Begleiter rund um die K\u00e4rntner Seenwelt.<\/p>\n<p>F\u00fcr die zehnte Auflage wurde der Rother Wanderf\u00fchrer \u00bbK\u00e4rntner Seen\u00ab vollst\u00e4ndig neu bearbeitet und um zehn neue Touren erweitert.<br \/>\nKategorien: Wandern allgemein, K\u00e4rnten, Wandern, Rother Wanderf\u00fchrer<\/p>\n<p>60 Touren, 10. vollst\u00e4ndig neubearbeitete Auflage 2024<\/p>","protected":false},"excerpt":{"rendered":"<p>\u00dcber 1200 Seen finden sich in K\u00e4rnten \u2013 was f\u00fcr eine stolze Summe! Ber\u00fchmtheiten geh\u00f6ren dazu wie der W\u00f6rthersee, der Faaker See, der Klopeiner See oder Millst\u00e4tter See. Aber gerade die unz\u00e4hligen kleineren Seen, die malerisch in der K\u00e4rntner Bergwelt liegen, begeistern \u2013 und stehlen den Gro\u00dfen mitunter sogar die Show. Der Rother Wanderf\u00fchrer \u00bbK\u00e4rntner [&#8230;]\n","protected":false},"featured_media":173169,"template":"","meta":[],"product_brand":[],"product_cat":[21605],"product_tag":[],"class_list":{"0":"post-151335","1":"product","2":"type-product","3":"status-publish","4":"has-post-thumbnail","6":"product_cat-wanderfuehrer-trekking","7":"pa_autor-lang","8":"pa_erscheinungsjahr-27339","9":"pa_region-oesterreich","10":"pa_sprache-de","12":"first","13":"instock","14":"taxable","15":"shipping-taxable","16":"purchasable","17":"product-type-simple"},"_links":{"self":[{"href":"https:\/\/pizbube.ch\/en\/wp-json\/wp\/v2\/product\/151335","targetHints":{"allow":["GET"]}}],"collection":[{"href":"https:\/\/pizbube.ch\/en\/wp-json\/wp\/v2\/product"}],"about":[{"href":"https:\/\/pizbube.ch\/en\/wp-json\/wp\/v2\/types\/product"}],"wp:featuredmedia":[{"embeddable":true,"href":"https:\/\/pizbube.ch\/en\/wp-json\/wp\/v2\/media\/173169"}],"wp:attachment":[{"href":"https:\/\/pizbube.ch\/en\/wp-json\/wp\/v2\/media?parent=151335"}],"wp:term":[{"taxonomy":"product_brand","embeddable":true,"href":"https:\/\/pizbube.ch\/en\/wp-json\/wp\/v2\/product_brand?post=151335"},{"taxonomy":"product_cat","embeddable":true,"href":"https:\/\/pizbube.ch\/en\/wp-json\/wp\/v2\/product_cat?post=151335"},{"taxonomy":"product_tag","embeddable":true,"href":"https:\/\/pizbube.ch\/en\/wp-json\/wp\/v2\/product_tag?post=151335"}],"curies":[{"name":"wp","href":"https:\/\/api.w.org\/{rel}","templated":true}]}}