{"id":151336,"date":"2021-01-15T12:00:11","date_gmt":"2021-01-15T12:00:11","guid":{"rendered":"https:\/\/codengine3.ch\/?product=import-placeholder-for-204936"},"modified":"2025-07-26T11:56:13","modified_gmt":"2025-07-26T09:56:13","slug":"kletterfuehrer-grazer-bergland","status":"publish","type":"product","link":"https:\/\/pizbube.ch\/en\/shop\/kletterfuehrer-grazer-bergland\/","title":{"rendered":"Kletterf\u00fchrer GRAZER BERGLAND"},"content":{"rendered":"<p>Gesamtf\u00fchrer \u00fcber eines der sch\u00f6nsten Klettergebiete \u00d6sterreichs! Vom Klettergarten bis zu traumhaften Mehrseill\u00e4ngenrouten im Genuss- und Sportkletterbereich ist alles dabei \u2013 und alles am aktuellsten Stand !<br \/>\nDas Grazer Bergland z\u00e4hlt zu den lieblichsten und sch\u00f6nsten Klettergebieten \u00d6sterreichs mit fast mediterranem Charakter.<\/p>\n<p>Mehrseill\u00e4ngenrouten, Klassiker, Plaisir- und Sportklettern, Kletterg\u00e4rten, viele neue Kletterrouten<\/p>\n<p>Gebiete: Hochlantsch, Rannerwand, Arena, Burgstall, Kolosseum, Waldwandl, Weisse Wand, Weissenstein, Brunntal, &#171;Biwakplatzl&#187;, Nadelspitz, Rampenwulst, R\u00f6thelstein, Ratengrat, Breite Wand, SO-Sporn, Rote Wand, Kugelstein, Lurgrotte, Huatluck&#8217;n, Hasenstein, Peggauer Wand, Rapunzelwandl, Pfaffenkogel, Zigeunerloch, Weinz\u00f6dl, Weizklamm, Koralpe, Bad Gams, Rettenwand, Fischerwand, u.a.<\/p>\n<p>Komplett \u00fcberarbeitete, aktualisierte und stark erweiterte Neuauflage.<br \/>\nMit vielen neuen Genuss- und Sportkletterrouten!<br \/>\nTopinfo zu jeder Kletterroute, pr\u00e4zise Farb-Topos, viele Action- und Wandfotos, Historie, usw.<\/p>\n<p>Mit einzigartigen Flugaufnahmen einiger W\u00e4nde!<br \/>\nJede Route wurde von mind. einem der kompetenten Autoren und Mitarbeiter selbst geklettert und recherchiert um einen m\u00f6glichst hohen Verl\u00e4sslichkeitsgrad zu erreichen.<br \/>\nDas neue Basis- und Standardwerk f\u00fcr eines der sch\u00f6nsten Klettergebiete \u00d6sterreichs!<\/p>\n<p>3. Aufl. 2021, 464 (!) Seiten, ca. 1.000 Fotos u. Abbildungen. Buchformat mit stabiler Fadenheftung.<\/p>","protected":false},"excerpt":{"rendered":"<p>Gesamtf\u00fchrer \u00fcber eines der sch\u00f6nsten Klettergebiete \u00d6sterreichs! Vom Klettergarten bis zu traumhaften Mehrseill\u00e4ngenrouten im Genuss- und Sportkletterbereich ist alles dabei \u2013 und alles am aktuellsten Stand ! Das Grazer Bergland z\u00e4hlt zu den lieblichsten und sch\u00f6nsten Klettergebieten \u00d6sterreichs mit fast mediterranem Charakter. Mehrseill\u00e4ngenrouten, Klassiker, Plaisir- und Sportklettern, Kletterg\u00e4rten, viele neue Kletterrouten Gebiete: Hochlantsch, Rannerwand, Arena, [&#8230;]\n","protected":false},"featured_media":157106,"template":"","meta":[],"product_brand":[],"product_cat":[21539],"product_tag":[],"class_list":{"0":"post-151336","1":"product","2":"type-product","3":"status-publish","4":"has-post-thumbnail","6":"product_cat-fuehrerliteratur-sportklettern-bouldern","7":"pa_autor-grabner-schall-hohensinner","8":"pa_erscheinungsjahr-25440","9":"pa_region-oesterreich","10":"pa_sprache-de","12":"first","13":"onbackorder","14":"taxable","15":"shipping-taxable","16":"purchasable","17":"product-type-simple"},"_links":{"self":[{"href":"https:\/\/pizbube.ch\/en\/wp-json\/wp\/v2\/product\/151336","targetHints":{"allow":["GET"]}}],"collection":[{"href":"https:\/\/pizbube.ch\/en\/wp-json\/wp\/v2\/product"}],"about":[{"href":"https:\/\/pizbube.ch\/en\/wp-json\/wp\/v2\/types\/product"}],"wp:featuredmedia":[{"embeddable":true,"href":"https:\/\/pizbube.ch\/en\/wp-json\/wp\/v2\/media\/157106"}],"wp:attachment":[{"href":"https:\/\/pizbube.ch\/en\/wp-json\/wp\/v2\/media?parent=151336"}],"wp:term":[{"taxonomy":"product_brand","embeddable":true,"href":"https:\/\/pizbube.ch\/en\/wp-json\/wp\/v2\/product_brand?post=151336"},{"taxonomy":"product_cat","embeddable":true,"href":"https:\/\/pizbube.ch\/en\/wp-json\/wp\/v2\/product_cat?post=151336"},{"taxonomy":"product_tag","embeddable":true,"href":"https:\/\/pizbube.ch\/en\/wp-json\/wp\/v2\/product_tag?post=151336"}],"curies":[{"name":"wp","href":"https:\/\/api.w.org\/{rel}","templated":true}]}}