{"id":151337,"date":"2021-01-15T12:00:11","date_gmt":"2021-01-15T12:00:11","guid":{"rendered":"https:\/\/codengine3.ch\/?product=import-placeholder-for-206640"},"modified":"2021-01-15T14:50:28","modified_gmt":"2021-01-15T14:50:28","slug":"klettern-in-den-lienzer-dolomiten","status":"publish","type":"product","link":"https:\/\/pizbube.ch\/en\/shop\/klettern-in-den-lienzer-dolomiten\/","title":{"rendered":"Klettern in den Lienzer Dolomiten"},"content":{"rendered":"<p>Auswahlf\u00fchrer von Sportkletterg\u00e4rten und Alpinklettertouren in den Lienzer<br \/>\nDolomiten mit detaillierten Topozeichnungen, Beschreibungen und Farb-<br \/>\nKletterfotos.  <\/p>\n<p>Die Kletterg\u00e4rten der Region bieten \u00fcber 450 Sportkletterrouten aller<br \/>\nSchwierigkeitsgrade, die alle in Topozeichnungen der einzelnen Sektoren<br \/>\nverzeichnet sind.<br \/>\nDie Alpinklettertouren in den Felsw\u00e4nden der gro\u00dfen Kletterberge wie Roter<br \/>\nTurm, Gro\u00dfe und Kleine Laserzwand, Kleine Gamswiesenspitze, T\u00f6rlspitz,<br \/>\nSimonskopf, Teplitzer Spitze, Seekofel und dem Hochstadel mit der<br \/>\ndritth\u00f6chsten Nordwand der Ostalpen sind mit Topozeichnungen, \u00dcbersichtsfotos,<br \/>\nausf\u00fchrlichen Routeninformationen sowie teilweise mit atemberaubenden<br \/>\nKletterfotos beschrieben bzw. erkl\u00e4rt.<br \/>\n76 Seiten, 15 x 23 cm, allseitig 4-farbig  <\/p>","protected":false},"excerpt":{"rendered":"<p>Auswahlf\u00fchrer von Sportkletterg\u00e4rten und Alpinklettertouren in den Lienzer Dolomiten mit detaillierten Topozeichnungen, Beschreibungen und Farb- Kletterfotos. Die Kletterg\u00e4rten der Region bieten \u00fcber 450 Sportkletterrouten aller Schwierigkeitsgrade, die alle in Topozeichnungen der einzelnen Sektoren verzeichnet sind. Die Alpinklettertouren in den Felsw\u00e4nden der gro\u00dfen Kletterberge wie Roter Turm, Gro\u00dfe und Kleine Laserzwand, Kleine Gamswiesenspitze, T\u00f6rlspitz, Simonskopf, Teplitzer [&#8230;]\n","protected":false},"featured_media":35741,"template":"","meta":[],"product_brand":[],"product_cat":[21539],"product_tag":[],"class_list":{"0":"post-151337","1":"product","2":"type-product","3":"status-publish","4":"has-post-thumbnail","6":"product_cat-fuehrerliteratur-sportklettern-bouldern","7":"pa_autor-zloebl","8":"pa_erscheinungsjahr-21610","9":"pa_region-oesterreich","10":"pa_sprache-de","12":"first","13":"instock","14":"taxable","15":"shipping-taxable","16":"purchasable","17":"product-type-simple"},"_links":{"self":[{"href":"https:\/\/pizbube.ch\/en\/wp-json\/wp\/v2\/product\/151337","targetHints":{"allow":["GET"]}}],"collection":[{"href":"https:\/\/pizbube.ch\/en\/wp-json\/wp\/v2\/product"}],"about":[{"href":"https:\/\/pizbube.ch\/en\/wp-json\/wp\/v2\/types\/product"}],"wp:featuredmedia":[{"embeddable":true,"href":"https:\/\/pizbube.ch\/en\/wp-json\/wp\/v2\/media\/35741"}],"wp:attachment":[{"href":"https:\/\/pizbube.ch\/en\/wp-json\/wp\/v2\/media?parent=151337"}],"wp:term":[{"taxonomy":"product_brand","embeddable":true,"href":"https:\/\/pizbube.ch\/en\/wp-json\/wp\/v2\/product_brand?post=151337"},{"taxonomy":"product_cat","embeddable":true,"href":"https:\/\/pizbube.ch\/en\/wp-json\/wp\/v2\/product_cat?post=151337"},{"taxonomy":"product_tag","embeddable":true,"href":"https:\/\/pizbube.ch\/en\/wp-json\/wp\/v2\/product_tag?post=151337"}],"curies":[{"name":"wp","href":"https:\/\/api.w.org\/{rel}","templated":true}]}}