{"id":151338,"date":"2021-01-15T12:00:11","date_gmt":"2021-01-15T12:00:11","guid":{"rendered":"https:\/\/codengine3.ch\/?product=import-placeholder-for-201865"},"modified":"2021-01-15T12:31:24","modified_gmt":"2021-01-15T12:31:24","slug":"klettern-am-kanzianiberg","status":"publish","type":"product","link":"https:\/\/pizbube.ch\/en\/shop\/klettern-am-kanzianiberg\/","title":{"rendered":"Klettern am Kanzianiberg"},"content":{"rendered":"<p>500 Sportkletterrouten, Boulder und Topropeklettereien in einem der sch\u00f6nsten<br \/>\nKletterg\u00e4rten \u00d6sterreichs!  <\/p>\n<p>8. aktualisierte Auflage mit \u00fcber 500 kletterbaren Wegen<br \/>\n(Sportkletterrouten, Klettersteige und Boulder)  <\/p>\n<p>8a edizione con circa 500 vie arrampicabili: vie d&#8217;arrampicata<br \/>\nsportiva fino a quattro tiri, boulder, ferrate (de\/it\/uk).  <\/p>\n<p>8th edition with approximately 500 climbable routes: sportclimbs<br \/>\nup to four lengths, boulders, climbing tracks (de\/it\/uk).<\/p>","protected":false},"excerpt":{"rendered":"<p>500 Sportkletterrouten, Boulder und Topropeklettereien in einem der sch\u00f6nsten Kletterg\u00e4rten \u00d6sterreichs! 8. aktualisierte Auflage mit \u00fcber 500 kletterbaren Wegen (Sportkletterrouten, Klettersteige und Boulder) 8a edizione con circa 500 vie arrampicabili: vie d&#8217;arrampicata sportiva fino a quattro tiri, boulder, ferrate (de\/it\/uk). 8th edition with approximately 500 climbable routes: sportclimbs up to four lengths, boulders, climbing tracks [&#8230;]\n","protected":false},"featured_media":29253,"template":"","meta":[],"product_brand":[],"product_cat":[21539],"product_tag":[],"class_list":{"0":"post-151338","1":"product","2":"type-product","3":"status-publish","4":"has-post-thumbnail","6":"product_cat-fuehrerliteratur-sportklettern-bouldern","7":"pa_autor-neumann","8":"pa_erscheinungsjahr-21571","9":"pa_region-oesterreich","10":"pa_sprache-de","12":"first","13":"instock","14":"taxable","15":"shipping-taxable","16":"purchasable","17":"product-type-simple"},"_links":{"self":[{"href":"https:\/\/pizbube.ch\/en\/wp-json\/wp\/v2\/product\/151338","targetHints":{"allow":["GET"]}}],"collection":[{"href":"https:\/\/pizbube.ch\/en\/wp-json\/wp\/v2\/product"}],"about":[{"href":"https:\/\/pizbube.ch\/en\/wp-json\/wp\/v2\/types\/product"}],"wp:featuredmedia":[{"embeddable":true,"href":"https:\/\/pizbube.ch\/en\/wp-json\/wp\/v2\/media\/29253"}],"wp:attachment":[{"href":"https:\/\/pizbube.ch\/en\/wp-json\/wp\/v2\/media?parent=151338"}],"wp:term":[{"taxonomy":"product_brand","embeddable":true,"href":"https:\/\/pizbube.ch\/en\/wp-json\/wp\/v2\/product_brand?post=151338"},{"taxonomy":"product_cat","embeddable":true,"href":"https:\/\/pizbube.ch\/en\/wp-json\/wp\/v2\/product_cat?post=151338"},{"taxonomy":"product_tag","embeddable":true,"href":"https:\/\/pizbube.ch\/en\/wp-json\/wp\/v2\/product_tag?post=151338"}],"curies":[{"name":"wp","href":"https:\/\/api.w.org\/{rel}","templated":true}]}}