{"id":151339,"date":"2021-01-15T12:00:11","date_gmt":"2021-01-15T12:00:11","guid":{"rendered":"https:\/\/codengine3.ch\/?product=import-placeholder-for-201282"},"modified":"2021-01-15T12:00:14","modified_gmt":"2021-01-15T12:00:14","slug":"handbuch-der-trekking-und-expeditionsmedizin","status":"publish","type":"product","link":"https:\/\/pizbube.ch\/en\/shop\/handbuch-der-trekking-und-expeditionsmedizin\/","title":{"rendered":"Handbuch der Trekking- und Expeditionsmedizin"},"content":{"rendered":"<p>Praxis der H\u00f6henanpassung- Therapie der H\u00f6henkrankheit. Dieses auf den<br \/>\nneuesten Wissensstand gebrachte h\u00f6henmedizinische Handbuch beinhaltet bereits<br \/>\nin 7. Auflage die offiziellen Empfehlungen der \u00d6sterreichischen Gesellschaft<br \/>\nf\u00fcr Alpinmedizin und der Deutschen Gesellschaft f\u00fcr Berg- und<br \/>\nExpeditionsmedizin.  <\/p>\n<p>Es beschreibt f\u00fcr \u00c4rzte ebenso wie f\u00fcr Laien in praxisnaher Form die richtige<br \/>\nVorbereitung, die optimale H\u00f6hentaktik, die gesundheitliche Ausr\u00fcstung und die<br \/>\noft lebensrettenden Sofortma\u00dfnahmen. Ein unverzichtbares, im deutschen<br \/>\nSprachraum einmaliges Buch f\u00fcr H\u00f6hentouristen, Trekker und Bergsteiger.<\/p>\n<p>Jeder Alpinist wei\u00df um Akklimatisationsproblematik. Zu rasch in zu gro\u00dfe H\u00f6hen<br \/>\naufzusteigen, kann zu lebensbedrohlichen Zust\u00e4nden f\u00fchren. Immer wieder<br \/>\nbeweisen t\u00f6dliche Bergunf\u00e4lle, dass die Kenntnisse vieler Alpinisten<br \/>\nmangelhaft sind. Das &#8218;Handbuch der Trekking- und Expeditionsmedizin&#8216; schlie\u00dft<br \/>\ndiese Wissensl\u00fccke.<\/p>\n<p>Die 7. Auflage wurde von Dr. Franz Berghold und Dr. Wolfgang Schaffert<br \/>\naktualisiert und erweitert. Die beiden Autoren, gleicherma\u00dfen engagierte<br \/>\nBergsteiger, Forscher und \u00c4rzte, beschreiben detailliert und auch f\u00fcr den<br \/>\nmedizinischen Laien verst\u00e4ndlich die richtige Vorbereitung, die beste<br \/>\nH\u00f6hentaktik, die zweckm\u00e4\u00dfige Ausr\u00fcstung und die oft lebensrettenden<br \/>\nHilfema\u00dfnahmen im Notfall.<\/p>\n<p>Das Handbuch fasst den aktuellen Wissensstand \u00fcber Vorbeugung und Therapie der<br \/>\nH\u00f6henkrankheit zusammen. Die vorliegende Fassung wurde gr\u00f6sstenteils auch f\u00fcr<br \/>\nmedizinische Laien verst\u00e4ndlich gemacht.<\/p>\n<p>135 Seiten, 7. Auflage 2009<\/p>","protected":false},"excerpt":{"rendered":"<ul>\n<li><b>INFO: Neuauflage unbestimmt<b><\/li>\n<\/ul>","protected":false},"featured_media":39029,"template":"","meta":[],"product_brand":[],"product_cat":[21538],"product_tag":[],"class_list":{"0":"post-151339","1":"product","2":"type-product","3":"status-publish","4":"has-post-thumbnail","6":"product_cat-lehrbuecher","7":"pa_autor-berghold-schaffert","8":"pa_erscheinungsjahr-21693","9":"pa_region-medizin-recht","10":"pa_sprache-de","12":"first","13":"outofstock","14":"taxable","15":"shipping-taxable","16":"purchasable","17":"product-type-simple"},"_links":{"self":[{"href":"https:\/\/pizbube.ch\/en\/wp-json\/wp\/v2\/product\/151339","targetHints":{"allow":["GET"]}}],"collection":[{"href":"https:\/\/pizbube.ch\/en\/wp-json\/wp\/v2\/product"}],"about":[{"href":"https:\/\/pizbube.ch\/en\/wp-json\/wp\/v2\/types\/product"}],"wp:featuredmedia":[{"embeddable":true,"href":"https:\/\/pizbube.ch\/en\/wp-json\/wp\/v2\/media\/39029"}],"wp:attachment":[{"href":"https:\/\/pizbube.ch\/en\/wp-json\/wp\/v2\/media?parent=151339"}],"wp:term":[{"taxonomy":"product_brand","embeddable":true,"href":"https:\/\/pizbube.ch\/en\/wp-json\/wp\/v2\/product_brand?post=151339"},{"taxonomy":"product_cat","embeddable":true,"href":"https:\/\/pizbube.ch\/en\/wp-json\/wp\/v2\/product_cat?post=151339"},{"taxonomy":"product_tag","embeddable":true,"href":"https:\/\/pizbube.ch\/en\/wp-json\/wp\/v2\/product_tag?post=151339"}],"curies":[{"name":"wp","href":"https:\/\/api.w.org\/{rel}","templated":true}]}}