{"id":151340,"date":"2021-01-15T12:00:11","date_gmt":"2021-01-15T12:00:11","guid":{"rendered":"https:\/\/codengine3.ch\/?product=import-placeholder-for-203012"},"modified":"2021-01-15T12:53:17","modified_gmt":"2021-01-15T12:53:17","slug":"jahrbuch-2002","status":"publish","type":"product","link":"https:\/\/pizbube.ch\/en\/shop\/jahrbuch-2002\/","title":{"rendered":"Jahrbuch 2002"},"content":{"rendered":"<p>Hauptthema: Bergrettung, Traumatologie und Notfallmedizin, Alpine<br \/>\nSportmedizin, H\u00f6hentraining<br \/>\nFreie Themen: Sicherheitsausr\u00fcstungen f\u00fcr Skitoureng\u00e4nger, Reisetrombose<\/p>","protected":false},"excerpt":{"rendered":"<p>Hauptthema: Bergrettung, Traumatologie und Notfallmedizin, Alpine Sportmedizin, H\u00f6hentraining Freie Themen: Sicherheitsausr\u00fcstungen f\u00fcr Skitoureng\u00e4nger, Reisetrombose<\/p>","protected":false},"featured_media":30518,"template":"","meta":[],"product_brand":[],"product_cat":[21542],"product_tag":[],"class_list":{"0":"post-151340","1":"product","2":"type-product","3":"status-publish","4":"has-post-thumbnail","6":"product_cat-sachbuecher-dokumentationen","7":"pa_autor-oesterreichische-gesellschaft-fuer-alpin-und-hoehenmedizin","8":"pa_erscheinungsjahr-22144","9":"pa_region-medizin-recht","10":"pa_sprache-de","12":"first","13":"instock","14":"taxable","15":"shipping-taxable","16":"purchasable","17":"product-type-simple"},"_links":{"self":[{"href":"https:\/\/pizbube.ch\/en\/wp-json\/wp\/v2\/product\/151340","targetHints":{"allow":["GET"]}}],"collection":[{"href":"https:\/\/pizbube.ch\/en\/wp-json\/wp\/v2\/product"}],"about":[{"href":"https:\/\/pizbube.ch\/en\/wp-json\/wp\/v2\/types\/product"}],"wp:featuredmedia":[{"embeddable":true,"href":"https:\/\/pizbube.ch\/en\/wp-json\/wp\/v2\/media\/30518"}],"wp:attachment":[{"href":"https:\/\/pizbube.ch\/en\/wp-json\/wp\/v2\/media?parent=151340"}],"wp:term":[{"taxonomy":"product_brand","embeddable":true,"href":"https:\/\/pizbube.ch\/en\/wp-json\/wp\/v2\/product_brand?post=151340"},{"taxonomy":"product_cat","embeddable":true,"href":"https:\/\/pizbube.ch\/en\/wp-json\/wp\/v2\/product_cat?post=151340"},{"taxonomy":"product_tag","embeddable":true,"href":"https:\/\/pizbube.ch\/en\/wp-json\/wp\/v2\/product_tag?post=151340"}],"curies":[{"name":"wp","href":"https:\/\/api.w.org\/{rel}","templated":true}]}}