{"id":151341,"date":"2021-01-15T12:00:11","date_gmt":"2021-01-15T12:00:11","guid":{"rendered":"https:\/\/codengine3.ch\/?product=import-placeholder-for-203072"},"modified":"2021-01-15T12:53:50","modified_gmt":"2021-01-15T12:53:50","slug":"aufstieg-in-die-todeszone","status":"publish","type":"product","link":"https:\/\/pizbube.ch\/en\/shop\/aufstieg-in-die-todeszone\/","title":{"rendered":"Aufstieg in die Todeszone"},"content":{"rendered":"<p>Einmal auf einem Achttausender zu stehen, ist f\u00fcr viele Bergsteiger ein Traum.<br \/>\nKlaus Mees hat sich diesen Traum mit der Besteigung des Cho Oyu erf\u00fcllt.<br \/>\nAls H\u00f6henmediziner kann er seine Leidenschaft mit seinem Beruf verbinden und<br \/>\nbegleitet inzwischen regelm\u00e4ssig Expeditionen auf die hohen Berge dieser Welt.<br \/>\nIm vorliegenden Buch beschreibt er neben seinen abenteuerlichen und auch<br \/>\ngef\u00e4hrlichen Erlebnissen die f\u00fcr das H\u00f6henbergsteigen wesentlichen<br \/>\nmedizinischen Aspekte und gibt einen Einblick in die aktuelle Forschung der<br \/>\nH\u00f6henmedizin. Aus dem Tagebuch eines Expeditionsarztes. s\/w. Fotos. 224 S.  <\/p>","protected":false},"excerpt":{"rendered":"<p>Einmal auf einem Achttausender zu stehen, ist f\u00fcr viele Bergsteiger ein Traum. Klaus Mees hat sich diesen Traum mit der Besteigung des Cho Oyu erf\u00fcllt. Als H\u00f6henmediziner kann er seine Leidenschaft mit seinem Beruf verbinden und begleitet inzwischen regelm\u00e4ssig Expeditionen auf die hohen Berge dieser Welt. Im vorliegenden Buch beschreibt er neben seinen abenteuerlichen und [&#8230;]\n","protected":false},"featured_media":30594,"template":"","meta":[],"product_brand":[],"product_cat":[21542],"product_tag":[],"class_list":{"0":"post-151341","1":"product","2":"type-product","3":"status-publish","4":"has-post-thumbnail","6":"product_cat-sachbuecher-dokumentationen","7":"pa_autor-mees","8":"pa_erscheinungsjahr-22292","9":"pa_region-deutschland","10":"pa_sprache-de","12":"first","13":"outofstock","14":"taxable","15":"shipping-taxable","16":"purchasable","17":"product-type-simple"},"_links":{"self":[{"href":"https:\/\/pizbube.ch\/en\/wp-json\/wp\/v2\/product\/151341","targetHints":{"allow":["GET"]}}],"collection":[{"href":"https:\/\/pizbube.ch\/en\/wp-json\/wp\/v2\/product"}],"about":[{"href":"https:\/\/pizbube.ch\/en\/wp-json\/wp\/v2\/types\/product"}],"wp:featuredmedia":[{"embeddable":true,"href":"https:\/\/pizbube.ch\/en\/wp-json\/wp\/v2\/media\/30594"}],"wp:attachment":[{"href":"https:\/\/pizbube.ch\/en\/wp-json\/wp\/v2\/media?parent=151341"}],"wp:term":[{"taxonomy":"product_brand","embeddable":true,"href":"https:\/\/pizbube.ch\/en\/wp-json\/wp\/v2\/product_brand?post=151341"},{"taxonomy":"product_cat","embeddable":true,"href":"https:\/\/pizbube.ch\/en\/wp-json\/wp\/v2\/product_cat?post=151341"},{"taxonomy":"product_tag","embeddable":true,"href":"https:\/\/pizbube.ch\/en\/wp-json\/wp\/v2\/product_tag?post=151341"}],"curies":[{"name":"wp","href":"https:\/\/api.w.org\/{rel}","templated":true}]}}