{"id":151342,"date":"2021-01-15T12:00:11","date_gmt":"2021-01-15T12:00:11","guid":{"rendered":"https:\/\/codengine3.ch\/?product=import-placeholder-for-204096"},"modified":"2024-10-10T08:32:29","modified_gmt":"2024-10-10T06:32:29","slug":"forschung-in-eisigen-hoehen-dvd","status":"publish","type":"product","link":"https:\/\/pizbube.ch\/en\/shop\/forschung-in-eisigen-hoehen-dvd\/","title":{"rendered":"Forschung in eisigen H\u00f6hen DVD"},"content":{"rendered":"<p>64 Probanden, \u00c4rzte und Bergf\u00fchrer aus der Schweiz sowie zehn K\u00f6che und 19<br \/>\nTr\u00e4ger machten sich anfangs Juni 2005 auf zu einer besonderen Expedition. Sie<br \/>\nwollten mit Skis den 7546 Meter hohen Muztagh Ata in Westchina besteigen. Das<br \/>\n\u00c4rzteteam untersuchte seine Pro-banden bis auf eine H\u00f6he von 6800 Metern.<br \/>\nGeforscht wurde an Augen, Lungen, Nerven und Blut. Doch die H\u00f6he zehrte sowohl<br \/>\nan der Gesundheit der \u00c4rzte als auch der Probanden: Schnee und Krankheiten<br \/>\nzwangen die Forscher zu Programm\u00e4nderungen. K\u00e4lte, Hitze und Wind belasteten<br \/>\ndie Alpinisten. Zudem schlug die von allen gef\u00fcrchtete H\u00f6henkrankheit auch in<br \/>\nden Reihen der Expedition zu. In eindr\u00fccklichen Bildern, begleitet DOK die<br \/>\n\u00c4rzte und Probanden bei ihren Forschungen und bei ihrem m\u00fchsamen Aufstieg bis<br \/>\nauf den 7546 Meter hohen Gipfel. Phantastische Bilder zeigen die abgehobene<br \/>\nWelt von Eis und Schnee weit \u00fcber der W\u00fcste und belegen die unglaubliche<br \/>\nSch\u00f6nheit des Muztagh Ata. Im ersten Film stehen die Reise, die Forschung am<br \/>\nBerg sowie die beiden Expeditionsleiter Tobias Merz und Urs Hefti im<br \/>\nVordergrund, im zweiten Film dann der Sturm auf den Gipfel und was darauf<br \/>\nfolgte: Forschungsresultate, welche in dieser Form noch nie erfasst worden<br \/>\nsind und neue Schlussfolgerungen zum Thema H\u00f6henkrankheit zulassen. DVD 110<br \/>\nmin.<\/p>","protected":false},"excerpt":{"rendered":"<p>64 Probanden, \u00c4rzte und Bergf\u00fchrer aus der Schweiz sowie zehn K\u00f6che und 19 Tr\u00e4ger machten sich anfangs Juni 2005 auf zu einer besonderen Expedition. Sie wollten mit Skis den 7546 Meter hohen Muztagh Ata in Westchina besteigen. Das \u00c4rzteteam untersuchte seine Pro-banden bis auf eine H\u00f6he von 6800 Metern. Geforscht wurde an Augen, Lungen, Nerven [&#8230;]\n","protected":false},"featured_media":31847,"template":"","meta":[],"product_brand":[],"product_cat":[21628],"product_tag":[],"class_list":{"0":"post-151342","1":"product","2":"type-product","3":"status-publish","4":"has-post-thumbnail","6":"product_cat-video-dvd-multimedia","7":"pa_autor-senn-honegger","8":"pa_erscheinungsjahr-21776","9":"pa_region-asien","10":"pa_sprache-de","12":"first","13":"outofstock","14":"taxable","15":"shipping-taxable","16":"purchasable","17":"product-type-simple"},"_links":{"self":[{"href":"https:\/\/pizbube.ch\/en\/wp-json\/wp\/v2\/product\/151342","targetHints":{"allow":["GET"]}}],"collection":[{"href":"https:\/\/pizbube.ch\/en\/wp-json\/wp\/v2\/product"}],"about":[{"href":"https:\/\/pizbube.ch\/en\/wp-json\/wp\/v2\/types\/product"}],"wp:featuredmedia":[{"embeddable":true,"href":"https:\/\/pizbube.ch\/en\/wp-json\/wp\/v2\/media\/31847"}],"wp:attachment":[{"href":"https:\/\/pizbube.ch\/en\/wp-json\/wp\/v2\/media?parent=151342"}],"wp:term":[{"taxonomy":"product_brand","embeddable":true,"href":"https:\/\/pizbube.ch\/en\/wp-json\/wp\/v2\/product_brand?post=151342"},{"taxonomy":"product_cat","embeddable":true,"href":"https:\/\/pizbube.ch\/en\/wp-json\/wp\/v2\/product_cat?post=151342"},{"taxonomy":"product_tag","embeddable":true,"href":"https:\/\/pizbube.ch\/en\/wp-json\/wp\/v2\/product_tag?post=151342"}],"curies":[{"name":"wp","href":"https:\/\/api.w.org\/{rel}","templated":true}]}}