{"id":151343,"date":"2021-01-15T12:00:11","date_gmt":"2021-01-15T12:00:11","guid":{"rendered":"https:\/\/codengine3.ch\/?product=import-placeholder-for-205875"},"modified":"2021-01-15T14:44:38","modified_gmt":"2021-01-15T14:44:38","slug":"moderne-berg-und-hoehenmedizin","status":"publish","type":"product","link":"https:\/\/pizbube.ch\/en\/shop\/moderne-berg-und-hoehenmedizin\/","title":{"rendered":"Moderne Berg- und H\u00f6henmedizin"},"content":{"rendered":"<p>Handbuch f\u00fcr Ausbilder, Bergsteiger, \u00c4rzte.  <\/p>\n<p>Moderne Berg- und H\u00f6henmedizin erscheint vor dem Hintergrund einer dynamischen<br \/>\nEntwicklung des Bergsports weltweit in allen seinen Varianten. Allein in<br \/>\nMitteleuropa suchen j\u00e4hrlich etwa 40 Mio. Menschen hoch gelegene Orte zu<br \/>\nunterschiedlichsten Zwecken auf. Dazu spiegelt sich eine<br \/>\ngesamtgesellschaftliche Entwicklung: Immer mehr immer \u00e4ltere Menschen &#8211; ein<br \/>\nTeil von ihnen mit diversen Vorerkrankungen &#8211; suchen Hochlagen auf und sind<br \/>\ndort oben zum Teil sehr aktiv. All&#8216; dies findet in einer Umgebung statt, in<br \/>\nder aufgrund der Abgelegenheit und Entfernungen nicht sofort und manchmal gar<br \/>\nnicht mit organisierter Hilfe zu rechnen ist. Moderne Berg- und H\u00f6henmedizin<br \/>\nvermittelt aktuelles h\u00f6henmedizinisches und alpinistisches Faktenwissen und<br \/>\ndessen Anwendung. F\u00fcr Ausbilder, Bergsteiger und alpinmedizinisch<br \/>\ninteressierte \u00c4rzte ist dieses Wissen unerl\u00e4sslich. Professionelle Ausbilder,<br \/>\nBergf\u00fchrer und \u00c4rzte m\u00fcssen sich st\u00e4ndig fortbilden. Das Buch vermittelt die<br \/>\naktuellen Grundlagen zu praktisch allen Disziplinen des Bergsportes und<br \/>\nau\u00dferdem f\u00fcr praktisch alle potentiellen Risikogruppen (z.B. Kinder, \u00e4ltere<br \/>\nMenschen, Schwangere).  <\/p>\n<p>Detailliert werden auch die Faktoren systematisch erarbeitet, die f\u00fcr eine<br \/>\numfassende und spezifische alpin- und sportmedizinische Beratung notwendig<br \/>\nsind. Moderne Berg- und H\u00f6henmedizin ist ein methodisch ausgefeiltes<br \/>\nStandardwerk. Die Inhalte sind fachlich professionell f\u00fcr den qualifizierten<br \/>\nLeser aufbereitet. Die durchgehende Visualisierung &#8211; Tabellen, Fotos,<br \/>\nGrafiken, Abbildungen und Flussdiagramme &#8211; erfolgt im Farbdruck und<br \/>\nunterst\u00fctzt die methodische Systematik. F\u00fcr den Nutzer ist das Wissen damit<br \/>\n\u00fcbersichtlich geordnet und gew\u00e4hrleistet den schnellen Zugriff auf<br \/>\nZusammenh\u00e4nge und Details. Moderne Berg- und H\u00f6henmedizin ist weltweit das<br \/>\neinzige Buch, dass umfassend die Berg- und H\u00f6henmedizin darstellt.<br \/>\n150 Abbildungen. 751 S.; aktualisierter Nachdruck 2011  <\/p>","protected":false},"excerpt":{"rendered":"<p>Handbuch f\u00fcr Ausbilder, Bergsteiger, \u00c4rzte. Moderne Berg- und H\u00f6henmedizin erscheint vor dem Hintergrund einer dynamischen Entwicklung des Bergsports weltweit in allen seinen Varianten. Allein in Mitteleuropa suchen j\u00e4hrlich etwa 40 Mio. Menschen hoch gelegene Orte zu unterschiedlichsten Zwecken auf. Dazu spiegelt sich eine gesamtgesellschaftliche Entwicklung: Immer mehr immer \u00e4ltere Menschen &#8211; ein Teil von ihnen [&#8230;]\n","protected":false},"featured_media":34720,"template":"","meta":[],"product_brand":[],"product_cat":[21538],"product_tag":[],"class_list":{"0":"post-151343","1":"product","2":"type-product","3":"status-publish","4":"has-post-thumbnail","6":"product_cat-lehrbuecher","7":"pa_autor-ebel-kuepper-gieseler","8":"pa_erscheinungsjahr-21610","9":"pa_region-medizin-recht","10":"pa_sprache-de","12":"first","13":"instock","14":"taxable","15":"shipping-taxable","16":"purchasable","17":"product-type-simple"},"_links":{"self":[{"href":"https:\/\/pizbube.ch\/en\/wp-json\/wp\/v2\/product\/151343","targetHints":{"allow":["GET"]}}],"collection":[{"href":"https:\/\/pizbube.ch\/en\/wp-json\/wp\/v2\/product"}],"about":[{"href":"https:\/\/pizbube.ch\/en\/wp-json\/wp\/v2\/types\/product"}],"wp:featuredmedia":[{"embeddable":true,"href":"https:\/\/pizbube.ch\/en\/wp-json\/wp\/v2\/media\/34720"}],"wp:attachment":[{"href":"https:\/\/pizbube.ch\/en\/wp-json\/wp\/v2\/media?parent=151343"}],"wp:term":[{"taxonomy":"product_brand","embeddable":true,"href":"https:\/\/pizbube.ch\/en\/wp-json\/wp\/v2\/product_brand?post=151343"},{"taxonomy":"product_cat","embeddable":true,"href":"https:\/\/pizbube.ch\/en\/wp-json\/wp\/v2\/product_cat?post=151343"},{"taxonomy":"product_tag","embeddable":true,"href":"https:\/\/pizbube.ch\/en\/wp-json\/wp\/v2\/product_tag?post=151343"}],"curies":[{"name":"wp","href":"https:\/\/api.w.org\/{rel}","templated":true}]}}