{"id":151344,"date":"2021-01-15T12:00:11","date_gmt":"2021-01-15T12:00:11","guid":{"rendered":"https:\/\/codengine3.ch\/?product=import-placeholder-for-201937"},"modified":"2021-01-15T12:31:58","modified_gmt":"2021-01-15T12:31:58","slug":"hoehenakklimatisation-und-hoehenmedizin","status":"publish","type":"product","link":"https:\/\/pizbube.ch\/en\/shop\/hoehenakklimatisation-und-hoehenmedizin\/","title":{"rendered":"H\u00f6henakklimatisation und H\u00f6henmedizin"},"content":{"rendered":"<p>Aktuelles und benutzerfreundliches Lehrbuch \u00fcber alles Wissenswerte zur<br \/>\nH\u00f6henmedizin: Abenteuerreisen in gro\u00dfe und extreme H\u00f6hen werden weltweit von<br \/>\nimmer mehr Reisenden unternommen, dies zumeist im Rahmen des organisierten<br \/>\n(Fern-) Reisetourismus. Die hierbei f\u00fcr Gesundheit und Leben gegebenen<br \/>\nGefahren werden fast immer untersch\u00e4tzt. Damit Sie Ihre Patienten vor<br \/>\nReiseantritt medizinisch optimal beraten k\u00f6nnen, unterrichtet Sie dieses Buch<br \/>\n\u00fcber die Eignungskriterien f\u00fcr das H\u00f6henbergsteigen, \u00fcber die Mechanismen der<br \/>\nH\u00f6henakklimatisation sowie \u00fcber die Prophylaxe, Diagnose- und<br \/>\nTherapiem\u00f6glichkeiten der akuten H\u00f6henkrankheit.<\/p>","protected":false},"excerpt":{"rendered":"<p>Aktuelles und benutzerfreundliches Lehrbuch \u00fcber alles Wissenswerte zur H\u00f6henmedizin: Abenteuerreisen in gro\u00dfe und extreme H\u00f6hen werden weltweit von immer mehr Reisenden unternommen, dies zumeist im Rahmen des organisierten (Fern-) Reisetourismus. Die hierbei f\u00fcr Gesundheit und Leben gegebenen Gefahren werden fast immer untersch\u00e4tzt. Damit Sie Ihre Patienten vor Reiseantritt medizinisch optimal beraten k\u00f6nnen, unterrichtet Sie dieses [&#8230;]\n","protected":false},"featured_media":29319,"template":"","meta":[],"product_brand":[],"product_cat":[21538],"product_tag":[],"class_list":{"0":"post-151344","1":"product","2":"type-product","3":"status-publish","4":"has-post-thumbnail","6":"product_cat-lehrbuecher","7":"pa_autor-berghold-schaffert-2","8":"pa_erscheinungsjahr-22133","9":"pa_region-medizin-recht","10":"pa_sprache-de","12":"first","13":"outofstock","14":"taxable","15":"shipping-taxable","16":"purchasable","17":"product-type-simple"},"_links":{"self":[{"href":"https:\/\/pizbube.ch\/en\/wp-json\/wp\/v2\/product\/151344","targetHints":{"allow":["GET"]}}],"collection":[{"href":"https:\/\/pizbube.ch\/en\/wp-json\/wp\/v2\/product"}],"about":[{"href":"https:\/\/pizbube.ch\/en\/wp-json\/wp\/v2\/types\/product"}],"wp:featuredmedia":[{"embeddable":true,"href":"https:\/\/pizbube.ch\/en\/wp-json\/wp\/v2\/media\/29319"}],"wp:attachment":[{"href":"https:\/\/pizbube.ch\/en\/wp-json\/wp\/v2\/media?parent=151344"}],"wp:term":[{"taxonomy":"product_brand","embeddable":true,"href":"https:\/\/pizbube.ch\/en\/wp-json\/wp\/v2\/product_brand?post=151344"},{"taxonomy":"product_cat","embeddable":true,"href":"https:\/\/pizbube.ch\/en\/wp-json\/wp\/v2\/product_cat?post=151344"},{"taxonomy":"product_tag","embeddable":true,"href":"https:\/\/pizbube.ch\/en\/wp-json\/wp\/v2\/product_tag?post=151344"}],"curies":[{"name":"wp","href":"https:\/\/api.w.org\/{rel}","templated":true}]}}