{"id":151345,"date":"2021-01-15T12:00:11","date_gmt":"2021-01-15T12:00:11","guid":{"rendered":"https:\/\/codengine3.ch\/?product=import-placeholder-for-203776"},"modified":"2021-01-15T14:26:27","modified_gmt":"2021-01-15T14:26:27","slug":"hoehenanpassung","status":"publish","type":"product","link":"https:\/\/pizbube.ch\/en\/shop\/hoehenanpassung\/","title":{"rendered":"H\u00f6henanpassung"},"content":{"rendered":"<p>Ob Sie eine Hochtour in den Alpen, die Besteigung des Kilimanjaro oder eine<br \/>\nExpedition im Himalaya planen, ohne Anpassung an die d\u00fcnne H\u00f6henluft lassen<br \/>\nsich solche Ziele nicht verwirklichen. Denn bereits ab 2500 m drohen bei<br \/>\nfalscher H\u00f6hentaktik H\u00f6henkrankheiten, auch solche, die t\u00f6dlich sind. Dieses<br \/>\npraktische Taschenbuch h\u00e4lt alle wichtigen Infos, Trainingsmethoden, Tipps und<br \/>\nTricks zur optimalen H\u00f6henanpassung sowie Checklisten und weiterf\u00fchrende<br \/>\nAdressen bereit.<\/p>","protected":false},"excerpt":{"rendered":"<p>Ob Sie eine Hochtour in den Alpen, die Besteigung des Kilimanjaro oder eine Expedition im Himalaya planen, ohne Anpassung an die d\u00fcnne H\u00f6henluft lassen sich solche Ziele nicht verwirklichen. Denn bereits ab 2500 m drohen bei falscher H\u00f6hentaktik H\u00f6henkrankheiten, auch solche, die t\u00f6dlich sind. Dieses praktische Taschenbuch h\u00e4lt alle wichtigen Infos, Trainingsmethoden, Tipps und Tricks [&#8230;]\n","protected":false},"featured_media":31453,"template":"","meta":[],"product_brand":[],"product_cat":[21538],"product_tag":[],"class_list":{"0":"post-151345","1":"product","2":"type-product","3":"status-publish","4":"has-post-thumbnail","6":"product_cat-lehrbuecher","7":"pa_autor-mees","8":"pa_erscheinungsjahr-21776","9":"pa_region-medizin-recht","10":"pa_sprache-de","12":"first","13":"outofstock","14":"taxable","15":"shipping-taxable","16":"purchasable","17":"product-type-simple"},"_links":{"self":[{"href":"https:\/\/pizbube.ch\/en\/wp-json\/wp\/v2\/product\/151345","targetHints":{"allow":["GET"]}}],"collection":[{"href":"https:\/\/pizbube.ch\/en\/wp-json\/wp\/v2\/product"}],"about":[{"href":"https:\/\/pizbube.ch\/en\/wp-json\/wp\/v2\/types\/product"}],"wp:featuredmedia":[{"embeddable":true,"href":"https:\/\/pizbube.ch\/en\/wp-json\/wp\/v2\/media\/31453"}],"wp:attachment":[{"href":"https:\/\/pizbube.ch\/en\/wp-json\/wp\/v2\/media?parent=151345"}],"wp:term":[{"taxonomy":"product_brand","embeddable":true,"href":"https:\/\/pizbube.ch\/en\/wp-json\/wp\/v2\/product_brand?post=151345"},{"taxonomy":"product_cat","embeddable":true,"href":"https:\/\/pizbube.ch\/en\/wp-json\/wp\/v2\/product_cat?post=151345"},{"taxonomy":"product_tag","embeddable":true,"href":"https:\/\/pizbube.ch\/en\/wp-json\/wp\/v2\/product_tag?post=151345"}],"curies":[{"name":"wp","href":"https:\/\/api.w.org\/{rel}","templated":true}]}}