{"id":151348,"date":"2021-01-15T12:00:11","date_gmt":"2021-01-15T12:00:11","guid":{"rendered":"https:\/\/codengine3.ch\/?product=import-placeholder-for-205549"},"modified":"2021-01-15T14:42:06","modified_gmt":"2021-01-15T14:42:06","slug":"sehnsucht-nach-den-bergen","status":"publish","type":"product","link":"https:\/\/pizbube.ch\/en\/shop\/sehnsucht-nach-den-bergen\/","title":{"rendered":"Sehnsucht nach den Bergen"},"content":{"rendered":"<p>Schriftstellerinnen im Gebirge.  <\/p>\n<p>Einige, wie Annemarie Schwarzenbach und Elfriede Jelinek, lebten und leben in<br \/>\noder umgeben von bergigen und h\u00fcgeligen Landschaften. Andere f\u00fchlen sich<br \/>\nleidenschaftlich von den H\u00f6hen und Tiefen angezogen und erz\u00e4hlen vom Rausch,<br \/>\nwie George Sand. Berge erscheinen als Ort der Bedrohung und der Trauer, des<br \/>\nLoslassens und der Ruhe, der Tr\u00e4umerei und Sehnsucht, der Emanzipation und<br \/>\nRegenerierung.  <\/p>\n<p>Orte f\u00fcr innere Reisen.Gedichte, Erz\u00e4hlungen, H\u00f6rspiele und Reiseberichte f\u00fcr<br \/>\nLiteraturbegeisterte, Reiselustige und Freiheitsliebende von Bettina von<br \/>\nArnim, Hilde Domin, Annette von Droste-H\u00fclshoff, Ingeborg Drewitz, Julia<br \/>\nFranck, Natalia Ginzburg, Eveline Hasler, Ricarda Huch, Elfriede Jelinek,<br \/>\nBirgit Kempker, Ella Maillart, Vita Sackville-West, Annemarie Schwarzenbach,<br \/>\nMary Shelley, Marina Zwetajewa u.a.<br \/>\nDeutsch. s\/w. Fotos. 188 S.<\/p>","protected":false},"excerpt":{"rendered":"<p>Schriftstellerinnen im Gebirge. Einige, wie Annemarie Schwarzenbach und Elfriede Jelinek, lebten und leben in oder umgeben von bergigen und h\u00fcgeligen Landschaften. Andere f\u00fchlen sich leidenschaftlich von den H\u00f6hen und Tiefen angezogen und erz\u00e4hlen vom Rausch, wie George Sand. Berge erscheinen als Ort der Bedrohung und der Trauer, des Loslassens und der Ruhe, der Tr\u00e4umerei und [&#8230;]\n","protected":false},"featured_media":34294,"template":"","meta":[],"product_brand":[],"product_cat":[21542],"product_tag":[],"class_list":{"0":"post-151348","1":"product","2":"type-product","3":"status-publish","4":"has-post-thumbnail","6":"product_cat-sachbuecher-dokumentationen","7":"pa_autor-herve","8":"pa_erscheinungsjahr-21591","9":"pa_region-deutschland","10":"pa_sprache-de","12":"first","13":"instock","14":"taxable","15":"shipping-taxable","16":"purchasable","17":"product-type-simple"},"_links":{"self":[{"href":"https:\/\/pizbube.ch\/en\/wp-json\/wp\/v2\/product\/151348","targetHints":{"allow":["GET"]}}],"collection":[{"href":"https:\/\/pizbube.ch\/en\/wp-json\/wp\/v2\/product"}],"about":[{"href":"https:\/\/pizbube.ch\/en\/wp-json\/wp\/v2\/types\/product"}],"wp:featuredmedia":[{"embeddable":true,"href":"https:\/\/pizbube.ch\/en\/wp-json\/wp\/v2\/media\/34294"}],"wp:attachment":[{"href":"https:\/\/pizbube.ch\/en\/wp-json\/wp\/v2\/media?parent=151348"}],"wp:term":[{"taxonomy":"product_brand","embeddable":true,"href":"https:\/\/pizbube.ch\/en\/wp-json\/wp\/v2\/product_brand?post=151348"},{"taxonomy":"product_cat","embeddable":true,"href":"https:\/\/pizbube.ch\/en\/wp-json\/wp\/v2\/product_cat?post=151348"},{"taxonomy":"product_tag","embeddable":true,"href":"https:\/\/pizbube.ch\/en\/wp-json\/wp\/v2\/product_tag?post=151348"}],"curies":[{"name":"wp","href":"https:\/\/api.w.org\/{rel}","templated":true}]}}