{"id":151350,"date":"2021-01-15T12:00:11","date_gmt":"2021-01-15T12:00:11","guid":{"rendered":"https:\/\/codengine3.ch\/?product=import-placeholder-for-203059"},"modified":"2022-09-02T18:05:22","modified_gmt":"2022-09-02T16:05:22","slug":"elizabeth-main-alpinistin-fotografin-schriftstellerin","status":"publish","type":"product","link":"https:\/\/pizbube.ch\/en\/shop\/elizabeth-main-alpinistin-fotografin-schriftstellerin\/","title":{"rendered":"Elizabeth Main Alpinistin &#8211; Fotografin &#8211; Schriftstellerin"},"content":{"rendered":"<p>Der Fotoapparat ist ihr st\u00e4ndiger Begleiter. Ihre Bilder &#8211; sie haben fast<br \/>\nausschliesslich die neu entdeckte Alpenwelt und die fr\u00fchen Wintersportarten<br \/>\nzum Thema &#8211; erregen Aufsehen und illustrieren bald wichtige B\u00fccher \u00fcber die<br \/>\nBergwelt. Bei ihrem ersten Besuch im Engadin in Pontresina &#8211; sp\u00e4ter steigt sie<br \/>\nim Hotel Kulm in St.Moritz ab &#8211; verliebt sie sich auf Anhieb in diese<br \/>\neinmalige Landschaft und bleibt ihr \u00fcber zwanzig Jahre lang treu. Sie besucht<br \/>\nGiovanni Segantini und lichtet ihn auf dem Schwarzeis des Silsersees ab. Als<br \/>\nPromotorin des Wintersports engagiert sie sich im Komitee f\u00fcr den Cresta Run,<br \/>\nschiesst davon die ersten spektakul\u00e4ren Fotos, besteht als erste Frau den<br \/>\nSkating-M\u00e4nnertest auf dem Eis, organisiert daneben Hilfsfonds f\u00fcr weniger<br \/>\nbemittelte G\u00e4ste und: Sie dreht die ersten Filme im Engadin.<\/p>\n<p>Ein Teil ihrer Fotografien kam 1994 ins Kulturarchiv Oberengadin nach Samedan.<br \/>\nEs sind einmalige Dokumente, gesehen mit Sch\u00e4rfe und Respekt, ohne Verkl\u00e4rung,<br \/>\nZeugnisse der noch unber\u00fchrten Oberengadiner Landschaft, als diese gerade<br \/>\nentdeckt wurde und nicht zuletzt durch Elizabeth Mains Wirken eine<br \/>\nbeispiellose Anziehungs-kraft auszu\u00fcben begann.<\/p>","protected":false},"excerpt":{"rendered":"<p>Der Fotoapparat ist ihr st\u00e4ndiger Begleiter. Ihre Bilder &#8211; sie haben fast ausschliesslich die neu entdeckte Alpenwelt und die fr\u00fchen Wintersportarten zum Thema &#8211; erregen Aufsehen und illustrieren bald wichtige B\u00fccher \u00fcber die Bergwelt. Bei ihrem ersten Besuch im Engadin in Pontresina &#8211; sp\u00e4ter steigt sie im Hotel Kulm in St.Moritz ab &#8211; verliebt sie [&#8230;]\n","protected":false},"featured_media":30573,"template":"","meta":[],"product_brand":[],"product_cat":[21580],"product_tag":[],"class_list":{"0":"post-151350","1":"product","2":"type-product","3":"status-publish","4":"has-post-thumbnail","6":"product_cat-kunst-kultur","7":"pa_autor-anker-bauer-et-alt","8":"pa_erscheinungsjahr-22292","9":"pa_region-schweiz","10":"pa_sprache-de","12":"first","13":"outofstock","14":"taxable","15":"shipping-taxable","16":"purchasable","17":"product-type-simple"},"_links":{"self":[{"href":"https:\/\/pizbube.ch\/en\/wp-json\/wp\/v2\/product\/151350","targetHints":{"allow":["GET"]}}],"collection":[{"href":"https:\/\/pizbube.ch\/en\/wp-json\/wp\/v2\/product"}],"about":[{"href":"https:\/\/pizbube.ch\/en\/wp-json\/wp\/v2\/types\/product"}],"wp:featuredmedia":[{"embeddable":true,"href":"https:\/\/pizbube.ch\/en\/wp-json\/wp\/v2\/media\/30573"}],"wp:attachment":[{"href":"https:\/\/pizbube.ch\/en\/wp-json\/wp\/v2\/media?parent=151350"}],"wp:term":[{"taxonomy":"product_brand","embeddable":true,"href":"https:\/\/pizbube.ch\/en\/wp-json\/wp\/v2\/product_brand?post=151350"},{"taxonomy":"product_cat","embeddable":true,"href":"https:\/\/pizbube.ch\/en\/wp-json\/wp\/v2\/product_cat?post=151350"},{"taxonomy":"product_tag","embeddable":true,"href":"https:\/\/pizbube.ch\/en\/wp-json\/wp\/v2\/product_tag?post=151350"}],"curies":[{"name":"wp","href":"https:\/\/api.w.org\/{rel}","templated":true}]}}