{"id":151353,"date":"2021-01-15T12:00:12","date_gmt":"2021-01-15T12:00:12","guid":{"rendered":"https:\/\/codengine3.ch\/?product=import-placeholder-for-204128"},"modified":"2021-01-15T14:30:03","modified_gmt":"2021-01-15T14:30:03","slug":"pilzfuehrer-schweiz","status":"publish","type":"product","link":"https:\/\/pizbube.ch\/en\/shop\/pilzfuehrer-schweiz\/","title":{"rendered":"Pilzf\u00fchrer Schweiz"},"content":{"rendered":"<p>Mit vielen Tipps f\u00fcrs Bestimmen und Verwerten und den besten Pilzrezepten<\/p>\n<p>Der \u00fcberarbeitete und erweiterte \u00abPilzf\u00fchrer Schweiz\u00bb: &#8211; demonstriert<br \/>\nBestimmungsmerkmale anhand von Fotografien, &#8211; zeigt zu zahlreichen Arten<br \/>\nunterschiedliche Ansichten (Unterseite, Oberseite, Profil, verschiedene<br \/>\nVariet\u00e4ten), &#8211; enth\u00e4lt Informationen \u00fcber die Verbreitung und H\u00e4ufigkeit in<br \/>\nder Schweiz, &#8211; beschreibt typische Pilzbiotope und Partnerpflanzen von Pilzen<br \/>\nverweist speziell auf m\u00f6gliche Verwechslungen, &#8211; basiert auf neuesten<br \/>\nErkenntnissen in Bezug auf Pilzgifte und Giftpilze, &#8211; gibt zahlreiche Tipps<br \/>\nzum richtigen Sammeln und zur Konservierung und Zubereitung von Pilzen, &#8211;<br \/>\nenth\u00e4lt k\u00f6stliche Pilzrezepte aus der Schweiz. Das Buch enth\u00e4lt auch ein f\u00fcr<br \/>\ndie Neuauflage aktualisiertes Kapitel \u00fcber die offiziell gesch\u00fctzten Pilze der<br \/>\nSchweiz und zur Schonzeit sowie einen Beitrag zum Thema Zuchtpilze als<br \/>\nAlternative zu Wildpilzen. Alle Bilder sind farbig und wurden in der Schweiz<br \/>\naufgenommen. Die 2. Auflage des beliebten Pilzf\u00fchrers wurde erweitert und<br \/>\nverbessert: Unter anderem wurden 50 Fotos durch Neuaufnahmen ersetzt, das<br \/>\nKapitel zum Thema Pilz\/Baum-Lebensgemeinschaften wurde um ca. 30 Seiten<br \/>\nerweitert und der Literatur- und Adressteil komplett aktualisiert.<br \/>\n2., \u00fcberarb., erw. Auflage<\/p>","protected":false},"excerpt":{"rendered":"<p>Mit vielen Tipps f\u00fcrs Bestimmen und Verwerten und den besten Pilzrezepten Der \u00fcberarbeitete und erweiterte \u00abPilzf\u00fchrer Schweiz\u00bb: &#8211; demonstriert Bestimmungsmerkmale anhand von Fotografien, &#8211; zeigt zu zahlreichen Arten unterschiedliche Ansichten (Unterseite, Oberseite, Profil, verschiedene Variet\u00e4ten), &#8211; enth\u00e4lt Informationen \u00fcber die Verbreitung und H\u00e4ufigkeit in der Schweiz, &#8211; beschreibt typische Pilzbiotope und Partnerpflanzen von Pilzen verweist [&#8230;]\n","protected":false},"featured_media":38237,"template":"","meta":[],"product_brand":[],"product_cat":[21542],"product_tag":[],"class_list":{"0":"post-151353","1":"product","2":"type-product","3":"status-publish","4":"has-post-thumbnail","6":"product_cat-sachbuecher-dokumentationen","7":"pa_autor-flueck","8":"pa_erscheinungsjahr-21568","9":"pa_region-schweiz","10":"pa_sprache-de","12":"first","13":"instock","14":"taxable","15":"shipping-taxable","16":"purchasable","17":"product-type-simple"},"_links":{"self":[{"href":"https:\/\/pizbube.ch\/en\/wp-json\/wp\/v2\/product\/151353","targetHints":{"allow":["GET"]}}],"collection":[{"href":"https:\/\/pizbube.ch\/en\/wp-json\/wp\/v2\/product"}],"about":[{"href":"https:\/\/pizbube.ch\/en\/wp-json\/wp\/v2\/types\/product"}],"wp:featuredmedia":[{"embeddable":true,"href":"https:\/\/pizbube.ch\/en\/wp-json\/wp\/v2\/media\/38237"}],"wp:attachment":[{"href":"https:\/\/pizbube.ch\/en\/wp-json\/wp\/v2\/media?parent=151353"}],"wp:term":[{"taxonomy":"product_brand","embeddable":true,"href":"https:\/\/pizbube.ch\/en\/wp-json\/wp\/v2\/product_brand?post=151353"},{"taxonomy":"product_cat","embeddable":true,"href":"https:\/\/pizbube.ch\/en\/wp-json\/wp\/v2\/product_cat?post=151353"},{"taxonomy":"product_tag","embeddable":true,"href":"https:\/\/pizbube.ch\/en\/wp-json\/wp\/v2\/product_tag?post=151353"}],"curies":[{"name":"wp","href":"https:\/\/api.w.org\/{rel}","templated":true}]}}