{"id":151355,"date":"2021-01-15T12:00:12","date_gmt":"2021-01-15T12:00:12","guid":{"rendered":"https:\/\/codengine3.ch\/?product=import-placeholder-for-201287"},"modified":"2021-01-15T12:00:16","modified_gmt":"2021-01-15T12:00:16","slug":"dans-les-montagnes-de-suisse-romande","status":"publish","type":"product","link":"https:\/\/pizbube.ch\/en\/shop\/dans-les-montagnes-de-suisse-romande\/","title":{"rendered":"Dans les montagnes de Suisse Romande"},"content":{"rendered":"<p>Avec les itin\u00e9raires transfrontaliers: Tour du Mont-Blanc, Tour du massif des<br \/>\nCombins, Travers\u00e9e du Haut-Jura<\/p>\n<p>Fran\u00e7ois Labande nous propose ici un recueil de 100 itin\u00e9raires de randonn\u00e9e<br \/>\np\u00e9destre en Suisse romande, du Jura aux Alpes. Chaque excursion est d\u00e9crite<br \/>\npar une fiche technique, un croquis inspir\u00e9 de la carte topographique suisse,<br \/>\net un texte d\u00e9taill\u00e9 relatif \u00e0 l\u2019itin\u00e9raire. Le niveau des difficult\u00e9s s\u2019\u00e9tend<br \/>\ndes promenades faciles \u2013 praticables avec des enfants \u2013 aux excursions plus<br \/>\nengag\u00e9es n\u00e9cessitant une certaine exp\u00e9rience de la montagne. Dans la mesure du<br \/>\npossible, l\u2019acc\u00e8s par les moyens de transports publics est \u00e9galement indiqu\u00e9.<br \/>\nUne large r\u00e9flexion sur la pratique de la randonn\u00e9e p\u00e9destre et sur le milieu<br \/>\nmontagnard compl\u00e8te les textes descriptifs.<br \/>\nFran\u00e7ois Labande, qui a longtemps r\u00e9sid\u00e9 en Haute-Savoie, est l\u2019initiateur<br \/>\nd\u2019une s\u00e9rie de guides de ski de randonn\u00e9e et de randonn\u00e9e p\u00e9destre qui font<br \/>\nr\u00e9f\u00e9rence. Il collabore \u00e9galement \u00e0 la revue Montagnes Magazine, et est l\u2019un<br \/>\ndes fondateurs du mouvement Mountain Wilderness pour la sauvegarde des espaces<br \/>\nsauvages.<\/p>","protected":false},"excerpt":{"rendered":"<p>Avec les itin\u00e9raires transfrontaliers: Tour du Mont-Blanc, Tour du massif des Combins, Travers\u00e9e du Haut-Jura Fran\u00e7ois Labande nous propose ici un recueil de 100 itin\u00e9raires de randonn\u00e9e p\u00e9destre en Suisse romande, du Jura aux Alpes. Chaque excursion est d\u00e9crite par une fiche technique, un croquis inspir\u00e9 de la carte topographique suisse, et un texte d\u00e9taill\u00e9 [&#8230;]\n","protected":false},"featured_media":28588,"template":"","meta":[],"product_brand":[],"product_cat":[21605],"product_tag":[],"class_list":{"0":"post-151355","1":"product","2":"type-product","3":"status-publish","4":"has-post-thumbnail","6":"product_cat-wanderfuehrer-trekking","7":"pa_autor-labande","8":"pa_erscheinungsjahr-21842","9":"pa_region-schweiz","10":"pa_sprache-fr","12":"first","13":"instock","14":"taxable","15":"shipping-taxable","16":"purchasable","17":"product-type-simple"},"_links":{"self":[{"href":"https:\/\/pizbube.ch\/en\/wp-json\/wp\/v2\/product\/151355","targetHints":{"allow":["GET"]}}],"collection":[{"href":"https:\/\/pizbube.ch\/en\/wp-json\/wp\/v2\/product"}],"about":[{"href":"https:\/\/pizbube.ch\/en\/wp-json\/wp\/v2\/types\/product"}],"wp:featuredmedia":[{"embeddable":true,"href":"https:\/\/pizbube.ch\/en\/wp-json\/wp\/v2\/media\/28588"}],"wp:attachment":[{"href":"https:\/\/pizbube.ch\/en\/wp-json\/wp\/v2\/media?parent=151355"}],"wp:term":[{"taxonomy":"product_brand","embeddable":true,"href":"https:\/\/pizbube.ch\/en\/wp-json\/wp\/v2\/product_brand?post=151355"},{"taxonomy":"product_cat","embeddable":true,"href":"https:\/\/pizbube.ch\/en\/wp-json\/wp\/v2\/product_cat?post=151355"},{"taxonomy":"product_tag","embeddable":true,"href":"https:\/\/pizbube.ch\/en\/wp-json\/wp\/v2\/product_tag?post=151355"}],"curies":[{"name":"wp","href":"https:\/\/api.w.org\/{rel}","templated":true}]}}