{"id":151356,"date":"2021-01-15T12:00:12","date_gmt":"2021-01-15T12:00:12","guid":{"rendered":"https:\/\/codengine3.ch\/?product=import-placeholder-for-205055"},"modified":"2021-06-25T09:59:10","modified_gmt":"2021-06-25T07:59:10","slug":"im-herzen-des-jura","status":"publish","type":"product","link":"https:\/\/pizbube.ch\/en\/shop\/im-herzen-des-jura\/","title":{"rendered":"Im Herzen des Jura"},"content":{"rendered":"<p>Wanderungen zwischen Ajoie, Freibergen und Bielersee<\/p>\n<p>Der Jura der Jurassier<br \/>\nJura &#8211; da stellt sich sofort die Frage: Kette oder Kanton? Sowohl als auch.<br \/>\nDieser Wanderf\u00fchrer streift zum einen durch die drei Bezirke des j\u00fcngsten<br \/>\nSchweizer Kan-tons: Del\u00e9mont, die jurassische Kapitale mit ihrem Umland, dem<br \/>\nVadais; Ajoie mit der alten Bischofsstadt Porrentruy und Franches-Montagnes<br \/>\n(die Freiberge) mit ihrem Zentrum Saignel\u00e9gier. Zum andern f\u00fchrt er durch die<br \/>\nGebiete des Berner Jura: die Amtsbezirke Moutier, Courtelary und La<br \/>\nNeuveville.<br \/>\nDiese geopolitische Einheit, wie sie das einstige frankophone Hoheitsgebiet<br \/>\nder Basler F\u00fcrstbisch\u00f6fe darstellte, bevor Helvetik, Wiener Kongress und<br \/>\nschlie\u00dflich das Juraplebiszit die Region neu gliederten, wird anhand von 15<br \/>\nRouten erwandert.<\/p>\n<p>Zur Sprache kommen dabei Geschichte, Politik, Kultur, Wirtschaft, Gastronomie<br \/>\ndieses faszinierenden und \u00fcberaus vielf\u00e4ltigen Kulturlands. Zu den<br \/>\neigentlichen, mit Sehensw\u00fcrdigkeiten und Besonderheiten angereicherten<br \/>\nRoutenbeschreibungen kommen Hintergrundkapitel zu regionaltypischen Themen &#8211;<br \/>\nvon den Wiedert\u00e4ufern bis zur Pferdezucht, von der Damassine bis zur<br \/>\nAlternativenergie, von der Sprachproblematik bis zur Uhrenindustrie.<\/p>","protected":false},"excerpt":{"rendered":"<p>Wanderungen zwischen Ajoie, Freibergen und Bielersee Der Jura der Jurassier Jura &#8211; da stellt sich sofort die Frage: Kette oder Kanton? Sowohl als auch. Dieser Wanderf\u00fchrer streift zum einen durch die drei Bezirke des j\u00fcngsten Schweizer Kan-tons: Del\u00e9mont, die jurassische Kapitale mit ihrem Umland, dem Vadais; Ajoie mit der alten Bischofsstadt Porrentruy und Franches-Montagnes (die [&#8230;]\n","protected":false},"featured_media":33649,"template":"","meta":[],"product_brand":[],"product_cat":[21605],"product_tag":[],"class_list":{"0":"post-151356","1":"product","2":"type-product","3":"status-publish","4":"has-post-thumbnail","6":"product_cat-wanderfuehrer-trekking","7":"pa_autor-rauch","8":"pa_erscheinungsjahr-21842","9":"pa_region-schweiz","10":"pa_sprache-de","12":"first","13":"outofstock","14":"taxable","15":"shipping-taxable","16":"purchasable","17":"product-type-simple"},"_links":{"self":[{"href":"https:\/\/pizbube.ch\/en\/wp-json\/wp\/v2\/product\/151356","targetHints":{"allow":["GET"]}}],"collection":[{"href":"https:\/\/pizbube.ch\/en\/wp-json\/wp\/v2\/product"}],"about":[{"href":"https:\/\/pizbube.ch\/en\/wp-json\/wp\/v2\/types\/product"}],"wp:featuredmedia":[{"embeddable":true,"href":"https:\/\/pizbube.ch\/en\/wp-json\/wp\/v2\/media\/33649"}],"wp:attachment":[{"href":"https:\/\/pizbube.ch\/en\/wp-json\/wp\/v2\/media?parent=151356"}],"wp:term":[{"taxonomy":"product_brand","embeddable":true,"href":"https:\/\/pizbube.ch\/en\/wp-json\/wp\/v2\/product_brand?post=151356"},{"taxonomy":"product_cat","embeddable":true,"href":"https:\/\/pizbube.ch\/en\/wp-json\/wp\/v2\/product_cat?post=151356"},{"taxonomy":"product_tag","embeddable":true,"href":"https:\/\/pizbube.ch\/en\/wp-json\/wp\/v2\/product_tag?post=151356"}],"curies":[{"name":"wp","href":"https:\/\/api.w.org\/{rel}","templated":true}]}}