{"id":151357,"date":"2021-01-15T12:00:12","date_gmt":"2021-01-15T12:00:12","guid":{"rendered":"https:\/\/codengine3.ch\/?product=import-placeholder-for-203582"},"modified":"2021-03-25T15:06:09","modified_gmt":"2021-03-25T14:06:09","slug":"randonnees-alpines-en-suisse-dune-cabane-a-lautre","status":"publish","type":"product","link":"https:\/\/pizbube.ch\/en\/shop\/randonnees-alpines-en-suisse-dune-cabane-a-lautre\/","title":{"rendered":"Randonn\u00e9es alpines en Suisse &#8211; D`une cabane \u00e0 l`autre"},"content":{"rendered":"<p>103 \u00e9vasions en montagne entre le L\u00e9man et la Basse Engadine<br \/>\nRandonn\u00e9es alpines \/ Suisse<\/p>\n<p>La randonn\u00e9e en montagne conna\u00eet un grand essor depuis une vingtaine d\u2019ann\u00e9es.<br \/>\nOn r\u00e9duit souvent la pratique de la montagne au seul alpinisme, celui qui a<br \/>\nles honneurs des m\u00e9dias. Or, les alpinistes repr\u00e9sentent une minorit\u00e9 devant<br \/>\nla masse de ceux qui vouent \u00e0 la montagne une partie de leurs loisirs, les<br \/>\nrandonneurs. C\u2019est pourquoi Philippe Metzker leur pr\u00e9sente \u00e0 nouveau un guide<br \/>\nde randonn\u00e9es.<\/p>\n<p>Cet ouvrage offre un large choix de 103 itin\u00e9raires vari\u00e9s \u00e0 l\u2019usage des<br \/>\nrandonneurs d\u00e9butants ou exp\u00e9riment\u00e9s, des familles avec enfants ou des<br \/>\nv\u00e9t\u00e9rans et de tous les amis de la montagne. Il a \u00e9t\u00e9 compl\u00e8tement actualis\u00e9<br \/>\npour s\u2019adapter aux tr\u00e8s importantes modifications de tous genres survenues<br \/>\ndans les Alpes, provoqu\u00e9es par la hausse g\u00e9n\u00e9rale des temp\u00e9ratures. Ce choix<br \/>\nde randonn\u00e9es en montagne s\u2019\u00e9tend sur huit cantons des Alpes suisses, entre le<br \/>\nL\u00e9man et la Basse Engadine. En suivant tous les itin\u00e9raires d\u00e9crits dans ce<br \/>\nguide, on peut visiter 142 cabanes ou refuges de montagne, propri\u00e9t\u00e9s du Club<br \/>\nAlpin Suisse ou priv\u00e9es.<\/p>\n<p>336 pages, 6 plans de situation, 103 infographies et 103 diagrammes de marche,<br \/>\n93 photographies en couleur, 9. \u00e9dition enti\u00e8rement renouvel\u00e9e<\/p>","protected":false},"excerpt":{"rendered":"<p>103 \u00e9vasions en montagne entre le L\u00e9man et la Basse Engadine Randonn\u00e9es alpines \/ Suisse La randonn\u00e9e en montagne conna\u00eet un grand essor depuis une vingtaine d\u2019ann\u00e9es. On r\u00e9duit souvent la pratique de la montagne au seul alpinisme, celui qui a les honneurs des m\u00e9dias. Or, les alpinistes repr\u00e9sentent une minorit\u00e9 devant la masse de [&#8230;]\n","protected":false},"featured_media":31225,"template":"","meta":[],"product_brand":[],"product_cat":[21605],"product_tag":[],"class_list":{"0":"post-151357","1":"product","2":"type-product","3":"status-publish","4":"has-post-thumbnail","6":"product_cat-wanderfuehrer-trekking","7":"pa_autor-metzker","8":"pa_erscheinungsjahr-21621","9":"pa_region-schweiz","10":"pa_sprache-fr","12":"first","13":"outofstock","14":"taxable","15":"shipping-taxable","16":"purchasable","17":"product-type-simple"},"_links":{"self":[{"href":"https:\/\/pizbube.ch\/en\/wp-json\/wp\/v2\/product\/151357","targetHints":{"allow":["GET"]}}],"collection":[{"href":"https:\/\/pizbube.ch\/en\/wp-json\/wp\/v2\/product"}],"about":[{"href":"https:\/\/pizbube.ch\/en\/wp-json\/wp\/v2\/types\/product"}],"wp:featuredmedia":[{"embeddable":true,"href":"https:\/\/pizbube.ch\/en\/wp-json\/wp\/v2\/media\/31225"}],"wp:attachment":[{"href":"https:\/\/pizbube.ch\/en\/wp-json\/wp\/v2\/media?parent=151357"}],"wp:term":[{"taxonomy":"product_brand","embeddable":true,"href":"https:\/\/pizbube.ch\/en\/wp-json\/wp\/v2\/product_brand?post=151357"},{"taxonomy":"product_cat","embeddable":true,"href":"https:\/\/pizbube.ch\/en\/wp-json\/wp\/v2\/product_cat?post=151357"},{"taxonomy":"product_tag","embeddable":true,"href":"https:\/\/pizbube.ch\/en\/wp-json\/wp\/v2\/product_tag?post=151357"}],"curies":[{"name":"wp","href":"https:\/\/api.w.org\/{rel}","templated":true}]}}