{"id":151358,"date":"2021-01-15T12:00:12","date_gmt":"2021-01-15T12:00:12","guid":{"rendered":"https:\/\/codengine3.ch\/?product=import-placeholder-for-201288"},"modified":"2021-01-15T12:00:16","modified_gmt":"2021-01-15T12:00:16","slug":"klettersteige-leichter-fels-oesterreich-ost","status":"publish","type":"product","link":"https:\/\/pizbube.ch\/en\/shop\/klettersteige-leichter-fels-oesterreich-ost\/","title":{"rendered":"Klettersteige &#038; Leichter Fels \u00d6sterreich Ost"},"content":{"rendered":"<p>Wiener Hausberge, Steiermark, Nieder- und Ober\u00f6sterreich, Salzburg:<br \/>\nS\u00e4mtliche Klettersteige und lohnende, leichtere Kletterrouten bis 4-<br \/>\nGenaueste, topaktuelle Informationen (inkl. neueste Steige und Routen,<br \/>\nSanierungen, St\u00fctzpunkte, usw.) mit einem \u00e4u\u00dferst pr\u00e4zisen Bewertungs-system<br \/>\nf\u00fcr Klettersteige, welches mittlerweile intern. anerkannt ist.<br \/>\nKartenausschnitte im Ma\u00dfstab 1:50.000; Angaben \u00fcber L\u00e4nge, Zeitaufwand,<br \/>\nH\u00f6henunterschied und Zustand des Klettersteiges bzw. der Kletterroute sowie<br \/>\neine eigene Bewertung f\u00fcr Kindereignung.<\/p>","protected":false},"excerpt":{"rendered":"<p>Wiener Hausberge, Steiermark, Nieder- und Ober\u00f6sterreich, Salzburg: S\u00e4mtliche Klettersteige und lohnende, leichtere Kletterrouten bis 4- Genaueste, topaktuelle Informationen (inkl. neueste Steige und Routen, Sanierungen, St\u00fctzpunkte, usw.) mit einem \u00e4u\u00dferst pr\u00e4zisen Bewertungs-system f\u00fcr Klettersteige, welches mittlerweile intern. anerkannt ist. Kartenausschnitte im Ma\u00dfstab 1:50.000; Angaben \u00fcber L\u00e4nge, Zeitaufwand, H\u00f6henunterschied und Zustand des Klettersteiges bzw. der Kletterroute sowie [&#8230;]\n","protected":false},"featured_media":28589,"template":"","meta":[],"product_brand":[],"product_cat":[21539],"product_tag":[],"class_list":{"0":"post-151358","1":"product","2":"type-product","3":"status-publish","4":"has-post-thumbnail","6":"product_cat-fuehrerliteratur-sportklettern-bouldern","7":"pa_autor-schall","8":"pa_erscheinungsjahr-21920","9":"pa_region-oesterreich","10":"pa_sprache-de","12":"first","13":"outofstock","14":"taxable","15":"shipping-taxable","16":"purchasable","17":"product-type-simple"},"_links":{"self":[{"href":"https:\/\/pizbube.ch\/en\/wp-json\/wp\/v2\/product\/151358","targetHints":{"allow":["GET"]}}],"collection":[{"href":"https:\/\/pizbube.ch\/en\/wp-json\/wp\/v2\/product"}],"about":[{"href":"https:\/\/pizbube.ch\/en\/wp-json\/wp\/v2\/types\/product"}],"wp:featuredmedia":[{"embeddable":true,"href":"https:\/\/pizbube.ch\/en\/wp-json\/wp\/v2\/media\/28589"}],"wp:attachment":[{"href":"https:\/\/pizbube.ch\/en\/wp-json\/wp\/v2\/media?parent=151358"}],"wp:term":[{"taxonomy":"product_brand","embeddable":true,"href":"https:\/\/pizbube.ch\/en\/wp-json\/wp\/v2\/product_brand?post=151358"},{"taxonomy":"product_cat","embeddable":true,"href":"https:\/\/pizbube.ch\/en\/wp-json\/wp\/v2\/product_cat?post=151358"},{"taxonomy":"product_tag","embeddable":true,"href":"https:\/\/pizbube.ch\/en\/wp-json\/wp\/v2\/product_tag?post=151358"}],"curies":[{"name":"wp","href":"https:\/\/api.w.org\/{rel}","templated":true}]}}