{"id":151360,"date":"2021-01-15T12:00:12","date_gmt":"2021-01-15T12:00:12","guid":{"rendered":"https:\/\/codengine3.ch\/?product=import-placeholder-for-204005"},"modified":"2021-01-15T14:28:46","modified_gmt":"2021-01-15T14:28:46","slug":"genuss-kletteratlas-oesterreich-ost-band-2-steiermark","status":"publish","type":"product","link":"https:\/\/pizbube.ch\/en\/shop\/genuss-kletteratlas-oesterreich-ost-band-2-steiermark\/","title":{"rendered":"GENUSS-KLETTERATLAS \u00d6sterreich Ost; Band 2 STEIERMARK"},"content":{"rendered":"<p>Die 200 sch\u00f6nsten Genuss-Kletterrouten sowie interessante Kletter- g\u00e4rten;<br \/>\nSchwierigkeitsniveau 3 bis 7.<br \/>\nDer neue F\u00fchrer stellt alle neuen und sanierten Genuss- und Plaisir-<br \/>\nKletterrouten, sowie die sch\u00f6nsten klassischen, alpinen Routen ausf\u00fchrlich und<br \/>\nsehr ansprechend mit farbigen Topos, Fotos und Topinfos in bew\u00e4hrter Qualit\u00e4t<br \/>\nvor. Mehr als 200 Routen im Schwierigkeitsbereich 3 bis 7; das reicht wohl f\u00fcr<br \/>\nmehrere Kletterurlaube in den herrlichen Kletterdorados der Steiermark!  <\/p>","protected":false},"excerpt":{"rendered":"<ul>\n<li><b>INFO: Neuauflage geplant; Juni 2012<b><\/li>\n<\/ul>","protected":false},"featured_media":31736,"template":"","meta":[],"product_brand":[],"product_cat":[21539],"product_tag":[],"class_list":{"0":"post-151360","1":"product","2":"type-product","3":"status-publish","4":"has-post-thumbnail","6":"product_cat-fuehrerliteratur-sportklettern-bouldern","7":"pa_autor-schall-grabner","8":"pa_erscheinungsjahr-21776","9":"pa_region-oesterreich","10":"pa_sprache-de","12":"first","13":"outofstock","14":"taxable","15":"shipping-taxable","16":"purchasable","17":"product-type-simple"},"_links":{"self":[{"href":"https:\/\/pizbube.ch\/en\/wp-json\/wp\/v2\/product\/151360","targetHints":{"allow":["GET"]}}],"collection":[{"href":"https:\/\/pizbube.ch\/en\/wp-json\/wp\/v2\/product"}],"about":[{"href":"https:\/\/pizbube.ch\/en\/wp-json\/wp\/v2\/types\/product"}],"wp:featuredmedia":[{"embeddable":true,"href":"https:\/\/pizbube.ch\/en\/wp-json\/wp\/v2\/media\/31736"}],"wp:attachment":[{"href":"https:\/\/pizbube.ch\/en\/wp-json\/wp\/v2\/media?parent=151360"}],"wp:term":[{"taxonomy":"product_brand","embeddable":true,"href":"https:\/\/pizbube.ch\/en\/wp-json\/wp\/v2\/product_brand?post=151360"},{"taxonomy":"product_cat","embeddable":true,"href":"https:\/\/pizbube.ch\/en\/wp-json\/wp\/v2\/product_cat?post=151360"},{"taxonomy":"product_tag","embeddable":true,"href":"https:\/\/pizbube.ch\/en\/wp-json\/wp\/v2\/product_tag?post=151360"}],"curies":[{"name":"wp","href":"https:\/\/api.w.org\/{rel}","templated":true}]}}