{"id":151362,"date":"2021-01-15T12:00:12","date_gmt":"2021-01-15T12:00:12","guid":{"rendered":"https:\/\/codengine3.ch\/?product=import-placeholder-for-202195"},"modified":"2021-01-15T12:34:15","modified_gmt":"2021-01-15T12:34:15","slug":"vilanova-de-meia","status":"publish","type":"product","link":"https:\/\/pizbube.ch\/en\/shop\/vilanova-de-meia\/","title":{"rendered":"Vilanova de Meia"},"content":{"rendered":"<p>Gu\u00eda de escalada en Vilanova de Meia. Contiene toda la informaci\u00f3n necesaria:<br \/>\ncon una introducci\u00f3n general sobre la zona, una descripci\u00f3n detallada de cada<br \/>\nsector, clima y dificultad de las v\u00edas. Con croquis de los sectores y v\u00edas y<br \/>\nfotograf\u00edas, y todos los datos necesarios para los escaladores. Contiene:<br \/>\nnombre de la v\u00eda, longitud, dificultad, material necesario, grado, zonas<br \/>\nclaves, exposici\u00f3n, caracter\u00edsticas de la roca, descripci\u00f3n detallada de cada<br \/>\nmovimiento&#8230; etc. En la gu\u00eda se describen los sectores: La Pauta; R\u00fabies;<br \/>\nRoca Alta; Roca dels Arcs; Final del Congost; Pas Nou; Paret de Zaratrustra;<br \/>\nFont Blanca, etc&#8230;  <\/p>","protected":false},"excerpt":{"rendered":"<p>Gu\u00eda de escalada en Vilanova de Meia. Contiene toda la informaci\u00f3n necesaria: con una introducci\u00f3n general sobre la zona, una descripci\u00f3n detallada de cada sector, clima y dificultad de las v\u00edas. Con croquis de los sectores y v\u00edas y fotograf\u00edas, y todos los datos necesarios para los escaladores. Contiene: nombre de la v\u00eda, longitud, dificultad, [&#8230;]\n","protected":false},"featured_media":29585,"template":"","meta":[],"product_brand":[],"product_cat":[21539],"product_tag":[],"class_list":{"0":"post-151362","1":"product","2":"type-product","3":"status-publish","4":"has-post-thumbnail","6":"product_cat-fuehrerliteratur-sportklettern-bouldern","7":"pa_autor-buxo-alfonso","8":"pa_erscheinungsjahr-22144","9":"pa_region-spanien","10":"pa_sprache-sp","12":"first","13":"outofstock","14":"taxable","15":"shipping-taxable","16":"purchasable","17":"product-type-simple"},"_links":{"self":[{"href":"https:\/\/pizbube.ch\/en\/wp-json\/wp\/v2\/product\/151362","targetHints":{"allow":["GET"]}}],"collection":[{"href":"https:\/\/pizbube.ch\/en\/wp-json\/wp\/v2\/product"}],"about":[{"href":"https:\/\/pizbube.ch\/en\/wp-json\/wp\/v2\/types\/product"}],"wp:featuredmedia":[{"embeddable":true,"href":"https:\/\/pizbube.ch\/en\/wp-json\/wp\/v2\/media\/29585"}],"wp:attachment":[{"href":"https:\/\/pizbube.ch\/en\/wp-json\/wp\/v2\/media?parent=151362"}],"wp:term":[{"taxonomy":"product_brand","embeddable":true,"href":"https:\/\/pizbube.ch\/en\/wp-json\/wp\/v2\/product_brand?post=151362"},{"taxonomy":"product_cat","embeddable":true,"href":"https:\/\/pizbube.ch\/en\/wp-json\/wp\/v2\/product_cat?post=151362"},{"taxonomy":"product_tag","embeddable":true,"href":"https:\/\/pizbube.ch\/en\/wp-json\/wp\/v2\/product_tag?post=151362"}],"curies":[{"name":"wp","href":"https:\/\/api.w.org\/{rel}","templated":true}]}}