{"id":151364,"date":"2021-01-15T12:00:13","date_gmt":"2021-01-15T12:00:13","guid":{"rendered":"https:\/\/codengine3.ch\/?product=import-placeholder-for-207964"},"modified":"2021-01-15T17:48:40","modified_gmt":"2021-01-15T17:48:40","slug":"der-gipfel-geschichten-vom-berg","status":"publish","type":"product","link":"https:\/\/pizbube.ch\/en\/shop\/der-gipfel-geschichten-vom-berg\/","title":{"rendered":"Der Gipfel &#8211; Geschichten vom Berg"},"content":{"rendered":"<p>Die Geschichte von Davos wird somit durch loka\u00adle, regionale und<br \/>\nweltgeschichtliche Ereignisse und Entwicklungen gleichermassen gepr\u00e4gt. Das<br \/>\nmacht Davos zu einem einzigartigen Laborraum der Geschichtsbetrachtung, zu<br \/>\neinem Archiv historischer Ph\u00e4nomene, zu einem unmittelbaren Konfrontationsort<br \/>\nmit der Ge\u00adgenwart und allem, was Gegenwart ausmacht.<\/p>\n<p>Die \u00abDavoser Revue\u00bb widmet sich seit der Gr\u00fcndung im Jahr 1925 die\u00adser<br \/>\nGeschichte in all ihren Facetten und stellt durch die Forschungs- und<br \/>\nPublikationst\u00e4tigkeit wichtige Beitr\u00e4ge zum Verst\u00e4ndnis der Ge\u00adschichte des<br \/>\nOrtes und der Geschichte an sich zur Verf\u00fcgung.<\/p>\n<p>Fr\u00fchlingsnummer 2016<\/p>","protected":false},"excerpt":{"rendered":"<p>Die Geschichte von Davos wird somit durch loka\u00adle, regionale und weltgeschichtliche Ereignisse und Entwicklungen gleichermassen gepr\u00e4gt. Das macht Davos zu einem einzigartigen Laborraum der Geschichtsbetrachtung, zu einem Archiv historischer Ph\u00e4nomene, zu einem unmittelbaren Konfrontationsort mit der Ge\u00adgenwart und allem, was Gegenwart ausmacht. Die \u00abDavoser Revue\u00bb widmet sich seit der Gr\u00fcndung im Jahr 1925 die\u00adser Geschichte [&#8230;]\n","protected":false},"featured_media":38981,"template":"","meta":[],"product_brand":[],"product_cat":[21541],"product_tag":[],"class_list":{"0":"post-151364","1":"product","2":"type-product","3":"status-publish","4":"has-post-thumbnail","6":"product_cat-zeitschriften","7":"pa_autor-davoser-revue","8":"pa_erscheinungsjahr-21571","9":"pa_region-schweiz","10":"pa_sprache-de","12":"first","13":"instock","14":"taxable","15":"shipping-taxable","16":"purchasable","17":"product-type-simple"},"_links":{"self":[{"href":"https:\/\/pizbube.ch\/en\/wp-json\/wp\/v2\/product\/151364","targetHints":{"allow":["GET"]}}],"collection":[{"href":"https:\/\/pizbube.ch\/en\/wp-json\/wp\/v2\/product"}],"about":[{"href":"https:\/\/pizbube.ch\/en\/wp-json\/wp\/v2\/types\/product"}],"wp:featuredmedia":[{"embeddable":true,"href":"https:\/\/pizbube.ch\/en\/wp-json\/wp\/v2\/media\/38981"}],"wp:attachment":[{"href":"https:\/\/pizbube.ch\/en\/wp-json\/wp\/v2\/media?parent=151364"}],"wp:term":[{"taxonomy":"product_brand","embeddable":true,"href":"https:\/\/pizbube.ch\/en\/wp-json\/wp\/v2\/product_brand?post=151364"},{"taxonomy":"product_cat","embeddable":true,"href":"https:\/\/pizbube.ch\/en\/wp-json\/wp\/v2\/product_cat?post=151364"},{"taxonomy":"product_tag","embeddable":true,"href":"https:\/\/pizbube.ch\/en\/wp-json\/wp\/v2\/product_tag?post=151364"}],"curies":[{"name":"wp","href":"https:\/\/api.w.org\/{rel}","templated":true}]}}