{"id":151367,"date":"2021-01-15T12:00:13","date_gmt":"2021-01-15T12:00:13","guid":{"rendered":"https:\/\/codengine3.ch\/?product=import-placeholder-for-204916"},"modified":"2021-01-15T14:37:16","modified_gmt":"2021-01-15T14:37:16","slug":"suedafrika-south-africa-11700000","status":"publish","type":"product","link":"https:\/\/pizbube.ch\/en\/shop\/suedafrika-south-africa-11700000\/","title":{"rendered":"S\u00fcdafrika south africa 1:1`700`000"},"content":{"rendered":"<p>H\u00f6henlinien mit H\u00f6henangaben, farbige H\u00f6henschichten, GPS-Tauglichkeit durch<br \/>\neingezeichnete L\u00e4ngen- und Breitengrade, klassifiziertes Stra\u00dfennetz mit<br \/>\nEntfernungsangaben. Ausf\u00fchrlicher Ortsindex. Polyart. Diese Karte ist ist auf<br \/>\nPolyart gedruckt. Rei\u00df- und wasserfest, beschriftbar wie Papier. F\u00fcr<br \/>\nindividuelle Falzungen ohne Sp\u00e4tfolgen.<br \/>\nNeueste Kartografie, detaillierte Darstellung des Terrains, aktuellstes<br \/>\nStra\u00dfenbild, Gradgitter und ein ausf\u00fchrliches Ortsregister, mit dem man die<br \/>\nOrte, die man sucht, auf der Karte auch findet. Alle Karten: gefaltet 10x25cm<br \/>\n(aufgefaltet 70x100cm), ein- oder beidseitig bedruckt.<br \/>\n12. Auflg.<\/p>","protected":false},"excerpt":{"rendered":"<p>H\u00f6henlinien mit H\u00f6henangaben, farbige H\u00f6henschichten, GPS-Tauglichkeit durch eingezeichnete L\u00e4ngen- und Breitengrade, klassifiziertes Stra\u00dfennetz mit Entfernungsangaben. Ausf\u00fchrlicher Ortsindex. Polyart. Diese Karte ist ist auf Polyart gedruckt. Rei\u00df- und wasserfest, beschriftbar wie Papier. F\u00fcr individuelle Falzungen ohne Sp\u00e4tfolgen. Neueste Kartografie, detaillierte Darstellung des Terrains, aktuellstes Stra\u00dfenbild, Gradgitter und ein ausf\u00fchrliches Ortsregister, mit dem man die Orte, die [&#8230;]\n","protected":false},"featured_media":33462,"template":"","meta":[],"product_brand":[],"product_cat":[21543],"product_tag":[],"class_list":{"0":"post-151367","1":"product","2":"type-product","3":"status-publish","4":"has-post-thumbnail","6":"product_cat-landkarten","7":"pa_autor-rump","8":"pa_erscheinungsjahr-21568","9":"pa_region-afrika","10":"pa_sprache-d","11":"pa_sprache-e","13":"first","14":"instock","15":"taxable","16":"shipping-taxable","17":"purchasable","18":"product-type-simple"},"_links":{"self":[{"href":"https:\/\/pizbube.ch\/en\/wp-json\/wp\/v2\/product\/151367","targetHints":{"allow":["GET"]}}],"collection":[{"href":"https:\/\/pizbube.ch\/en\/wp-json\/wp\/v2\/product"}],"about":[{"href":"https:\/\/pizbube.ch\/en\/wp-json\/wp\/v2\/types\/product"}],"wp:featuredmedia":[{"embeddable":true,"href":"https:\/\/pizbube.ch\/en\/wp-json\/wp\/v2\/media\/33462"}],"wp:attachment":[{"href":"https:\/\/pizbube.ch\/en\/wp-json\/wp\/v2\/media?parent=151367"}],"wp:term":[{"taxonomy":"product_brand","embeddable":true,"href":"https:\/\/pizbube.ch\/en\/wp-json\/wp\/v2\/product_brand?post=151367"},{"taxonomy":"product_cat","embeddable":true,"href":"https:\/\/pizbube.ch\/en\/wp-json\/wp\/v2\/product_cat?post=151367"},{"taxonomy":"product_tag","embeddable":true,"href":"https:\/\/pizbube.ch\/en\/wp-json\/wp\/v2\/product_tag?post=151367"}],"curies":[{"name":"wp","href":"https:\/\/api.w.org\/{rel}","templated":true}]}}