{"id":151374,"date":"2021-01-15T12:00:18","date_gmt":"2021-01-15T12:00:18","guid":{"rendered":"https:\/\/codengine3.ch\/?product=import-placeholder-for-201295"},"modified":"2023-03-06T10:25:27","modified_gmt":"2023-03-06T09:25:27","slug":"die-letzte-umarmung-des-berges","status":"publish","type":"product","link":"https:\/\/pizbube.ch\/en\/shop\/die-letzte-umarmung-des-berges\/","title":{"rendered":"Die letzte Umarmung des Berges"},"content":{"rendered":"<p>Das kurze, abenteuerliche Leben des Karl Unterkircher<\/p>\n<p>Die Biografie des Ausnahmealpinisten Karl Unterkircher.<br \/>\n&#8218;Sollte ich dem Menschen, den ich liebe, seine gr\u00f6\u00dfte Leidenschaft nehmen?&#8216;<br \/>\nMit dieser Frage begegnete Silke Unterkircher im Sommer 2008 den ersten<br \/>\nJournalisten, die sie nach dem Tod ihres Mannes am Nanga Parbat in ihrem Haus<br \/>\nempfing. Nun hat sie ihrem Mann und seiner Leidenschaft ein Buch gewidmet. Sie<br \/>\nbeschreibt, wie er mit f\u00fcnfzehn das Klettern entdeckte, und schildert seine<br \/>\ngr\u00f6\u00dften Leistungen, von den fr\u00fchen Erstbegehungen in der Steviagruppe \u00fcber die<br \/>\nNordwandbesteigung und \u00dcberschreitung des G II bis hin zum Gipfelsieg am<br \/>\nJasemba mit Hans Kammerlander im Jahre 2007. Und sie erz\u00e4hlt, wie ihr die<br \/>\nAnteilnahme von Familie, Weggef\u00e4hrten und Freunden nach dem Tod ihres Mannes<br \/>\nKraft und Mut gaben, gemeinsam mit ihren drei Kindern einen neuen<br \/>\nLebensabschnitt anzugehen.<\/p>","protected":false},"excerpt":{"rendered":"<p>Das kurze, abenteuerliche Leben des Karl Unterkircher Die Biografie des Ausnahmealpinisten Karl Unterkircher. &#8218;Sollte ich dem Menschen, den ich liebe, seine gr\u00f6\u00dfte Leidenschaft nehmen?&#8216; Mit dieser Frage begegnete Silke Unterkircher im Sommer 2008 den ersten Journalisten, die sie nach dem Tod ihres Mannes am Nanga Parbat in ihrem Haus empfing. Nun hat sie ihrem Mann [&#8230;]\n","protected":false},"featured_media":28604,"template":"","meta":[],"product_brand":[],"product_cat":[21629],"product_tag":[],"class_list":{"0":"post-151374","1":"product","2":"type-product","3":"status-publish","4":"has-post-thumbnail","6":"product_cat-belletristik","7":"pa_autor-unterkircher-marrone","8":"pa_erscheinungsjahr-21830","9":"pa_region-italien","10":"pa_sprache-de","12":"first","13":"outofstock","14":"taxable","15":"shipping-taxable","16":"purchasable","17":"product-type-simple"},"_links":{"self":[{"href":"https:\/\/pizbube.ch\/en\/wp-json\/wp\/v2\/product\/151374","targetHints":{"allow":["GET"]}}],"collection":[{"href":"https:\/\/pizbube.ch\/en\/wp-json\/wp\/v2\/product"}],"about":[{"href":"https:\/\/pizbube.ch\/en\/wp-json\/wp\/v2\/types\/product"}],"wp:featuredmedia":[{"embeddable":true,"href":"https:\/\/pizbube.ch\/en\/wp-json\/wp\/v2\/media\/28604"}],"wp:attachment":[{"href":"https:\/\/pizbube.ch\/en\/wp-json\/wp\/v2\/media?parent=151374"}],"wp:term":[{"taxonomy":"product_brand","embeddable":true,"href":"https:\/\/pizbube.ch\/en\/wp-json\/wp\/v2\/product_brand?post=151374"},{"taxonomy":"product_cat","embeddable":true,"href":"https:\/\/pizbube.ch\/en\/wp-json\/wp\/v2\/product_cat?post=151374"},{"taxonomy":"product_tag","embeddable":true,"href":"https:\/\/pizbube.ch\/en\/wp-json\/wp\/v2\/product_tag?post=151374"}],"curies":[{"name":"wp","href":"https:\/\/api.w.org\/{rel}","templated":true}]}}