{"id":151376,"date":"2021-01-15T12:00:18","date_gmt":"2021-01-15T12:00:18","guid":{"rendered":"https:\/\/codengine3.ch\/?product=import-placeholder-for-204074"},"modified":"2021-11-25T17:00:48","modified_gmt":"2021-11-25T16:00:48","slug":"extrem-faszination-und-gefahr-des-bergsteigens","status":"publish","type":"product","link":"https:\/\/pizbube.ch\/en\/shop\/extrem-faszination-und-gefahr-des-bergsteigens\/","title":{"rendered":"Extrem &#8211; Faszination und Gefahr des Bergsteigens"},"content":{"rendered":"<p>Dieses preisgekr\u00f6nte Buch bricht ein Tabu. Maria Coffey zeigt schonungslos die<br \/>\nandere Seite des Extrembergsteigens die der wartenden Familien und trauernden<br \/>\nAngeh\u00f6rigen, die den liebsten Menschen an eine Obsession verloren haben: das<br \/>\nBergsteigen.<\/p>\n<p>Ein packender Bericht \u00fcber die Sucht nach dem Risiko und eine<br \/>\nHommage an Extrembergsteiger wie Boukreev, Fischer, Simpson oder Hill, die es<br \/>\nimmer wieder dorthin zur\u00fcckzieht, wo t\u00f6dliche Gefahr und h\u00f6chstes Gl\u00fcck eins<br \/>\nwerden.<\/p>\n<p>292 S. Taschenbuchausgabe<\/p>","protected":false},"excerpt":{"rendered":"<p>Dieses preisgekr\u00f6nte Buch bricht ein Tabu. Maria Coffey zeigt schonungslos die andere Seite des Extrembergsteigens die der wartenden Familien und trauernden Angeh\u00f6rigen, die den liebsten Menschen an eine Obsession verloren haben: das Bergsteigen. Ein packender Bericht \u00fcber die Sucht nach dem Risiko und eine Hommage an Extrembergsteiger wie Boukreev, Fischer, Simpson oder Hill, die es [&#8230;]\n","protected":false},"featured_media":31821,"template":"","meta":[],"product_brand":[],"product_cat":[21542],"product_tag":[],"class_list":{"0":"post-151376","1":"product","2":"type-product","3":"status-publish","4":"has-post-thumbnail","6":"product_cat-sachbuecher-dokumentationen","7":"pa_autor-coffey","8":"pa_erscheinungsjahr-21693","9":"pa_region-deutschland","10":"pa_sprache-de","12":"first","13":"outofstock","14":"taxable","15":"shipping-taxable","16":"purchasable","17":"product-type-simple"},"_links":{"self":[{"href":"https:\/\/pizbube.ch\/en\/wp-json\/wp\/v2\/product\/151376","targetHints":{"allow":["GET"]}}],"collection":[{"href":"https:\/\/pizbube.ch\/en\/wp-json\/wp\/v2\/product"}],"about":[{"href":"https:\/\/pizbube.ch\/en\/wp-json\/wp\/v2\/types\/product"}],"wp:featuredmedia":[{"embeddable":true,"href":"https:\/\/pizbube.ch\/en\/wp-json\/wp\/v2\/media\/31821"}],"wp:attachment":[{"href":"https:\/\/pizbube.ch\/en\/wp-json\/wp\/v2\/media?parent=151376"}],"wp:term":[{"taxonomy":"product_brand","embeddable":true,"href":"https:\/\/pizbube.ch\/en\/wp-json\/wp\/v2\/product_brand?post=151376"},{"taxonomy":"product_cat","embeddable":true,"href":"https:\/\/pizbube.ch\/en\/wp-json\/wp\/v2\/product_cat?post=151376"},{"taxonomy":"product_tag","embeddable":true,"href":"https:\/\/pizbube.ch\/en\/wp-json\/wp\/v2\/product_tag?post=151376"}],"curies":[{"name":"wp","href":"https:\/\/api.w.org\/{rel}","templated":true}]}}