{"id":151377,"date":"2021-01-15T12:00:19","date_gmt":"2021-01-15T12:00:19","guid":{"rendered":"https:\/\/codengine3.ch\/?product=import-placeholder-for-201296"},"modified":"2021-01-15T12:00:22","modified_gmt":"2021-01-15T12:00:22","slug":"histoire-de-lalpinisme-les-alpes","status":"publish","type":"product","link":"https:\/\/pizbube.ch\/en\/shop\/histoire-de-lalpinisme-les-alpes\/","title":{"rendered":"Histoire de l`Alpinisme: Les Alpes"},"content":{"rendered":"<p>Les Alpes- Histoire de l`Alpinisme  <\/p>\n<p>Montrer que l`lpinisme est un mouvement ancr\u00e9 dans l`istoire et la sociologie<br \/>\ndes diff\u00e9rentes \u00e9poques auxquelles il est li\u00e9 et d\u00e9finir le mouvement alpin<br \/>\ndans le lieu privil\u00e9gi\u00e9 o\u00f9 est apparu l`lpinisme, avant tout les Alpes, tel<br \/>\nest le but de ce livre facilement accessible au plus grand nombre et qui<br \/>\ns`dresse \u00e0 tous ceux qui, de pr\u00e8s ou de loin, s`nteressent \u00e0 l`lpinisme et \u00e0<br \/>\nses \u00e9volutions.<\/p>","protected":false},"excerpt":{"rendered":"<p>Les Alpes- Histoire de l`Alpinisme Montrer que l`lpinisme est un mouvement ancr\u00e9 dans l`istoire et la sociologie des diff\u00e9rentes \u00e9poques auxquelles il est li\u00e9 et d\u00e9finir le mouvement alpin dans le lieu privil\u00e9gi\u00e9 o\u00f9 est apparu l`lpinisme, avant tout les Alpes, tel est le but de ce livre facilement accessible au plus grand nombre et [&#8230;]\n","protected":false},"featured_media":28606,"template":"","meta":[],"product_brand":[],"product_cat":[21542],"product_tag":[],"class_list":{"0":"post-151377","1":"product","2":"type-product","3":"status-publish","4":"has-post-thumbnail","6":"product_cat-sachbuecher-dokumentationen","7":"pa_autor-mestre","8":"pa_erscheinungsjahr-22151","9":"pa_region-frankreich","10":"pa_sprache-fr","12":"first","13":"instock","14":"taxable","15":"shipping-taxable","16":"purchasable","17":"product-type-simple"},"_links":{"self":[{"href":"https:\/\/pizbube.ch\/en\/wp-json\/wp\/v2\/product\/151377","targetHints":{"allow":["GET"]}}],"collection":[{"href":"https:\/\/pizbube.ch\/en\/wp-json\/wp\/v2\/product"}],"about":[{"href":"https:\/\/pizbube.ch\/en\/wp-json\/wp\/v2\/types\/product"}],"wp:featuredmedia":[{"embeddable":true,"href":"https:\/\/pizbube.ch\/en\/wp-json\/wp\/v2\/media\/28606"}],"wp:attachment":[{"href":"https:\/\/pizbube.ch\/en\/wp-json\/wp\/v2\/media?parent=151377"}],"wp:term":[{"taxonomy":"product_brand","embeddable":true,"href":"https:\/\/pizbube.ch\/en\/wp-json\/wp\/v2\/product_brand?post=151377"},{"taxonomy":"product_cat","embeddable":true,"href":"https:\/\/pizbube.ch\/en\/wp-json\/wp\/v2\/product_cat?post=151377"},{"taxonomy":"product_tag","embeddable":true,"href":"https:\/\/pizbube.ch\/en\/wp-json\/wp\/v2\/product_tag?post=151377"}],"curies":[{"name":"wp","href":"https:\/\/api.w.org\/{rel}","templated":true}]}}