{"id":151379,"date":"2021-01-15T12:00:19","date_gmt":"2021-01-15T12:00:19","guid":{"rendered":"https:\/\/codengine3.ch\/?product=import-placeholder-for-205905"},"modified":"2021-01-15T14:44:52","modified_gmt":"2021-01-15T14:44:52","slug":"citadins-au-sommet","status":"publish","type":"product","link":"https:\/\/pizbube.ch\/en\/shop\/citadins-au-sommet\/","title":{"rendered":"CITADINS AU SOMMET"},"content":{"rendered":"<p>L&#8217;ALPINISME GENEVOIS: (1865-1970): UN SIECLE D&#8217;HISTOIRE CULTURELLE ET SPORTIVE<br \/>\nBien que Gen\u00e8ve ne soit pas a priori une cit\u00e9 alpine, elle entretient, depuis<br \/>\nl&#8217;\u00e9pop\u00e9e de Saussure au Mont-Blanc, des liens privil\u00e9gi\u00e9s avec l&#8217;histoire des<br \/>\nAlpes et de l&#8217;alpinisme. D\u00e8s la fin du XIXe si\u00e8cle, la ville a vu na\u00eetre pr\u00e8s<br \/>\nd&#8217;une centaine de clubs de montagne, qui sont autant de manifestations de<br \/>\nl&#8217;attrait des Genevois pour les activit\u00e9s alpines. \u00c0 cette \u00e9poque d\u00e9bute \u00e9ga<br \/>\nlement l&#8217;histoire des varappes, sur les parois d&#8217;une montagne genevoise par<br \/>\nadoption : le Sal\u00e8ve. Au sein de ce microcosme alpin, le pr\u00e9sent ouvrage<br \/>\nentrecroise les parcours de trois soci\u00e9t\u00e9s : tout d&#8217;abord, le Club alpin<br \/>\nsuisse, institution d&#8217;envergure nationale dont l&#8217;ambition est de repr\u00e9senter<br \/>\nles amateurs des Alpes dans leur acception la plus large, et plus<br \/>\nparticuli\u00e8remen t sa section genevoise, cr\u00e9\u00e9e en 1865 ; ensuite, le club de<br \/>\nhaute montagne Androsace, fond\u00e9 en 1920 sous le nom d&#8217;Ondine des Alpes, et<br \/>\nenfin le GAO (Groupe Alpin Ouvrier), fond\u00e9 en 1945.  <\/p>\n<p>L&#8217;un et l&#8217;autre r\u00e9unissaient une \u00e9lite de grimpeurs, dont certains ont<br \/>\nlargement contribu\u00e9 \u00e0 forger la renomm\u00e9e internationale de l&#8217;alpinisme<br \/>\ngenevois. Afin de retracer la vie de ces groupements, i l a \u00e9t\u00e9 n\u00e9cessaire de<br \/>\nrecourir \u00e0 l&#8217;histoire orale pour parer aux lacunes des sources dites &#187;<br \/>\ntraditionnelles &#171;. Une s\u00e9rie d&#8217;entretiens vient ainsi compl\u00e9ter une<br \/>\ndocumentation abondante, mais disparate &#8211; et souvent dispers\u00e9e. Entre histoire<br \/>\net m\u00e9moire, cest\u00e9moignages constituent une archive in\u00e9dite \u00e0 l&#8217;int\u00e9rieur d&#8217;une<br \/>\nr\u00e9flexion portant sur l&#8217;\u00e9volution du regard des alpinistes vis-\u00e0 -vis de leur<br \/>\npropre pratique. Le but \u00e9tait \u00e9galement de rendre hommage \u00e0 certains acteurs<br \/>\nqui, \u00e0 des niveaux parfois diff\u00e9rents, ont marqu\u00e9 un cercle, un style, une<br \/>\n\u00e9poque. L&#8217;alpinisme, quant \u00e0 lui, est envisag\u00e9 en tant qu&#8217;activit\u00e9 \u00e9volutive,<br \/>\nexpression des horizons d&#8217;attente d&#8217;une soci\u00e9t\u00e9 et des tensions qui la<br \/>\ntraversent.  <\/p>","protected":false},"excerpt":{"rendered":"<p>L&#8217;ALPINISME GENEVOIS: (1865-1970): UN SIECLE D&#8217;HISTOIRE CULTURELLE ET SPORTIVE Bien que Gen\u00e8ve ne soit pas a priori une cit\u00e9 alpine, elle entretient, depuis l&#8217;\u00e9pop\u00e9e de Saussure au Mont-Blanc, des liens privil\u00e9gi\u00e9s avec l&#8217;histoire des Alpes et de l&#8217;alpinisme. D\u00e8s la fin du XIXe si\u00e8cle, la ville a vu na\u00eetre pr\u00e8s d&#8217;une centaine de clubs de [&#8230;]\n","protected":false},"featured_media":34759,"template":"","meta":[],"product_brand":[],"product_cat":[21542],"product_tag":[],"class_list":{"0":"post-151379","1":"product","2":"type-product","3":"status-publish","4":"has-post-thumbnail","6":"product_cat-sachbuecher-dokumentationen","7":"pa_autor-le-comte","8":"pa_erscheinungsjahr-21693","9":"pa_region-schweiz","10":"pa_sprache-fr","12":"first","13":"instock","14":"taxable","15":"shipping-taxable","16":"purchasable","17":"product-type-simple"},"_links":{"self":[{"href":"https:\/\/pizbube.ch\/en\/wp-json\/wp\/v2\/product\/151379","targetHints":{"allow":["GET"]}}],"collection":[{"href":"https:\/\/pizbube.ch\/en\/wp-json\/wp\/v2\/product"}],"about":[{"href":"https:\/\/pizbube.ch\/en\/wp-json\/wp\/v2\/types\/product"}],"wp:featuredmedia":[{"embeddable":true,"href":"https:\/\/pizbube.ch\/en\/wp-json\/wp\/v2\/media\/34759"}],"wp:attachment":[{"href":"https:\/\/pizbube.ch\/en\/wp-json\/wp\/v2\/media?parent=151379"}],"wp:term":[{"taxonomy":"product_brand","embeddable":true,"href":"https:\/\/pizbube.ch\/en\/wp-json\/wp\/v2\/product_brand?post=151379"},{"taxonomy":"product_cat","embeddable":true,"href":"https:\/\/pizbube.ch\/en\/wp-json\/wp\/v2\/product_cat?post=151379"},{"taxonomy":"product_tag","embeddable":true,"href":"https:\/\/pizbube.ch\/en\/wp-json\/wp\/v2\/product_tag?post=151379"}],"curies":[{"name":"wp","href":"https:\/\/api.w.org\/{rel}","templated":true}]}}