{"id":151380,"date":"2021-01-15T12:00:19","date_gmt":"2021-01-15T12:00:19","guid":{"rendered":"https:\/\/codengine3.ch\/?product=import-placeholder-for-206798"},"modified":"2021-01-15T14:52:05","modified_gmt":"2021-01-15T14:52:05","slug":"les-annees-montagne-une-histoire-de-lalpinisme-au-xxe-siecle","status":"publish","type":"product","link":"https:\/\/pizbube.ch\/en\/shop\/les-annees-montagne-une-histoire-de-lalpinisme-au-xxe-siecle\/","title":{"rendered":"Les ann\u00e9es montagne &#8211; Une histoire de l&#8217;alpinisme au XXe si\u00e8cle"},"content":{"rendered":"<p>Pendant un quart de si\u00e8cle, Jean-Michel Asselin a \u00e9t\u00e9 le t\u00e9moin privil\u00e9gi\u00e9, en<br \/>\ntant que journaliste, de ces &#8218;conqu\u00e9rants de l\u2019inutile&#8216; \u2014 grimpeurs,<br \/>\nalpinistes \u2014 qui s\u2019agitent sur les montagnes du monde. Il nous livre ici une<br \/>\nhistoire de la montagne revisit\u00e9e, qui prend son ancrage au d\u00e9but du si\u00e8cle<br \/>\ndernier et n\u2019est toujours pas achev\u00e9e.  <\/p>\n<p>Bien s\u00fbr, il y a les grands moments, les alpinistes incontournables, les<br \/>\nsommets foul\u00e9s pour la premi\u00e8re fois, mais dans ce livre il y a aussi toutes<br \/>\nces petites histoires, ces simples phrases ou ces visages qui nous emm\u00e8nent<br \/>\nsur les chemins abrupts et parfois inconnus de l\u2019histoire de l\u2019alpinisme.<br \/>\n&#8218;Une histoire qui n\u2019est pas \u00e9crite, puisqu\u2019il y a toujours des gens qui la<br \/>\nvivent. C\u2019est \u00e0 ces alpinistes et plus loin, \u00e0 tous ceux que cette \u00e9trange<br \/>\nhistoire interpelle que ce livre s\u2019adresse. Raconter quelques d\u00e9cennies \u00e0<br \/>\ntravers cette exp\u00e9rience qui m\u2019a valu de travailler au c\u0153ur de revues phares \u2013<br \/>\nAlpinisme &#038; Randonn\u00e9e, Montagnes Magazine et Vertical \u2013 a quelque chose de<br \/>\ntestimonial.  <\/p>\n<p>Dans une soci\u00e9t\u00e9 qui s\u2019abstrait de toute folie, de tout risque&#8216; gratuit&#8216;, ces<br \/>\nalpinistes ont \u00e9t\u00e9 et sont encore des dinosaures, voire des d\u00e9linquants ou de<br \/>\npo\u00e8tes. Des h\u00e9ros, \u00e0 ne pas imiter, des incompris, forc\u00e9ment magnifiques.&#8216;<br \/>\nLes ann\u00e9es montagne ne sont pas seulement racont\u00e9es, elles sont aussi montr\u00e9es<br \/>\nde la plus belle fa\u00e7on.  <\/p>","protected":false},"excerpt":{"rendered":"<p>Pendant un quart de si\u00e8cle, Jean-Michel Asselin a \u00e9t\u00e9 le t\u00e9moin privil\u00e9gi\u00e9, en tant que journaliste, de ces &#8218;conqu\u00e9rants de l\u2019inutile&#8216; \u2014 grimpeurs, alpinistes \u2014 qui s\u2019agitent sur les montagnes du monde. Il nous livre ici une histoire de la montagne revisit\u00e9e, qui prend son ancrage au d\u00e9but du si\u00e8cle dernier et n\u2019est toujours pas [&#8230;]\n","protected":false},"featured_media":36159,"template":"","meta":[],"product_brand":[],"product_cat":[21542],"product_tag":[],"class_list":{"0":"post-151380","1":"product","2":"type-product","3":"status-publish","4":"has-post-thumbnail","6":"product_cat-sachbuecher-dokumentationen","7":"pa_autor-asselin","8":"pa_erscheinungsjahr-21610","9":"pa_region-frankreich","10":"pa_sprache-fr","12":"first","13":"instock","14":"taxable","15":"shipping-taxable","16":"purchasable","17":"product-type-simple"},"_links":{"self":[{"href":"https:\/\/pizbube.ch\/en\/wp-json\/wp\/v2\/product\/151380","targetHints":{"allow":["GET"]}}],"collection":[{"href":"https:\/\/pizbube.ch\/en\/wp-json\/wp\/v2\/product"}],"about":[{"href":"https:\/\/pizbube.ch\/en\/wp-json\/wp\/v2\/types\/product"}],"wp:featuredmedia":[{"embeddable":true,"href":"https:\/\/pizbube.ch\/en\/wp-json\/wp\/v2\/media\/36159"}],"wp:attachment":[{"href":"https:\/\/pizbube.ch\/en\/wp-json\/wp\/v2\/media?parent=151380"}],"wp:term":[{"taxonomy":"product_brand","embeddable":true,"href":"https:\/\/pizbube.ch\/en\/wp-json\/wp\/v2\/product_brand?post=151380"},{"taxonomy":"product_cat","embeddable":true,"href":"https:\/\/pizbube.ch\/en\/wp-json\/wp\/v2\/product_cat?post=151380"},{"taxonomy":"product_tag","embeddable":true,"href":"https:\/\/pizbube.ch\/en\/wp-json\/wp\/v2\/product_tag?post=151380"}],"curies":[{"name":"wp","href":"https:\/\/api.w.org\/{rel}","templated":true}]}}