{"id":151381,"date":"2021-01-15T12:00:19","date_gmt":"2021-01-15T12:00:19","guid":{"rendered":"https:\/\/codengine3.ch\/?product=import-placeholder-for-205957"},"modified":"2021-01-15T14:45:13","modified_gmt":"2021-01-15T14:45:13","slug":"dictionnaire-de-la-montagne","status":"publish","type":"product","link":"https:\/\/pizbube.ch\/en\/shop\/dictionnaire-de-la-montagne\/","title":{"rendered":"Dictionnaire de la montagne"},"content":{"rendered":"<p>L&#8217;univers montagnard explor\u00e9 en 2 600 mots dans un dictionnaire multiforme :<br \/>\nles lieux, les hommes, les b\u00eates, les fleurs, mais aussi les r\u00eaves, les<br \/>\nexploits, les h\u00e9ros&#8230; Des recensions de toutes les grandes &#8218;premi\u00e8res&#8216;, les<br \/>\nbiographies des plus c\u00e9l\u00e8bres grimpeurs et d\u00e9couvreurs, des itin\u00e9raires, des<br \/>\nid\u00e9es de randonn\u00e9es&#8230; Si, de pr\u00e8s ou de loin, la montagne vous inspire ou<br \/>\nvous aspire, ce livre est pour vous.<\/p>","protected":false},"excerpt":{"rendered":"<p>L&#8217;univers montagnard explor\u00e9 en 2 600 mots dans un dictionnaire multiforme : les lieux, les hommes, les b\u00eates, les fleurs, mais aussi les r\u00eaves, les exploits, les h\u00e9ros&#8230; Des recensions de toutes les grandes &#8218;premi\u00e8res&#8216;, les biographies des plus c\u00e9l\u00e8bres grimpeurs et d\u00e9couvreurs, des itin\u00e9raires, des id\u00e9es de randonn\u00e9es&#8230; Si, de pr\u00e8s ou de loin, [&#8230;]\n","protected":false},"featured_media":34821,"template":"","meta":[],"product_brand":[],"product_cat":[21542],"product_tag":[],"class_list":{"0":"post-151381","1":"product","2":"type-product","3":"status-publish","4":"has-post-thumbnail","6":"product_cat-sachbuecher-dokumentationen","7":"pa_autor-jouty-odier","8":"pa_erscheinungsjahr-21693","9":"pa_region-frankreich","10":"pa_sprache-fr","12":"first","13":"instock","14":"taxable","15":"shipping-taxable","16":"purchasable","17":"product-type-simple"},"_links":{"self":[{"href":"https:\/\/pizbube.ch\/en\/wp-json\/wp\/v2\/product\/151381","targetHints":{"allow":["GET"]}}],"collection":[{"href":"https:\/\/pizbube.ch\/en\/wp-json\/wp\/v2\/product"}],"about":[{"href":"https:\/\/pizbube.ch\/en\/wp-json\/wp\/v2\/types\/product"}],"wp:featuredmedia":[{"embeddable":true,"href":"https:\/\/pizbube.ch\/en\/wp-json\/wp\/v2\/media\/34821"}],"wp:attachment":[{"href":"https:\/\/pizbube.ch\/en\/wp-json\/wp\/v2\/media?parent=151381"}],"wp:term":[{"taxonomy":"product_brand","embeddable":true,"href":"https:\/\/pizbube.ch\/en\/wp-json\/wp\/v2\/product_brand?post=151381"},{"taxonomy":"product_cat","embeddable":true,"href":"https:\/\/pizbube.ch\/en\/wp-json\/wp\/v2\/product_cat?post=151381"},{"taxonomy":"product_tag","embeddable":true,"href":"https:\/\/pizbube.ch\/en\/wp-json\/wp\/v2\/product_tag?post=151381"}],"curies":[{"name":"wp","href":"https:\/\/api.w.org\/{rel}","templated":true}]}}