{"id":151382,"date":"2021-01-15T12:00:19","date_gmt":"2021-01-15T12:00:19","guid":{"rendered":"https:\/\/codengine3.ch\/?product=import-placeholder-for-204073"},"modified":"2021-01-15T14:29:32","modified_gmt":"2021-01-15T14:29:32","slug":"histoire-de-lalpinisme","status":"publish","type":"product","link":"https:\/\/pizbube.ch\/en\/shop\/histoire-de-lalpinisme\/","title":{"rendered":"Histoire de l&#8217;alpinisme"},"content":{"rendered":"<p>Cette nouvelle \u00e9dition de L&#8217;Histoire de l&#8217;alpinisme comporte de nouvelles<br \/>\ndates cl\u00e9s, pr\u00e9cise quelles nouvelles voies ont \u00e9t\u00e9 ouvertes, montre comment<br \/>\nla montagne elle-m\u00eame s&#8217;est transform\u00e9e, et rend hommage aux alpinistes qui<br \/>\nont disparu&#8230;<\/p>\n<p>Un livre historique et d&#8217;histoires \u00b7 Dans les Alpes et l&#8217;Himalaya \u00b7<br \/>\nCristalliers et chasseurs de chamois: la montagne par n\u00e9cessit\u00e9 \u00b7 La conqu\u00eate<br \/>\ndu mont Blanc (1786) \u00b7 L&#8217;alpinisme scientifique \u00b7 La conqu\u00eate des sommets des<br \/>\nAlpes \u00b7 Naissance d&#8217;une technique de progression \u00b7 La rel\u00e8ve fran\u00e7aise<br \/>\n(1940-1960) \u00b7 La conqu\u00eate des g\u00e9ants himalayens: Annapurna, K2, Makalu&#8230; \u00b7<\/p>\n<p>L&#8217;\u00e9pop\u00e9e de l&#8217;Everest (1953) \u00b7 \u00c9volution actuelle: solos, hivernales,<br \/>\nencha\u00eenements, ascensions sans oxyg\u00e8ne&#8230; Un livre de r\u00e9f\u00e9rence \u00b7 Un texte<br \/>\nr\u00e9dig\u00e9 par deux grands sp\u00e9cialistes et historiens de la montagne, Roger<br \/>\nFrison-Roche et Sylvain Jouty \u00b7 50 biographies d&#8217;alpinistes \u00b7 100 dates cl\u00e9s \u00b7<br \/>\nUne bibliographie tr\u00e8s compl\u00e8te Une iconographie riche et vari\u00e9e \u00b7 Plus de 500<br \/>\ndocuments, dont des gravures anciennes, des reproductions de tableaux, des<br \/>\ndessins, des photographies anciennes et contemporaines, des cartes&#8230;  <\/p>","protected":false},"excerpt":{"rendered":"<p>Cette nouvelle \u00e9dition de L&#8217;Histoire de l&#8217;alpinisme comporte de nouvelles dates cl\u00e9s, pr\u00e9cise quelles nouvelles voies ont \u00e9t\u00e9 ouvertes, montre comment la montagne elle-m\u00eame s&#8217;est transform\u00e9e, et rend hommage aux alpinistes qui ont disparu&#8230; Un livre historique et d&#8217;histoires \u00b7 Dans les Alpes et l&#8217;Himalaya \u00b7 Cristalliers et chasseurs de chamois: la montagne par n\u00e9cessit\u00e9 [&#8230;]\n","protected":false},"featured_media":31820,"template":"","meta":[],"product_brand":[],"product_cat":[21542],"product_tag":[],"class_list":{"0":"post-151382","1":"product","2":"type-product","3":"status-publish","4":"has-post-thumbnail","6":"product_cat-sachbuecher-dokumentationen","7":"pa_autor-frison-roche-jouty","8":"pa_erscheinungsjahr-22292","9":"pa_region-frankreich","10":"pa_sprache-fr","12":"first","13":"instock","14":"taxable","15":"shipping-taxable","16":"purchasable","17":"product-type-simple"},"_links":{"self":[{"href":"https:\/\/pizbube.ch\/en\/wp-json\/wp\/v2\/product\/151382","targetHints":{"allow":["GET"]}}],"collection":[{"href":"https:\/\/pizbube.ch\/en\/wp-json\/wp\/v2\/product"}],"about":[{"href":"https:\/\/pizbube.ch\/en\/wp-json\/wp\/v2\/types\/product"}],"wp:featuredmedia":[{"embeddable":true,"href":"https:\/\/pizbube.ch\/en\/wp-json\/wp\/v2\/media\/31820"}],"wp:attachment":[{"href":"https:\/\/pizbube.ch\/en\/wp-json\/wp\/v2\/media?parent=151382"}],"wp:term":[{"taxonomy":"product_brand","embeddable":true,"href":"https:\/\/pizbube.ch\/en\/wp-json\/wp\/v2\/product_brand?post=151382"},{"taxonomy":"product_cat","embeddable":true,"href":"https:\/\/pizbube.ch\/en\/wp-json\/wp\/v2\/product_cat?post=151382"},{"taxonomy":"product_tag","embeddable":true,"href":"https:\/\/pizbube.ch\/en\/wp-json\/wp\/v2\/product_tag?post=151382"}],"curies":[{"name":"wp","href":"https:\/\/api.w.org\/{rel}","templated":true}]}}