{"id":151383,"date":"2021-01-15T12:00:19","date_gmt":"2021-01-15T12:00:19","guid":{"rendered":"https:\/\/codengine3.ch\/?product=import-placeholder-for-204958"},"modified":"2021-01-15T14:37:36","modified_gmt":"2021-01-15T14:37:36","slug":"lalpe-19-des-sports-et-des-jeux","status":"publish","type":"product","link":"https:\/\/pizbube.ch\/en\/shop\/lalpe-19-des-sports-et-des-jeux\/","title":{"rendered":"L&#8217;Alpe 19 Des sports et des jeux"},"content":{"rendered":"<p>Terrain de jeux de l&#8217;Europe  <\/p>\n<p>R\u00e9sum\u00e9 : En 1871, l&#8217;\u00e9crivain britannique Leslie Stephen publiait The<br \/>\nPlayground of Europe. Le terrain de jeux de l&#8217;Europe d\u00e9signait alors (d\u00e9j\u00e0 !)<br \/>\nles Alpes. Un livre pr\u00e9monitoire puisque l&#8217;alpinisme, encore balbutiant, \u00e9tait<br \/>\nr\u00e9serv\u00e9 \u00e0 une \u00e9lite et que le ski n&#8217;avait presque pas \u00e9t\u00e9 invent\u00e9.  <\/p>\n<p>Cent trente ans apr\u00e8s, on a industrialis\u00e9 le terrain de jeux \u00e0 grands coups de<br \/>\nstations de sports d&#8217;hiver et de via ferrata, voire imagin\u00e9 de nouvelles<br \/>\npratiques : depuis les travers\u00e9es a\u00e9riennes en parapente jusqu&#8217;aux randonn\u00e9es<br \/>\ncyclo-touristiques en passant par le canyoning et le dry-tooling, Par quel<br \/>\ncheminement l&#8217;alpe agro-pastorale s&#8217;est-elle transform\u00e9e, en moins d&#8217;un<br \/>\nsi\u00e8cle, en alpiland &#8211; Quelles sont les tendances naissantes qui<br \/>\nbouleverseront, demain, le paysage sportif et culturel de la montagne &#8211; Autant<br \/>\nde questions auxquelles tente de r\u00e9pondre ce tome 19 de la revue L&#8217;Alpe.  <\/p>","protected":false},"excerpt":{"rendered":"<p>Terrain de jeux de l&#8217;Europe R\u00e9sum\u00e9 : En 1871, l&#8217;\u00e9crivain britannique Leslie Stephen publiait The Playground of Europe. Le terrain de jeux de l&#8217;Europe d\u00e9signait alors (d\u00e9j\u00e0 !) les Alpes. Un livre pr\u00e9monitoire puisque l&#8217;alpinisme, encore balbutiant, \u00e9tait r\u00e9serv\u00e9 \u00e0 une \u00e9lite et que le ski n&#8217;avait presque pas \u00e9t\u00e9 invent\u00e9. Cent trente ans apr\u00e8s, [&#8230;]\n","protected":false},"featured_media":33520,"template":"","meta":[],"product_brand":[],"product_cat":[21541],"product_tag":[],"class_list":{"0":"post-151383","1":"product","2":"type-product","3":"status-publish","4":"has-post-thumbnail","6":"product_cat-zeitschriften","7":"pa_autor-lalpe-2","8":"pa_erscheinungsjahr-22292","9":"pa_region-frankreich","10":"pa_sprache-fr","12":"first","13":"instock","14":"taxable","15":"shipping-taxable","16":"purchasable","17":"product-type-simple"},"_links":{"self":[{"href":"https:\/\/pizbube.ch\/en\/wp-json\/wp\/v2\/product\/151383","targetHints":{"allow":["GET"]}}],"collection":[{"href":"https:\/\/pizbube.ch\/en\/wp-json\/wp\/v2\/product"}],"about":[{"href":"https:\/\/pizbube.ch\/en\/wp-json\/wp\/v2\/types\/product"}],"wp:featuredmedia":[{"embeddable":true,"href":"https:\/\/pizbube.ch\/en\/wp-json\/wp\/v2\/media\/33520"}],"wp:attachment":[{"href":"https:\/\/pizbube.ch\/en\/wp-json\/wp\/v2\/media?parent=151383"}],"wp:term":[{"taxonomy":"product_brand","embeddable":true,"href":"https:\/\/pizbube.ch\/en\/wp-json\/wp\/v2\/product_brand?post=151383"},{"taxonomy":"product_cat","embeddable":true,"href":"https:\/\/pizbube.ch\/en\/wp-json\/wp\/v2\/product_cat?post=151383"},{"taxonomy":"product_tag","embeddable":true,"href":"https:\/\/pizbube.ch\/en\/wp-json\/wp\/v2\/product_tag?post=151383"}],"curies":[{"name":"wp","href":"https:\/\/api.w.org\/{rel}","templated":true}]}}