{"id":151384,"date":"2021-01-15T12:00:19","date_gmt":"2021-01-15T12:00:19","guid":{"rendered":"https:\/\/codengine3.ch\/?product=import-placeholder-for-206764"},"modified":"2021-01-15T14:51:42","modified_gmt":"2021-01-15T14:51:42","slug":"la-dent-du-piment-balade-epicee-dans-lhistoire-de-lalpinisme","status":"publish","type":"product","link":"https:\/\/pizbube.ch\/en\/shop\/la-dent-du-piment-balade-epicee-dans-lhistoire-de-lalpinisme\/","title":{"rendered":"La Dent du Piment &#8211; Balade \u00e9pic\u00e9e dans l&#8217;histoire de l&#8217;alpinisme"},"content":{"rendered":"<p>\nUne balade incisive et piquante dans l&#8217;histoire de l&#8217;alpinisme \u00e0 travers 100<br \/>\ndates choisies en toute subjectivit\u00e9 par un jeune auteur \u00e9clair\u00e9 et audacieux.  <\/p>\n<p>Que s\u2019est-il pass\u00e9 le 27 avril 1336 sur le mont Ventoux ? Le 3 juin 1950 \u00e0<br \/>\nl\u2019Annapurna ? Le 27 janvier 2018 au Nanga Parbat ? A chaque fois, Thomas<br \/>\nVennin apporte une r\u00e9ponse piquante. Le jeune passionn\u00e9 d\u2019alpinisme se balade<br \/>\n\u00e0 travers l\u2019histoire en revisitant les moments d\u00e9cisifs avec humour, maniant<br \/>\njoyeusement la m\u00e9taphore cocasse ou l&#8217;all\u00e9gorie absurde. Fantaisie ? Pas<br \/>\nseulement, car le pas de c\u00f4t\u00e9 permet de voir l\u2019alpinisme sous un angle<br \/>\nnouveau, d\u00e9cap\u00e9 au vitriol des poncifs martiaux et virils qui lui collent<br \/>\nencore trop souvent \u00e0 la peau.  <\/p>\n<p>Le rapprochement des dates fait appara\u00eetre des co\u00efncidences surprenantes :<\/p>\n<p>l&#8217;Everest est baptis\u00e9 en 1865, l&#8217;ann\u00e9e o\u00f9 le Cervin est gravi ; en 1950, le<br \/>\nMalabar Princess s\u2019\u00e9crase sur le mont Blanc cinq mois jour pour jour apr\u00e8s<br \/>\nl\u2019ascension victorieuse de l\u2019Annapurna ; en 1970, Reinhold Messner revient<br \/>\nseul du Nanga Parbat un mois apr\u00e8s le succ\u00e8s collectif et cacophonique des<br \/>\nAnglais dans la face sud de l\u2019Annapurna. Et ainsi de suite&#8230;  <\/p>\n<p>Une lecture plaisir, une occasion de r\u00e9viser ses classiques et de<br \/>\n(re)d\u00e9couvrir des recoins cach\u00e9s de l\u2019histoire de l\u2019alpinisme, \u00e9clair\u00e9s par la<br \/>\ncuriosit\u00e9 l\u00e9g\u00e8re de Thomas Vennin.  <\/p>","protected":false},"excerpt":{"rendered":"<p>Une balade incisive et piquante dans l&#8217;histoire de l&#8217;alpinisme \u00e0 travers 100 dates choisies en toute subjectivit\u00e9 par un jeune auteur \u00e9clair\u00e9 et audacieux. Que s\u2019est-il pass\u00e9 le 27 avril 1336 sur le mont Ventoux ? Le 3 juin 1950 \u00e0 l\u2019Annapurna ? Le 27 janvier 2018 au Nanga Parbat ? A chaque fois, Thomas [&#8230;]\n","protected":false},"featured_media":36062,"template":"","meta":[],"product_brand":[],"product_cat":[21542],"product_tag":[],"class_list":{"0":"post-151384","1":"product","2":"type-product","3":"status-publish","4":"has-post-thumbnail","6":"product_cat-sachbuecher-dokumentationen","7":"pa_autor-vennin","8":"pa_erscheinungsjahr-21586","9":"pa_region-frankreich","10":"pa_sprache-fr","12":"first","13":"instock","14":"taxable","15":"shipping-taxable","16":"purchasable","17":"product-type-simple"},"_links":{"self":[{"href":"https:\/\/pizbube.ch\/en\/wp-json\/wp\/v2\/product\/151384","targetHints":{"allow":["GET"]}}],"collection":[{"href":"https:\/\/pizbube.ch\/en\/wp-json\/wp\/v2\/product"}],"about":[{"href":"https:\/\/pizbube.ch\/en\/wp-json\/wp\/v2\/types\/product"}],"wp:featuredmedia":[{"embeddable":true,"href":"https:\/\/pizbube.ch\/en\/wp-json\/wp\/v2\/media\/36062"}],"wp:attachment":[{"href":"https:\/\/pizbube.ch\/en\/wp-json\/wp\/v2\/media?parent=151384"}],"wp:term":[{"taxonomy":"product_brand","embeddable":true,"href":"https:\/\/pizbube.ch\/en\/wp-json\/wp\/v2\/product_brand?post=151384"},{"taxonomy":"product_cat","embeddable":true,"href":"https:\/\/pizbube.ch\/en\/wp-json\/wp\/v2\/product_cat?post=151384"},{"taxonomy":"product_tag","embeddable":true,"href":"https:\/\/pizbube.ch\/en\/wp-json\/wp\/v2\/product_tag?post=151384"}],"curies":[{"name":"wp","href":"https:\/\/api.w.org\/{rel}","templated":true}]}}