{"id":151386,"date":"2021-01-15T12:00:19","date_gmt":"2021-01-15T12:00:19","guid":{"rendered":"https:\/\/codengine3.ch\/?product=import-placeholder-for-207972"},"modified":"2021-01-15T17:48:47","modified_gmt":"2021-01-15T17:48:47","slug":"cordees-celebres","status":"publish","type":"product","link":"https:\/\/pizbube.ch\/en\/shop\/cordees-celebres\/","title":{"rendered":"Cord\u00e9es c\u00e9l\u00e8bres"},"content":{"rendered":"<p>L\u2019histoire de l\u2019alpinisme offre moult exemples de cord\u00e9es et d\u2019entreprises<br \/>\nexceptionnelles, dont les r\u00e9cits favorisent la parfaite compr\u00e9hension des<br \/>\nmotivations de chacun dans l\u2019\u00e9laboration des projets et l\u2019approche mentale qui<br \/>\npermet de se confronter aux plus difficiles situations.<\/p>\n<p>Dans l\u2019histoire de l\u2019exploration des montagnes du monde, du XIXe si\u00e8cle \u00e0 nos<br \/>\njours, quelques cord\u00e9es se sont particuli\u00e8rement distingu\u00e9es par leur<br \/>\nexcellence et le nombre important de leurs r\u00e9ussites. Ce livre raconte de<br \/>\nmani\u00e8re captivante les aventures humaines et les liens tr\u00e8s forts qui ont<br \/>\ncaract\u00e9ris\u00e9 vingt des meilleures cord\u00e9es de tous les temps ; des ascensions<br \/>\nd\u2019Albert Frederick Mummery et d\u2019Alexander Burgener \u00e0 la fin du XIXe si\u00e8cle \u00e0<br \/>\ncelles r\u00e9centes des fr\u00e8res Huber, en passant par les r\u00e9alisations de Riccardo<br \/>\nCassin et Vittorio Ratti durant l\u2019entre-deux-guerres, celles de Reinhold et<br \/>\nG\u00fcnther Messner dans les ann\u00e9es 1960 et celles de Patrick Gabarrou et Alexis<br \/>\nLong dans les ann\u00e9es 1980\u2026<\/p>\n<p>Alexander Burgener et Albert Frederick Mummery<\/p>\n<p>Angelo Dibona, Luigi Rizzi, Guido et Max Mayer<\/p>\n<p>Hans Steger et Paula Wiesinger<\/p>\n<p>Ettore Castiglioni et Bruno Detassis<\/p>\n<p>Riccardo Cassin et Vittorio Ratti<\/p>\n<p>Joe Brown et Don Whillans<\/p>\n<p>Lucien B\u00e9rardini et Robert Paragot<\/p>\n<p>Jean Couzy et Ren\u00e9 Desmaison<\/p>\n<p>Lothar Brandler et Dietrich Hasse<\/p>\n<p>Armando Aste et Franco Solina<\/p>\n<p>Tom Frost et Royal Robbins<\/p>\n<p>Jos\u00e9 Manuel Anglada et Jordi Pons<\/p>\n<p>G\u00fcnther et Reinhold Messner<\/p>\n<p>Peter Boardman et Joe Tasker<\/p>\n<p>Heinz Mariacher et Luisa Iovane<\/p>\n<p>Patrick Gabarrou et Alexis Long<\/p>\n<p>Kurt Albert et Wolfgang G\u00fcllich<\/p>\n<p>Maurizio Giordani et Rosanna Manfrini<\/p>\n<p>Alexander et Thomas Huber<\/p>\n<p>Ermanno Salvaterra et Alessandro Beltrami<\/p>","protected":false},"excerpt":{"rendered":"<p>L\u2019histoire de l\u2019alpinisme offre moult exemples de cord\u00e9es et d\u2019entreprises exceptionnelles, dont les r\u00e9cits favorisent la parfaite compr\u00e9hension des motivations de chacun dans l\u2019\u00e9laboration des projets et l\u2019approche mentale qui permet de se confronter aux plus difficiles situations. Dans l\u2019histoire de l\u2019exploration des montagnes du monde, du XIXe si\u00e8cle \u00e0 nos jours, quelques cord\u00e9es se [&#8230;]\n","protected":false},"featured_media":39000,"template":"","meta":[],"product_brand":[],"product_cat":[21542],"product_tag":[],"class_list":{"0":"post-151386","1":"product","2":"type-product","3":"status-publish","4":"has-post-thumbnail","6":"product_cat-sachbuecher-dokumentationen","7":"pa_autor-gogna-raggio","8":"pa_erscheinungsjahr-21550","9":"pa_region-frankreich","10":"pa_sprache-fr","12":"first","13":"instock","14":"taxable","15":"shipping-taxable","16":"purchasable","17":"product-type-simple"},"_links":{"self":[{"href":"https:\/\/pizbube.ch\/en\/wp-json\/wp\/v2\/product\/151386","targetHints":{"allow":["GET"]}}],"collection":[{"href":"https:\/\/pizbube.ch\/en\/wp-json\/wp\/v2\/product"}],"about":[{"href":"https:\/\/pizbube.ch\/en\/wp-json\/wp\/v2\/types\/product"}],"wp:featuredmedia":[{"embeddable":true,"href":"https:\/\/pizbube.ch\/en\/wp-json\/wp\/v2\/media\/39000"}],"wp:attachment":[{"href":"https:\/\/pizbube.ch\/en\/wp-json\/wp\/v2\/media?parent=151386"}],"wp:term":[{"taxonomy":"product_brand","embeddable":true,"href":"https:\/\/pizbube.ch\/en\/wp-json\/wp\/v2\/product_brand?post=151386"},{"taxonomy":"product_cat","embeddable":true,"href":"https:\/\/pizbube.ch\/en\/wp-json\/wp\/v2\/product_cat?post=151386"},{"taxonomy":"product_tag","embeddable":true,"href":"https:\/\/pizbube.ch\/en\/wp-json\/wp\/v2\/product_tag?post=151386"}],"curies":[{"name":"wp","href":"https:\/\/api.w.org\/{rel}","templated":true}]}}