{"id":151387,"date":"2021-01-15T12:00:19","date_gmt":"2021-01-15T12:00:19","guid":{"rendered":"https:\/\/codengine3.ch\/?product=import-placeholder-for-208583"},"modified":"2021-01-15T17:55:34","modified_gmt":"2021-01-15T17:55:34","slug":"klettern-fuer-freiheit","status":"publish","type":"product","link":"https:\/\/pizbube.ch\/en\/shop\/klettern-fuer-freiheit\/","title":{"rendered":"Klettern f\u00fcr Freiheit"},"content":{"rendered":"<p>Aus der Tristesse des polnischen Sozialismus, aus den grauen Industriegebieten<br \/>\nund der von Krieg und Unterdr\u00fcckung schwer gezeichneten Gesellschaft, steigen<br \/>\ndie polnischen Alpinisten der 1970er- und 1980er-Jahre in den Himmel des<br \/>\nHimalaya: Ihnen gelingen h\u00e4rteste W\u00e4nde an den Achttausendern; als erste<br \/>\nersteigen sie die h\u00f6chsten Gipfel der Erde im Winter. Ihre Unverw\u00fcstlichkeit<br \/>\nund H\u00e4rte wird legend\u00e4r.<\/p>\n<p>So erobert Jerzy Kukuczka kurz nach Reinhold Messner alle 14 Achttausender der<br \/>\nErde \u2013 aber meist auf \u00e4usserst schwierigen Routen oder im Winter. Wanda<br \/>\nRutkiewicz wird zur erfolgreichsten weiblichen H\u00f6henbergsteigerin. Und Voytek<br \/>\nKurtyka setzt neue Massst\u00e4be im Alpinstil. Um ihre Expeditionen organisieren<br \/>\nund finanzieren zu k\u00f6nnen, entwickeln die Bergsteiger nicht nur eine<br \/>\nph\u00e4nomenale organisatorische und politische Findigkeit, sondern werden<br \/>\nheimlich marktwirtschaftlich t\u00e4tig.W\u00e4hrend die meisten Polen hinter dem<br \/>\neisernen Vorhang festsitzen, fahren die Bergsteiger nach Westeuropa, Alaska,<br \/>\nNeuseeland, Pakistan, Nepal und Indien, wo sie einen Gipfel nach dem anderen<br \/>\nbesteigen.<\/p>\n<p>Staat und Alpinismus bilden eine denkw\u00fcrdige Symbiose, von der beide auf ihre<br \/>\neigene Art und Weise profitieren. Bernadette McDonalds Buch erz\u00e4hlt, wie es<br \/>\ndiesen Bergsteigern gelang, Mangel in Erfolg, Nachteile in Vorteile,<br \/>\nRepression in Freiheit zu verwandeln. Es berichtet von Routen, die an der<br \/>\nGrenze des Menschenm\u00f6glichen stehen; an der Scheide zwischen Leben und Tod.<br \/>\nEin pers\u00f6nliches und starkes Buch, das den Mensch hinter der Legende, die<br \/>\nZusammenh\u00e4nge hinter den Fakten aufzeigt: fesselnd geschrieben, faszinierend<br \/>\nvon der ersten bis zur letzten Seite. Ein Buch, das von Abenteuer, Politik,<br \/>\nLeidenschaft, Z\u00e4hig-keit, von Leben, Tod und der Freiheit in den Bergen<br \/>\nerz\u00e4hlt.<\/p>","protected":false},"excerpt":{"rendered":"<p>Aus der Tristesse des polnischen Sozialismus, aus den grauen Industriegebieten und der von Krieg und Unterdr\u00fcckung schwer gezeichneten Gesellschaft, steigen die polnischen Alpinisten der 1970er- und 1980er-Jahre in den Himmel des Himalaya: Ihnen gelingen h\u00e4rteste W\u00e4nde an den Achttausendern; als erste ersteigen sie die h\u00f6chsten Gipfel der Erde im Winter. Ihre Unverw\u00fcstlichkeit und H\u00e4rte wird [&#8230;]\n","protected":false},"featured_media":40627,"template":"","meta":[],"product_brand":[],"product_cat":[21542],"product_tag":[],"class_list":{"0":"post-151387","1":"product","2":"type-product","3":"status-publish","4":"has-post-thumbnail","6":"product_cat-sachbuecher-dokumentationen","7":"pa_autor-mcdonald","8":"pa_erscheinungsjahr-21568","9":"pa_region-osteuropa","10":"pa_sprache-de","12":"first","13":"instock","14":"taxable","15":"shipping-taxable","16":"purchasable","17":"product-type-simple"},"_links":{"self":[{"href":"https:\/\/pizbube.ch\/en\/wp-json\/wp\/v2\/product\/151387","targetHints":{"allow":["GET"]}}],"collection":[{"href":"https:\/\/pizbube.ch\/en\/wp-json\/wp\/v2\/product"}],"about":[{"href":"https:\/\/pizbube.ch\/en\/wp-json\/wp\/v2\/types\/product"}],"wp:featuredmedia":[{"embeddable":true,"href":"https:\/\/pizbube.ch\/en\/wp-json\/wp\/v2\/media\/40627"}],"wp:attachment":[{"href":"https:\/\/pizbube.ch\/en\/wp-json\/wp\/v2\/media?parent=151387"}],"wp:term":[{"taxonomy":"product_brand","embeddable":true,"href":"https:\/\/pizbube.ch\/en\/wp-json\/wp\/v2\/product_brand?post=151387"},{"taxonomy":"product_cat","embeddable":true,"href":"https:\/\/pizbube.ch\/en\/wp-json\/wp\/v2\/product_cat?post=151387"},{"taxonomy":"product_tag","embeddable":true,"href":"https:\/\/pizbube.ch\/en\/wp-json\/wp\/v2\/product_tag?post=151387"}],"curies":[{"name":"wp","href":"https:\/\/api.w.org\/{rel}","templated":true}]}}