{"id":151389,"date":"2021-01-15T12:00:19","date_gmt":"2021-01-15T12:00:19","guid":{"rendered":"https:\/\/codengine3.ch\/?product=import-placeholder-for-202547"},"modified":"2023-03-31T11:41:14","modified_gmt":"2023-03-31T09:41:14","slug":"30-plus-beaux-canyons-des-alpes-du-sud","status":"publish","type":"product","link":"https:\/\/pizbube.ch\/en\/shop\/30-plus-beaux-canyons-des-alpes-du-sud\/","title":{"rendered":"30 plus beaux canyons des Alpes du Sud"},"content":{"rendered":"<p>Alpes Martimimes, Verdon, Ligurie:<br \/>\nLes vall\u00e9es maritimes, proven\u00e7ales et pi\u00e9montaises poss\u00e8dent un v\u00e9ritable<br \/>\nvivier de canyons.<\/p>\n<p>Ce guide vous permettra de d\u00e9couvrir les trente plus beaux<br \/>\ncanyons des Alpes sans fronti\u00e8res.<\/p>\n<p>Cet ouvrage dans son \u00e9dition de 2006 pr\u00e9sente des coupes tr\u00e8s simplifi\u00e9e des canyons ainsi que les plans d&#8217;acc\u00e8s accompagn\u00e9s d&#8217;un descriptif et de photos parfois un peu vieillissantes. N\u00e9anmoins, les canyons pr\u00e9sent\u00e9s sont des grandes classiques, quasi incontournables, du Verdon, des Alpes-Maritimes, et de l&#8217;Italie proche.<br \/>\nBref, un ouvrage abordable, pour d\u00e9buter.<\/p>\n<p>150 pages, 14cm x 21cm<\/p>","protected":false},"excerpt":{"rendered":"<p>Alpes Martimimes, Verdon, Ligurie: Les vall\u00e9es maritimes, proven\u00e7ales et pi\u00e9montaises poss\u00e8dent un v\u00e9ritable vivier de canyons. Ce guide vous permettra de d\u00e9couvrir les trente plus beaux canyons des Alpes sans fronti\u00e8res. Cet ouvrage dans son \u00e9dition de 2006 pr\u00e9sente des coupes tr\u00e8s simplifi\u00e9e des canyons ainsi que les plans d&#8217;acc\u00e8s accompagn\u00e9s d&#8217;un descriptif et de [&#8230;]\n","protected":false},"featured_media":29949,"template":"","meta":[],"product_brand":[],"product_cat":[21650],"product_tag":[],"class_list":{"0":"post-151389","1":"product","2":"type-product","3":"status-publish","4":"has-post-thumbnail","6":"product_cat-canyoningfuehrer","7":"pa_autor-ayasse","8":"pa_erscheinungsjahr-21763","9":"pa_region-frankreich","10":"pa_sprache-fr","12":"first","13":"instock","14":"taxable","15":"shipping-taxable","16":"purchasable","17":"product-type-simple"},"_links":{"self":[{"href":"https:\/\/pizbube.ch\/en\/wp-json\/wp\/v2\/product\/151389","targetHints":{"allow":["GET"]}}],"collection":[{"href":"https:\/\/pizbube.ch\/en\/wp-json\/wp\/v2\/product"}],"about":[{"href":"https:\/\/pizbube.ch\/en\/wp-json\/wp\/v2\/types\/product"}],"wp:featuredmedia":[{"embeddable":true,"href":"https:\/\/pizbube.ch\/en\/wp-json\/wp\/v2\/media\/29949"}],"wp:attachment":[{"href":"https:\/\/pizbube.ch\/en\/wp-json\/wp\/v2\/media?parent=151389"}],"wp:term":[{"taxonomy":"product_brand","embeddable":true,"href":"https:\/\/pizbube.ch\/en\/wp-json\/wp\/v2\/product_brand?post=151389"},{"taxonomy":"product_cat","embeddable":true,"href":"https:\/\/pizbube.ch\/en\/wp-json\/wp\/v2\/product_cat?post=151389"},{"taxonomy":"product_tag","embeddable":true,"href":"https:\/\/pizbube.ch\/en\/wp-json\/wp\/v2\/product_tag?post=151389"}],"curies":[{"name":"wp","href":"https:\/\/api.w.org\/{rel}","templated":true}]}}