{"id":151390,"date":"2021-01-15T12:00:19","date_gmt":"2021-01-15T12:00:19","guid":{"rendered":"https:\/\/codengine3.ch\/?product=import-placeholder-for-204796"},"modified":"2021-01-15T14:36:20","modified_gmt":"2021-01-15T14:36:20","slug":"canyonisme-et-randonnees-verticales-en-provence","status":"publish","type":"product","link":"https:\/\/pizbube.ch\/en\/shop\/canyonisme-et-randonnees-verticales-en-provence\/","title":{"rendered":"Canyonisme et randonn\u00e9es verticales en Provence"},"content":{"rendered":"<p>A travers ce topo, nous vous faisons voyager des contreforts du Mont Ventoux<br \/>\nau Garlaban de Marcel Pagnol et jusqu&#8217;aux falaises Ciotadines.<br \/>\nDe la visite initiatique aux falaises vertigineuses de La Ciotat, nous avons<br \/>\ns\u00e9lectionn\u00e9 25 sites afin que chacun y trouve son bonheur.<\/p>\n<p>Des Pyr\u00e9n\u00e9es aux Alpes, chaque r\u00e9gion fran\u00e7aise poss\u00e8de son topo-guide.<br \/>\nSouvent m\u00e9connue ou boud\u00e9e par manque de grandes courses ou de d\u00e9bit, elle<br \/>\nposs\u00e8de n\u00e9anmoins quelques atouts non n\u00e9gligeables. Cette r\u00e9gion, haute en<br \/>\ncouleurs, est une belle alternative \u00e0 la saison hivernale, \u00e0 l&#8217;entra\u00eenement et<br \/>\nmieux, \u00e0 la pratique familiale.<\/p>","protected":false},"excerpt":{"rendered":"<p>A travers ce topo, nous vous faisons voyager des contreforts du Mont Ventoux au Garlaban de Marcel Pagnol et jusqu&#8217;aux falaises Ciotadines. De la visite initiatique aux falaises vertigineuses de La Ciotat, nous avons s\u00e9lectionn\u00e9 25 sites afin que chacun y trouve son bonheur. Des Pyr\u00e9n\u00e9es aux Alpes, chaque r\u00e9gion fran\u00e7aise poss\u00e8de son topo-guide. Souvent [&#8230;]\n","protected":false},"featured_media":33310,"template":"","meta":[],"product_brand":[],"product_cat":[21650],"product_tag":[],"class_list":{"0":"post-151390","1":"product","2":"type-product","3":"status-publish","4":"has-post-thumbnail","6":"product_cat-canyoningfuehrer","7":"pa_autor-jourdan-fiorina","8":"pa_erscheinungsjahr-21574","9":"pa_region-frankreich","10":"pa_sprache-fr","12":"first","13":"instock","14":"taxable","15":"shipping-taxable","16":"purchasable","17":"product-type-simple"},"_links":{"self":[{"href":"https:\/\/pizbube.ch\/en\/wp-json\/wp\/v2\/product\/151390","targetHints":{"allow":["GET"]}}],"collection":[{"href":"https:\/\/pizbube.ch\/en\/wp-json\/wp\/v2\/product"}],"about":[{"href":"https:\/\/pizbube.ch\/en\/wp-json\/wp\/v2\/types\/product"}],"wp:featuredmedia":[{"embeddable":true,"href":"https:\/\/pizbube.ch\/en\/wp-json\/wp\/v2\/media\/33310"}],"wp:attachment":[{"href":"https:\/\/pizbube.ch\/en\/wp-json\/wp\/v2\/media?parent=151390"}],"wp:term":[{"taxonomy":"product_brand","embeddable":true,"href":"https:\/\/pizbube.ch\/en\/wp-json\/wp\/v2\/product_brand?post=151390"},{"taxonomy":"product_cat","embeddable":true,"href":"https:\/\/pizbube.ch\/en\/wp-json\/wp\/v2\/product_cat?post=151390"},{"taxonomy":"product_tag","embeddable":true,"href":"https:\/\/pizbube.ch\/en\/wp-json\/wp\/v2\/product_tag?post=151390"}],"curies":[{"name":"wp","href":"https:\/\/api.w.org\/{rel}","templated":true}]}}