{"id":151395,"date":"2021-01-15T12:00:20","date_gmt":"2021-01-15T12:00:20","guid":{"rendered":"https:\/\/codengine3.ch\/?product=import-placeholder-for-204445"},"modified":"2021-01-15T14:33:17","modified_gmt":"2021-01-15T14:33:17","slug":"alpine-interventionen","status":"publish","type":"product","link":"https:\/\/pizbube.ch\/en\/shop\/alpine-interventionen\/","title":{"rendered":"Alpine Interventionen"},"content":{"rendered":"<p>Mit der Natur quasi gegen die Natur: ein fotografische Dokumentation alpiner<br \/>\nVerbauung.  <\/p>\n<p>Alpine Interventionen dokumentiert und diskutiert Typologien der Wildbach- und<br \/>\nLawinenverbauung im Alpenraum. Pr\u00e4zise kadriert und aus dem urspr\u00fcnglichen<br \/>\nKontext transferiert, lassen sich die Funktionsbauten mit k\u00fcnstlerischem<br \/>\nMehrwert auf eine neue Art lesen.<br \/>\nPaul Divjaks eindrucksvolle, mit der Fachkamera aufgenommene Bilder zeigen<br \/>\ndiese funktionalen Kunstwerke, die Ausgangspunkt sind f\u00fcr Essays von<br \/>\nKulturwissenschaftlerInnen, LandschaftsplanerInnen und ArchitektInnen zum<br \/>\nerweiterten Themenfeld &#8218;Kulturlandschaft&#8216;.<\/p>","protected":false},"excerpt":{"rendered":"<p>Mit der Natur quasi gegen die Natur: ein fotografische Dokumentation alpiner Verbauung. Alpine Interventionen dokumentiert und diskutiert Typologien der Wildbach- und Lawinenverbauung im Alpenraum. Pr\u00e4zise kadriert und aus dem urspr\u00fcnglichen Kontext transferiert, lassen sich die Funktionsbauten mit k\u00fcnstlerischem Mehrwert auf eine neue Art lesen. Paul Divjaks eindrucksvolle, mit der Fachkamera aufgenommene Bilder zeigen diese funktionalen [&#8230;]\n","protected":false},"featured_media":32318,"template":"","meta":[],"product_brand":[],"product_cat":[21542],"product_tag":[],"class_list":{"0":"post-151395","1":"product","2":"type-product","3":"status-publish","4":"has-post-thumbnail","6":"product_cat-sachbuecher-dokumentationen","7":"pa_autor-divjak","8":"pa_erscheinungsjahr-21763","9":"pa_region-italien","10":"pa_sprache-de","12":"first","13":"instock","14":"taxable","15":"shipping-taxable","16":"purchasable","17":"product-type-simple"},"_links":{"self":[{"href":"https:\/\/pizbube.ch\/en\/wp-json\/wp\/v2\/product\/151395","targetHints":{"allow":["GET"]}}],"collection":[{"href":"https:\/\/pizbube.ch\/en\/wp-json\/wp\/v2\/product"}],"about":[{"href":"https:\/\/pizbube.ch\/en\/wp-json\/wp\/v2\/types\/product"}],"wp:featuredmedia":[{"embeddable":true,"href":"https:\/\/pizbube.ch\/en\/wp-json\/wp\/v2\/media\/32318"}],"wp:attachment":[{"href":"https:\/\/pizbube.ch\/en\/wp-json\/wp\/v2\/media?parent=151395"}],"wp:term":[{"taxonomy":"product_brand","embeddable":true,"href":"https:\/\/pizbube.ch\/en\/wp-json\/wp\/v2\/product_brand?post=151395"},{"taxonomy":"product_cat","embeddable":true,"href":"https:\/\/pizbube.ch\/en\/wp-json\/wp\/v2\/product_cat?post=151395"},{"taxonomy":"product_tag","embeddable":true,"href":"https:\/\/pizbube.ch\/en\/wp-json\/wp\/v2\/product_tag?post=151395"}],"curies":[{"name":"wp","href":"https:\/\/api.w.org\/{rel}","templated":true}]}}