{"id":151396,"date":"2021-01-15T12:00:20","date_gmt":"2021-01-15T12:00:20","guid":{"rendered":"https:\/\/codengine3.ch\/?product=import-placeholder-for-201787"},"modified":"2025-07-23T18:07:25","modified_gmt":"2025-07-23T16:07:25","slug":"barrages-des-alpes","status":"publish","type":"product","link":"https:\/\/pizbube.ch\/en\/shop\/barrages-des-alpes\/","title":{"rendered":"Barrages des Alpes"},"content":{"rendered":"<p>Histoires, D\u00e9couvertes, Itineraires (Alpes Francaises). Des montagnes o\u00f9 elle<br \/>\nprend sa source jusqu&#8217;\u00e0 la mer, l&#8217;eau emprunte les chemins aux bords desquels<br \/>\nles premiers hommes se sont install\u00e9s. Energie naturelle et orgueilleuse, elle<br \/>\nest pour tous source de vie. L&#8217;homme moderne lui a barr\u00e9 la route en \u00e9levant<br \/>\nde hauts murs, la retenant prisonni\u00e8re pour s&#8217;en faire une alli\u00e9e. Les<br \/>\nbarrages sont les temoins de cette grande aventure.<\/p>","protected":false},"excerpt":{"rendered":"<p>Histoires, D\u00e9couvertes, Itineraires (Alpes Francaises). Des montagnes o\u00f9 elle prend sa source jusqu&#8217;\u00e0 la mer, l&#8217;eau emprunte les chemins aux bords desquels les premiers hommes se sont install\u00e9s. Energie naturelle et orgueilleuse, elle est pour tous source de vie. L&#8217;homme moderne lui a barr\u00e9 la route en \u00e9levant de hauts murs, la retenant prisonni\u00e8re pour [&#8230;]\n","protected":false},"featured_media":29173,"template":"","meta":[],"product_brand":[],"product_cat":[21542],"product_tag":[],"class_list":{"0":"post-151396","1":"product","2":"type-product","3":"status-publish","4":"has-post-thumbnail","6":"product_cat-sachbuecher-dokumentationen","7":"pa_autor-gonthier-lamory","8":"pa_erscheinungsjahr-22151","9":"pa_region-frankreich","10":"pa_sprache-fr","12":"first","13":"outofstock","14":"taxable","15":"shipping-taxable","16":"purchasable","17":"product-type-simple"},"_links":{"self":[{"href":"https:\/\/pizbube.ch\/en\/wp-json\/wp\/v2\/product\/151396","targetHints":{"allow":["GET"]}}],"collection":[{"href":"https:\/\/pizbube.ch\/en\/wp-json\/wp\/v2\/product"}],"about":[{"href":"https:\/\/pizbube.ch\/en\/wp-json\/wp\/v2\/types\/product"}],"wp:featuredmedia":[{"embeddable":true,"href":"https:\/\/pizbube.ch\/en\/wp-json\/wp\/v2\/media\/29173"}],"wp:attachment":[{"href":"https:\/\/pizbube.ch\/en\/wp-json\/wp\/v2\/media?parent=151396"}],"wp:term":[{"taxonomy":"product_brand","embeddable":true,"href":"https:\/\/pizbube.ch\/en\/wp-json\/wp\/v2\/product_brand?post=151396"},{"taxonomy":"product_cat","embeddable":true,"href":"https:\/\/pizbube.ch\/en\/wp-json\/wp\/v2\/product_cat?post=151396"},{"taxonomy":"product_tag","embeddable":true,"href":"https:\/\/pizbube.ch\/en\/wp-json\/wp\/v2\/product_tag?post=151396"}],"curies":[{"name":"wp","href":"https:\/\/api.w.org\/{rel}","templated":true}]}}