{"id":151403,"date":"2021-01-15T12:00:20","date_gmt":"2021-01-15T12:00:20","guid":{"rendered":"https:\/\/codengine3.ch\/?product=import-placeholder-for-205220"},"modified":"2021-01-15T14:39:35","modified_gmt":"2021-01-15T14:39:35","slug":"der-leuchtende-berg","status":"publish","type":"product","link":"https:\/\/pizbube.ch\/en\/shop\/der-leuchtende-berg\/","title":{"rendered":"Der leuchtende Berg"},"content":{"rendered":"<p>Herausforderung Gasherbrum  <\/p>\n<p>F\u00fcr die Geschichte des H\u00f6henbergsteigens war es eine Sensation, in den Ohren<br \/>\nder Kritiker klang es wie Hohn, als Reinhold Messner und Peter Habeler 1975 am<br \/>\nGasherbrum I das Unm\u00f6gliche vollbrachten: erstmals zu zweit einen<br \/>\nAchttausender ohne Fixseile, ohne k\u00fcnstlichen Sauerstoff und ohne zuvor<br \/>\neingerichtete Lager &#8211; eben ein Gipfelsturm -by fair means.<br \/>\nEs sollte ein Ringen um den Gipfelsieg mit &#8218;fairen Mitteln&#8216; werden. Mann gegen<br \/>\nBerg, ohne fremde Hilfe. Mit diesem tollk\u00fchnen Plan brach Reinhold Messner mit<br \/>\nder lang gepflegten Tradition der H\u00f6henexpeditionen und Belagerungstaktiken,<br \/>\ndie bis dahin im Himalaja praktiziert worden war.<br \/>\nMessner wollte den Beweis erbringen, dass eine Zweierseilschaft im Alpinstil<br \/>\nwesentlich schneller, flexibler und erfolgreicher in gro\u00dfen H\u00f6hen sein kann<br \/>\nals eine Besteigung im tr\u00e4gen, logistisch extrem aufw\u00e4ndigen und<br \/>\nkostenintensiven Expeditionsstil. Den hatte Messner selbst im Rahmen einer<br \/>\nGro\u00dfexpedition am Lhotse miterlebt &#8211; das z\u00e4he Scheitern dieser Unternehmung<br \/>\nlenkte sein Denken in eine neue zukunftsweisende Richtung: Mit seinem Partner<br \/>\nHabeler nahm er noch im selben Jahr den Gasherbrum I (Hidden Peak) im<br \/>\nKarakorum in Angriff und stand nach nur wenigen Tagen auf dem 8068 Meter hohen<br \/>\nGipfel. Wie die beiden damit schlagartig den Risikoeinsatz erh\u00f6hten und mit<br \/>\neiner neuen Dimension der Gefahren konfrontiert wurden, schildert Messner in<br \/>\nseinem packenden Bericht \u00fcber das spektakul\u00e4re Wagnis. Dar\u00fcber hinaus fasst er<br \/>\nerstmals fachkundig und pr\u00e4zise zusammen, welche bergsteigerischen H\u00f6hepunkte<br \/>\ndie Gasherbrum-Gruppe sonst noch erlebte.  <\/p>","protected":false},"excerpt":{"rendered":"<p>Herausforderung Gasherbrum F\u00fcr die Geschichte des H\u00f6henbergsteigens war es eine Sensation, in den Ohren der Kritiker klang es wie Hohn, als Reinhold Messner und Peter Habeler 1975 am Gasherbrum I das Unm\u00f6gliche vollbrachten: erstmals zu zweit einen Achttausender ohne Fixseile, ohne k\u00fcnstlichen Sauerstoff und ohne zuvor eingerichtete Lager &#8211; eben ein Gipfelsturm -by fair means. [&#8230;]\n","protected":false},"featured_media":33860,"template":"","meta":[],"product_brand":[],"product_cat":[21542],"product_tag":[],"class_list":{"0":"post-151403","1":"product","2":"type-product","3":"status-publish","4":"has-post-thumbnail","6":"product_cat-sachbuecher-dokumentationen","7":"pa_autor-messner","8":"pa_erscheinungsjahr-21591","9":"pa_region-asien","10":"pa_sprache-de","12":"first","13":"instock","14":"taxable","15":"shipping-taxable","16":"purchasable","17":"product-type-simple"},"_links":{"self":[{"href":"https:\/\/pizbube.ch\/en\/wp-json\/wp\/v2\/product\/151403","targetHints":{"allow":["GET"]}}],"collection":[{"href":"https:\/\/pizbube.ch\/en\/wp-json\/wp\/v2\/product"}],"about":[{"href":"https:\/\/pizbube.ch\/en\/wp-json\/wp\/v2\/types\/product"}],"wp:featuredmedia":[{"embeddable":true,"href":"https:\/\/pizbube.ch\/en\/wp-json\/wp\/v2\/media\/33860"}],"wp:attachment":[{"href":"https:\/\/pizbube.ch\/en\/wp-json\/wp\/v2\/media?parent=151403"}],"wp:term":[{"taxonomy":"product_brand","embeddable":true,"href":"https:\/\/pizbube.ch\/en\/wp-json\/wp\/v2\/product_brand?post=151403"},{"taxonomy":"product_cat","embeddable":true,"href":"https:\/\/pizbube.ch\/en\/wp-json\/wp\/v2\/product_cat?post=151403"},{"taxonomy":"product_tag","embeddable":true,"href":"https:\/\/pizbube.ch\/en\/wp-json\/wp\/v2\/product_tag?post=151403"}],"curies":[{"name":"wp","href":"https:\/\/api.w.org\/{rel}","templated":true}]}}