{"id":151426,"date":"2021-01-15T12:00:26","date_gmt":"2021-01-15T12:00:26","guid":{"rendered":"https:\/\/codengine3.ch\/?product=import-placeholder-for-205148"},"modified":"2021-01-15T14:39:02","modified_gmt":"2021-01-15T14:39:02","slug":"berge-der-welt","status":"publish","type":"product","link":"https:\/\/pizbube.ch\/en\/shop\/berge-der-welt\/","title":{"rendered":"Berge der Welt"},"content":{"rendered":"<p>Die Wahrnehmung der Berge durch den Menschen hat sich im Laufe der<br \/>\nMenschheitsgeschichte gewandelt: Die Berge, zu denen der Mensch schon immer<br \/>\neine besondere Beziehung hatte, galten als Sitz von G\u00f6ttern, als Zuflucht<br \/>\nsagenhafter Gestalten und Ungeheuer, als heilig &#8211; bis sie im Zuge der<br \/>\nAufkl\u00e4rung wissenschaftlich erschlossen wurden. Den Wissenschaftlern folgten<br \/>\nEsoteriker, Bergsteiger, Sportler, Erholungssuchende und schlie\u00dflich der<br \/>\nMassentourismus sowie die Kommerzialisierung.  <\/p>\n<p>Das Buch vermittelt Betrachtungen \u00fcber das Zusammenleben von Mensch und<br \/>\nBergwelt im Laufe der Geschichte und gibt Einblick in einzelne Themen wie<br \/>\nStrategien des Tier- und Pflanzenlebens im Hochgebirge, die Entwicklung des<br \/>\nBergsteigens zum Sport und Freizeitvergn\u00fcgen. Den Hauptteil des Buches &#8211; gut<br \/>\nzwei Drittel mit ann\u00e4hernd 300 gro\u00dfenteils doppelseitigen Abbildungen &#8211; machen<br \/>\ndie au\u00dfergew\u00f6hnlichen gro\u00dfformatigen Bergfotos aus, die allein schon ein<br \/>\nGenuss sind.  <\/p>","protected":false},"excerpt":{"rendered":"<p>Die Wahrnehmung der Berge durch den Menschen hat sich im Laufe der Menschheitsgeschichte gewandelt: Die Berge, zu denen der Mensch schon immer eine besondere Beziehung hatte, galten als Sitz von G\u00f6ttern, als Zuflucht sagenhafter Gestalten und Ungeheuer, als heilig &#8211; bis sie im Zuge der Aufkl\u00e4rung wissenschaftlich erschlossen wurden. Den Wissenschaftlern folgten Esoteriker, Bergsteiger, Sportler, [&#8230;]\n","protected":false},"featured_media":33771,"template":"","meta":[],"product_brand":[],"product_cat":[21542],"product_tag":[],"class_list":{"0":"post-151426","1":"product","2":"type-product","3":"status-publish","4":"has-post-thumbnail","6":"product_cat-sachbuecher-dokumentationen","7":"pa_autor-de-pison-alvaro","8":"pa_erscheinungsjahr-21842","9":"pa_region-schweiz","10":"pa_sprache-de","12":"first","13":"instock","14":"taxable","15":"shipping-taxable","16":"purchasable","17":"product-type-simple"},"_links":{"self":[{"href":"https:\/\/pizbube.ch\/en\/wp-json\/wp\/v2\/product\/151426","targetHints":{"allow":["GET"]}}],"collection":[{"href":"https:\/\/pizbube.ch\/en\/wp-json\/wp\/v2\/product"}],"about":[{"href":"https:\/\/pizbube.ch\/en\/wp-json\/wp\/v2\/types\/product"}],"wp:featuredmedia":[{"embeddable":true,"href":"https:\/\/pizbube.ch\/en\/wp-json\/wp\/v2\/media\/33771"}],"wp:attachment":[{"href":"https:\/\/pizbube.ch\/en\/wp-json\/wp\/v2\/media?parent=151426"}],"wp:term":[{"taxonomy":"product_brand","embeddable":true,"href":"https:\/\/pizbube.ch\/en\/wp-json\/wp\/v2\/product_brand?post=151426"},{"taxonomy":"product_cat","embeddable":true,"href":"https:\/\/pizbube.ch\/en\/wp-json\/wp\/v2\/product_cat?post=151426"},{"taxonomy":"product_tag","embeddable":true,"href":"https:\/\/pizbube.ch\/en\/wp-json\/wp\/v2\/product_tag?post=151426"}],"curies":[{"name":"wp","href":"https:\/\/api.w.org\/{rel}","templated":true}]}}