{"id":151427,"date":"2021-01-15T12:00:26","date_gmt":"2021-01-15T12:00:26","guid":{"rendered":"https:\/\/codengine3.ch\/?product=import-placeholder-for-201585"},"modified":"2021-01-15T12:02:55","modified_gmt":"2021-01-15T12:02:55","slug":"extrem","status":"publish","type":"product","link":"https:\/\/pizbube.ch\/en\/shop\/extrem\/","title":{"rendered":"extrem"},"content":{"rendered":"<p>\nSpannende Studien zu &#8218;Extremen&#8216; wie Messner, Hans und Beat Kammerlander,<br \/>\nRutkiwicz, Kukczka und Lynn Hill und ihre &#8218;Entschiedenheit, Masslosigkeit und<br \/>\nRadikalit\u00e4t mit der sie ihre Selbstverschwendung betreiben&#8216;  <\/p>\n<p>L\u00e4ngst daran gew\u00f6hnt, bis zum \u00c4u\u00dfersten zu gehen, wissen sie, dass ihr Tun<br \/>\nzwar zu begr\u00fcnden, aber streng genommen grundlos bleibt. Die Rede ist von<br \/>\nReinhold Messner, Beat und Hans Kammerlander, Wanda Rutkiewicz und Jerzy<br \/>\nKukuczka, um nur einige zu nennen. Neben allem was diese<br \/>\nExtrembergsteigerInnen trennt, verbindet sie die Entschiedenheit, Ma\u00dflosigkeit<br \/>\nund Radikalit\u00e4t, mit der sie ihre Selbstverschwendung betreiben.<\/p>\n<p>Das f\u00fchrt, inmitten der Natur, sowohl bis zum Abgrund der eigenen Existenz als<br \/>\nauch an den Rand der Gesellschaft und immer tiefer in ein Leben, das in<br \/>\nTodesn\u00e4he das Undarstellbare und somit die Kunst ber\u00fchrt. Extreme zu (er)leben<br \/>\nund ihnen konsequent nachzudenken erfordert mithin andere Grenzziehungen des<br \/>\nWissens, welche die Grundfeste der Wissenschaft vom Menschen nicht anerkennen,<br \/>\nsondern umarbeiten in ein leidenschaftliches Verh\u00e4ltnis von Wissenschaft,<br \/>\nKunst und Bildung.<\/p>","protected":false},"excerpt":{"rendered":"<p>Spannende Studien zu &#8218;Extremen&#8216; wie Messner, Hans und Beat Kammerlander, Rutkiwicz, Kukczka und Lynn Hill und ihre &#8218;Entschiedenheit, Masslosigkeit und Radikalit\u00e4t mit der sie ihre Selbstverschwendung betreiben&#8216; L\u00e4ngst daran gew\u00f6hnt, bis zum \u00c4u\u00dfersten zu gehen, wissen sie, dass ihr Tun zwar zu begr\u00fcnden, aber streng genommen grundlos bleibt. Die Rede ist von Reinhold Messner, Beat [&#8230;]\n","protected":false},"featured_media":37158,"template":"","meta":[],"product_brand":[],"product_cat":[21542],"product_tag":[],"class_list":{"0":"post-151427","1":"product","2":"type-product","3":"status-publish","4":"has-post-thumbnail","6":"product_cat-sachbuecher-dokumentationen","7":"pa_autor-peskoller","8":"pa_erscheinungsjahr-22242","9":"pa_region-oesterreich","10":"pa_sprache-de","12":"first","13":"outofstock","14":"taxable","15":"shipping-taxable","16":"purchasable","17":"product-type-simple"},"_links":{"self":[{"href":"https:\/\/pizbube.ch\/en\/wp-json\/wp\/v2\/product\/151427","targetHints":{"allow":["GET"]}}],"collection":[{"href":"https:\/\/pizbube.ch\/en\/wp-json\/wp\/v2\/product"}],"about":[{"href":"https:\/\/pizbube.ch\/en\/wp-json\/wp\/v2\/types\/product"}],"wp:featuredmedia":[{"embeddable":true,"href":"https:\/\/pizbube.ch\/en\/wp-json\/wp\/v2\/media\/37158"}],"wp:attachment":[{"href":"https:\/\/pizbube.ch\/en\/wp-json\/wp\/v2\/media?parent=151427"}],"wp:term":[{"taxonomy":"product_brand","embeddable":true,"href":"https:\/\/pizbube.ch\/en\/wp-json\/wp\/v2\/product_brand?post=151427"},{"taxonomy":"product_cat","embeddable":true,"href":"https:\/\/pizbube.ch\/en\/wp-json\/wp\/v2\/product_cat?post=151427"},{"taxonomy":"product_tag","embeddable":true,"href":"https:\/\/pizbube.ch\/en\/wp-json\/wp\/v2\/product_tag?post=151427"}],"curies":[{"name":"wp","href":"https:\/\/api.w.org\/{rel}","templated":true}]}}