{"id":151428,"date":"2021-01-15T12:00:26","date_gmt":"2021-01-15T12:00:26","guid":{"rendered":"https:\/\/codengine3.ch\/?product=import-placeholder-for-205054"},"modified":"2021-01-15T14:38:19","modified_gmt":"2021-01-15T14:38:19","slug":"warum-der-berg-ruft","status":"publish","type":"product","link":"https:\/\/pizbube.ch\/en\/shop\/warum-der-berg-ruft\/","title":{"rendered":"Warum der Berg ruft"},"content":{"rendered":"<p>Bergsteigen ist anstrengend, schwei\u00dftreibend und lebensgef\u00e4hrlich. Ein Nutzen<br \/>\nist &#8211; zumindest auf den ersten Blick &#8211; nicht zu erkennen. Trotzdem gehen viele<br \/>\nMenschen (und das immer wieder) freiwillig auf die Berge und erbringen dort &#8211;<br \/>\nund bei vielen anderen Leistungs- und Risikosportarten auch &#8211; k\u00f6rperliche<br \/>\nH\u00f6chstleistungen.<br \/>\nWarum qu\u00e4len sie sich auf die Berge (und bleiben nicht einfach z.B. auf ihrem<br \/>\nSofa liegen?). Das Buch gibt einen Einblick in eine (neue)Forschungsrichtung,<br \/>\nin der die Tragf\u00e4higkeit eines evolutionstheoretischen Denkens an geistes- und<br \/>\nsozialwissenschaftlichen Zusammenh\u00e4ngen erprobt wird.  <\/p>","protected":false},"excerpt":{"rendered":"<p>Bergsteigen ist anstrengend, schwei\u00dftreibend und lebensgef\u00e4hrlich. Ein Nutzen ist &#8211; zumindest auf den ersten Blick &#8211; nicht zu erkennen. Trotzdem gehen viele Menschen (und das immer wieder) freiwillig auf die Berge und erbringen dort &#8211; und bei vielen anderen Leistungs- und Risikosportarten auch &#8211; k\u00f6rperliche H\u00f6chstleistungen. Warum qu\u00e4len sie sich auf die Berge (und bleiben [&#8230;]\n","protected":false},"featured_media":33648,"template":"","meta":[],"product_brand":[],"product_cat":[21580],"product_tag":[],"class_list":{"0":"post-151428","1":"product","2":"type-product","3":"status-publish","4":"has-post-thumbnail","6":"product_cat-kunst-kultur","7":"pa_autor-treml","8":"pa_erscheinungsjahr-21763","9":"pa_region-deutschland","10":"pa_sprache-de","12":"first","13":"outofstock","14":"taxable","15":"shipping-taxable","16":"purchasable","17":"product-type-simple"},"_links":{"self":[{"href":"https:\/\/pizbube.ch\/en\/wp-json\/wp\/v2\/product\/151428","targetHints":{"allow":["GET"]}}],"collection":[{"href":"https:\/\/pizbube.ch\/en\/wp-json\/wp\/v2\/product"}],"about":[{"href":"https:\/\/pizbube.ch\/en\/wp-json\/wp\/v2\/types\/product"}],"wp:featuredmedia":[{"embeddable":true,"href":"https:\/\/pizbube.ch\/en\/wp-json\/wp\/v2\/media\/33648"}],"wp:attachment":[{"href":"https:\/\/pizbube.ch\/en\/wp-json\/wp\/v2\/media?parent=151428"}],"wp:term":[{"taxonomy":"product_brand","embeddable":true,"href":"https:\/\/pizbube.ch\/en\/wp-json\/wp\/v2\/product_brand?post=151428"},{"taxonomy":"product_cat","embeddable":true,"href":"https:\/\/pizbube.ch\/en\/wp-json\/wp\/v2\/product_cat?post=151428"},{"taxonomy":"product_tag","embeddable":true,"href":"https:\/\/pizbube.ch\/en\/wp-json\/wp\/v2\/product_tag?post=151428"}],"curies":[{"name":"wp","href":"https:\/\/api.w.org\/{rel}","templated":true}]}}