{"id":151429,"date":"2021-01-15T12:00:26","date_gmt":"2021-01-15T12:00:26","guid":{"rendered":"https:\/\/codengine3.ch\/?product=import-placeholder-for-205182"},"modified":"2021-01-15T14:39:20","modified_gmt":"2021-01-15T14:39:20","slug":"berge-eine-unverstaendliche-leidenschaft","status":"publish","type":"product","link":"https:\/\/pizbube.ch\/en\/shop\/berge-eine-unverstaendliche-leidenschaft\/","title":{"rendered":"Berge, eine unverst\u00e4ndliche Leidenschaft"},"content":{"rendered":"<p>Buch zur Ausstellung des Alpenverein-Museums in der Hofburg Innsbruck  <\/p>\n<p>Ein kulturhistorisches Bilderlesebuch zum Verh\u00e4ltnis Mensch und Berg  <\/p>\n<p>Nicht jede Landschaft taugt zur Leidenschaft &#8211; allenfalls Meer und W\u00fcste<br \/>\nverk\u00f6rpern \u00e4hnlich elementare Herausforderungen wie der Berg. Dem Gebirge<br \/>\nsetzt der Mensch sich aus auf Gedeih und Verderb, das Massiv beschert ihm<br \/>\nEuphorie und Bitterkeit.<br \/>\nBegleitend zur gleichnamigen Ausstellung sichtet der reich illustrierte und<br \/>\ninterdisziplin\u00e4r angelegte Band das Wesen des Alpinismus von seinen physischen<br \/>\nund psychischen Komponenten her. Das Auf-den-Berg-Gehen wird in historischen<br \/>\nund sozialen Kontexten beleuchtet; dabei setzt die Auseinandersetzung auch auf<br \/>\nEsprit und die Bizarrerien des Bergsteigens.  <\/p>","protected":false},"excerpt":{"rendered":"<p>Buch zur Ausstellung des Alpenverein-Museums in der Hofburg Innsbruck Ein kulturhistorisches Bilderlesebuch zum Verh\u00e4ltnis Mensch und Berg Nicht jede Landschaft taugt zur Leidenschaft &#8211; allenfalls Meer und W\u00fcste verk\u00f6rpern \u00e4hnlich elementare Herausforderungen wie der Berg. Dem Gebirge setzt der Mensch sich aus auf Gedeih und Verderb, das Massiv beschert ihm Euphorie und Bitterkeit. Begleitend zur [&#8230;]\n","protected":false},"featured_media":33812,"template":"","meta":[],"product_brand":[],"product_cat":[21580],"product_tag":[],"class_list":{"0":"post-151429","1":"product","2":"type-product","3":"status-publish","4":"has-post-thumbnail","6":"product_cat-kunst-kultur","7":"pa_autor-rath-felsch-gugger","8":"pa_erscheinungsjahr-21842","9":"pa_region-oesterreich","10":"pa_sprache-de","12":"first","13":"outofstock","14":"taxable","15":"shipping-taxable","16":"purchasable","17":"product-type-simple"},"_links":{"self":[{"href":"https:\/\/pizbube.ch\/en\/wp-json\/wp\/v2\/product\/151429","targetHints":{"allow":["GET"]}}],"collection":[{"href":"https:\/\/pizbube.ch\/en\/wp-json\/wp\/v2\/product"}],"about":[{"href":"https:\/\/pizbube.ch\/en\/wp-json\/wp\/v2\/types\/product"}],"wp:featuredmedia":[{"embeddable":true,"href":"https:\/\/pizbube.ch\/en\/wp-json\/wp\/v2\/media\/33812"}],"wp:attachment":[{"href":"https:\/\/pizbube.ch\/en\/wp-json\/wp\/v2\/media?parent=151429"}],"wp:term":[{"taxonomy":"product_brand","embeddable":true,"href":"https:\/\/pizbube.ch\/en\/wp-json\/wp\/v2\/product_brand?post=151429"},{"taxonomy":"product_cat","embeddable":true,"href":"https:\/\/pizbube.ch\/en\/wp-json\/wp\/v2\/product_cat?post=151429"},{"taxonomy":"product_tag","embeddable":true,"href":"https:\/\/pizbube.ch\/en\/wp-json\/wp\/v2\/product_tag?post=151429"}],"curies":[{"name":"wp","href":"https:\/\/api.w.org\/{rel}","templated":true}]}}