{"id":151434,"date":"2021-01-15T12:00:27","date_gmt":"2021-01-15T12:00:27","guid":{"rendered":"https:\/\/codengine3.ch\/?product=import-placeholder-for-201313"},"modified":"2021-01-15T12:00:31","modified_gmt":"2021-01-15T12:00:31","slug":"der-weg-nach-draussen-aus-der-halle-ins-gebirge","status":"publish","type":"product","link":"https:\/\/pizbube.ch\/en\/shop\/der-weg-nach-draussen-aus-der-halle-ins-gebirge\/","title":{"rendered":"Der Weg nach drau\u00dfen &#8211; Aus der Halle ins Gebirge"},"content":{"rendered":"<p>Ein Kletterlehrbuch  <\/p>\n<p>Die meisten Kletterer erlernen ihren Sport heute in der Halle. Viele von ihnen<br \/>\nw\u00fcrden aber auch gern in der Natur klettern. H\u00e4ufig aber \u00fcberwiegen die<br \/>\nBedenken. Dennoch locken Fels und Sonne &#8211; allen Bedenken zum Trotz. Nun macht<br \/>\ndas Lehrbuch den `Weg nach drau\u00dfen`frei.<\/p>\n<p>Mit den Autoren Alexander Huber und Nicholas Mail\u00e4nder haben sich zwei der<br \/>\nerfahrensten deutschen Kletterer zusammengetan, um ihr Wissen weiterzugeben.<br \/>\nAnf\u00e4nger wie Fortgeschrittene profitieren davon gleicherma\u00dfen.<\/p>\n<p>Die Autoren haben alle notwendigen Informationen zusammengestellt, die der<br \/>\nAktive ben\u00f6tigt, um auch mit Bohrhaken best\u00fcckte Mehrl\u00e4ngenrouten und<br \/>\ntraditionell gesicherte Kletter- touren im Gebirge mit einem H\u00f6chstma\u00df an<br \/>\nSicherheit zu begehen  <\/p>","protected":false},"excerpt":{"rendered":"<p>Ein Kletterlehrbuch Die meisten Kletterer erlernen ihren Sport heute in der Halle. Viele von ihnen w\u00fcrden aber auch gern in der Natur klettern. H\u00e4ufig aber \u00fcberwiegen die Bedenken. Dennoch locken Fels und Sonne &#8211; allen Bedenken zum Trotz. Nun macht das Lehrbuch den `Weg nach drau\u00dfen`frei. Mit den Autoren Alexander Huber und Nicholas Mail\u00e4nder haben [&#8230;]\n","protected":false},"featured_media":28628,"template":"","meta":[],"product_brand":[],"product_cat":[21538],"product_tag":[],"class_list":{"0":"post-151434","1":"product","2":"type-product","3":"status-publish","4":"has-post-thumbnail","6":"product_cat-lehrbuecher","7":"pa_autor-huber-mailaender","8":"pa_erscheinungsjahr-21610","9":"pa_region-klettertechnik","10":"pa_sprache-de","12":"first","13":"instock","14":"taxable","15":"shipping-taxable","16":"purchasable","17":"product-type-simple"},"_links":{"self":[{"href":"https:\/\/pizbube.ch\/en\/wp-json\/wp\/v2\/product\/151434","targetHints":{"allow":["GET"]}}],"collection":[{"href":"https:\/\/pizbube.ch\/en\/wp-json\/wp\/v2\/product"}],"about":[{"href":"https:\/\/pizbube.ch\/en\/wp-json\/wp\/v2\/types\/product"}],"wp:featuredmedia":[{"embeddable":true,"href":"https:\/\/pizbube.ch\/en\/wp-json\/wp\/v2\/media\/28628"}],"wp:attachment":[{"href":"https:\/\/pizbube.ch\/en\/wp-json\/wp\/v2\/media?parent=151434"}],"wp:term":[{"taxonomy":"product_brand","embeddable":true,"href":"https:\/\/pizbube.ch\/en\/wp-json\/wp\/v2\/product_brand?post=151434"},{"taxonomy":"product_cat","embeddable":true,"href":"https:\/\/pizbube.ch\/en\/wp-json\/wp\/v2\/product_cat?post=151434"},{"taxonomy":"product_tag","embeddable":true,"href":"https:\/\/pizbube.ch\/en\/wp-json\/wp\/v2\/product_tag?post=151434"}],"curies":[{"name":"wp","href":"https:\/\/api.w.org\/{rel}","templated":true}]}}