{"id":151436,"date":"2021-01-15T12:00:27","date_gmt":"2021-01-15T12:00:27","guid":{"rendered":"https:\/\/codengine3.ch\/?product=import-placeholder-for-205388"},"modified":"2023-05-23T10:16:32","modified_gmt":"2023-05-23T08:16:32","slug":"seil-und-sicherungstechnik","status":"publish","type":"product","link":"https:\/\/pizbube.ch\/en\/shop\/seil-und-sicherungstechnik\/","title":{"rendered":"Seil- und Sicherungstechnik"},"content":{"rendered":"<p>Das Praxisbuch f\u00fcr Einsteiger und Fortgeschrittene<\/p>\n<p>Die Seil- und Sicherungstechnik ist die Lebensversicherung des Bergsteigers<br \/>\nund Kletterers. Das vorliegende Standardwerk erkl\u00e4rt reich bebildert und<br \/>\nleicht verst\u00e4ndlich alle Zusammenh\u00e4nge, die f\u00fcr die Anwendung der<br \/>\nSicherungstechnik unumg\u00e4nglich sind. Angefangen mit den physikalischen<br \/>\nGrundlagen und der Herstellung von Seilen erfahren Sie alles Wissenswerte \u00fcber<br \/>\nAusr\u00fcstung, Knoten, Selbst- und Gef\u00e4hrtensicherung sowie mobile und fixe<br \/>\nSicherungsmittel.<br \/>\n2., aktualisierte Auflage.<\/p>","protected":false},"excerpt":{"rendered":"<p>Das Praxisbuch f\u00fcr Einsteiger und Fortgeschrittene Die Seil- und Sicherungstechnik ist die Lebensversicherung des Bergsteigers und Kletterers. Das vorliegende Standardwerk erkl\u00e4rt reich bebildert und leicht verst\u00e4ndlich alle Zusammenh\u00e4nge, die f\u00fcr die Anwendung der Sicherungstechnik unumg\u00e4nglich sind. Angefangen mit den physikalischen Grundlagen und der Herstellung von Seilen erfahren Sie alles Wissenswerte \u00fcber Ausr\u00fcstung, Knoten, Selbst- und [&#8230;]\n","protected":false},"featured_media":26127,"template":"","meta":[],"product_brand":[],"product_cat":[21538],"product_tag":[],"class_list":{"0":"post-151436","1":"product","2":"type-product","3":"status-publish","4":"has-post-thumbnail","6":"product_cat-lehrbuecher","7":"pa_autor-sojer","8":"pa_erscheinungsjahr-21610","9":"pa_region-klettertechnik","10":"pa_sprache-de","12":"first","13":"outofstock","14":"taxable","15":"shipping-taxable","16":"purchasable","17":"product-type-simple"},"_links":{"self":[{"href":"https:\/\/pizbube.ch\/en\/wp-json\/wp\/v2\/product\/151436","targetHints":{"allow":["GET"]}}],"collection":[{"href":"https:\/\/pizbube.ch\/en\/wp-json\/wp\/v2\/product"}],"about":[{"href":"https:\/\/pizbube.ch\/en\/wp-json\/wp\/v2\/types\/product"}],"wp:featuredmedia":[{"embeddable":true,"href":"https:\/\/pizbube.ch\/en\/wp-json\/wp\/v2\/media\/26127"}],"wp:attachment":[{"href":"https:\/\/pizbube.ch\/en\/wp-json\/wp\/v2\/media?parent=151436"}],"wp:term":[{"taxonomy":"product_brand","embeddable":true,"href":"https:\/\/pizbube.ch\/en\/wp-json\/wp\/v2\/product_brand?post=151436"},{"taxonomy":"product_cat","embeddable":true,"href":"https:\/\/pizbube.ch\/en\/wp-json\/wp\/v2\/product_cat?post=151436"},{"taxonomy":"product_tag","embeddable":true,"href":"https:\/\/pizbube.ch\/en\/wp-json\/wp\/v2\/product_tag?post=151436"}],"curies":[{"name":"wp","href":"https:\/\/api.w.org\/{rel}","templated":true}]}}