{"id":151438,"date":"2021-01-15T12:00:27","date_gmt":"2021-01-15T12:00:27","guid":{"rendered":"https:\/\/codengine3.ch\/?product=import-placeholder-for-208075"},"modified":"2021-01-15T17:49:54","modified_gmt":"2021-01-15T17:49:54","slug":"outdoor-klettern","status":"publish","type":"product","link":"https:\/\/pizbube.ch\/en\/shop\/outdoor-klettern\/","title":{"rendered":"Outdoor-Klettern"},"content":{"rendered":"<p>Das offizielle Lehrbuch zum DAV-Kletterschein<\/p>\n<p>Das offizielle Lehrbuch zur Pr\u00fcfungsvorbereitung und f\u00fcr die Kletterpraxis \u2022<br \/>\nAusr\u00fcstung, Sicherungstechniken, Plaisir-Routen im Klettergarten, Routen<br \/>\nselbst absichern \u2022 Die Outdoor-Klettertechniken mit Schritt-f\u00fcr-Schritt-<br \/>\nAnleitungen und Grafiken.<\/p>\n<p>&#171;Drau\u00dfen ist anders\u201c hei\u00dft es in &#171;Outdoor-Klettern&#8230;<br \/>\nKlettern macht Spa\u00df und ist gesund. Jung und Alt begeistern sich f\u00fcr die<br \/>\nBewegung in der Senkrechten und eine wachsende Anzahl von Kletterhallen<br \/>\nerm\u00f6glicht einen einfachen Zugang zu diesem faszinierenden Sport. Doch der<br \/>\nUrsprung des Kletterns liegt in der Natur. Die Tradition reicht in vielen<br \/>\ndeutschen Felsgebieten \u00fcber 100 Jahre zuru\u00fck. Die Motive der Kletterer von<br \/>\ndamals unterschieden sich dabei nur unwesentlich von denen heutiger<br \/>\nGenerationen. Neben der sportlichen Herausforderung liegt der Reiz auch im<br \/>\nunmittelbaren Kontakt zur Natur. Die felsigen Naturinseln beherbergen Tiere<br \/>\nund Pflanzen eines einzigartigen Lebensraums.<\/p>","protected":false},"excerpt":{"rendered":"<p>Das offizielle Lehrbuch zum DAV-Kletterschein Das offizielle Lehrbuch zur Pr\u00fcfungsvorbereitung und f\u00fcr die Kletterpraxis \u2022 Ausr\u00fcstung, Sicherungstechniken, Plaisir-Routen im Klettergarten, Routen selbst absichern \u2022 Die Outdoor-Klettertechniken mit Schritt-f\u00fcr-Schritt- Anleitungen und Grafiken. &#171;Drau\u00dfen ist anders\u201c hei\u00dft es in &#171;Outdoor-Klettern&#8230; Klettern macht Spa\u00df und ist gesund. Jung und Alt begeistern sich f\u00fcr die Bewegung in der Senkrechten [&#8230;]\n","protected":false},"featured_media":39277,"template":"","meta":[],"product_brand":[],"product_cat":[21538],"product_tag":[],"class_list":{"0":"post-151438","1":"product","2":"type-product","3":"status-publish","4":"has-post-thumbnail","6":"product_cat-lehrbuecher","7":"pa_autor-hoffmann-dav","8":"pa_erscheinungsjahr-21568","9":"pa_region-klettertechnik","10":"pa_sprache-de","12":"first","13":"instock","14":"taxable","15":"shipping-taxable","16":"purchasable","17":"product-type-simple"},"_links":{"self":[{"href":"https:\/\/pizbube.ch\/en\/wp-json\/wp\/v2\/product\/151438","targetHints":{"allow":["GET"]}}],"collection":[{"href":"https:\/\/pizbube.ch\/en\/wp-json\/wp\/v2\/product"}],"about":[{"href":"https:\/\/pizbube.ch\/en\/wp-json\/wp\/v2\/types\/product"}],"wp:featuredmedia":[{"embeddable":true,"href":"https:\/\/pizbube.ch\/en\/wp-json\/wp\/v2\/media\/39277"}],"wp:attachment":[{"href":"https:\/\/pizbube.ch\/en\/wp-json\/wp\/v2\/media?parent=151438"}],"wp:term":[{"taxonomy":"product_brand","embeddable":true,"href":"https:\/\/pizbube.ch\/en\/wp-json\/wp\/v2\/product_brand?post=151438"},{"taxonomy":"product_cat","embeddable":true,"href":"https:\/\/pizbube.ch\/en\/wp-json\/wp\/v2\/product_cat?post=151438"},{"taxonomy":"product_tag","embeddable":true,"href":"https:\/\/pizbube.ch\/en\/wp-json\/wp\/v2\/product_tag?post=151438"}],"curies":[{"name":"wp","href":"https:\/\/api.w.org\/{rel}","templated":true}]}}